{"id":7559,"date":"2025-07-14T10:07:44","date_gmt":"2025-07-14T10:07:44","guid":{"rendered":"https:\/\/whitelip.com\/points-membership\/"},"modified":"2026-02-04T16:45:41","modified_gmt":"2026-02-04T16:45:41","slug":"points-adhesion","status":"publish","type":"page","link":"https:\/\/whitelip.com\/fr\/points-membership\/","title":{"rendered":"Points et adh\u00e9sion"},"content":{"rendered":"<div class=\"wp-block-group container\"><div class=\"wp-block-group__inner-container is-layout-constrained wp-block-group-is-layout-constrained\">\n<p><\/p>\n\n\n<section class=\"block--text\">\n    <div class=\"inner_blocks\">\n        \n\n<h1 class=\"wp-block-heading\">Points et adh\u00e9sion<\/h1>\n\n\n\n<p><strong>Points : Comment cela fonctionne-t-il ?<\/strong>!<\/p>\n\n\n\n<p>Il y a plusieurs fa\u00e7ons de gagner des points chez Whitelip.com, vous trouverez ci-dessous comment. Assurez-vous que vous <strong><a href=\"http:\/\/whitelip-tribuweb.local\/my-account\/\" target=\"_blank\" rel=\"noopener\">cr\u00e9er un compte<\/a><\/strong> ou <strong><a href=\"http:\/\/whitelip-tribuweb.local\/my-account\/\" target=\"_blank\" rel=\"noopener\">se connecter<\/a><\/strong> avant de passer une commande ou pour commencer \u00e0 recevoir des points !<\/p>\n\n\n\n<hr class=\"wp-block-separator has-alpha-channel-opacity is-style-wide\">\n\n\n\n<p>\ud83d\udcb8<strong>0,5 point<\/strong>&nbsp;par devise d\u00e9pens\u00e9e. Par exemple, d\u00e9pensez 100 EUR\/USD et recevez 50 points.<\/p>\n\n\n\n<p>\ud83d\udcb8<strong>1 point<\/strong>&nbsp;pour l'\u00e9valuation d'un produit. Vous pouvez \u00e9valuer plus de 500 produits sur Whitelip.com.<\/p>\n\n\n\n<p>\ud83d\udcb8<strong>5 points<\/strong>&nbsp;pour compl\u00e9ter votre profil.<\/p>\n\n\n\n<p>\ud83d\udcb8<strong>5 points<\/strong>&nbsp;pour votre premi\u00e8re commande.<\/p>\n\n\n\n<p>\ud83d\udcb8<strong>10 points<\/strong>&nbsp;pour s'\u00eatre connect\u00e9 quotidiennement.<\/p>\n\n\n\n<p>\ud83d\udcb8<strong>30 points<\/strong>&nbsp;apr\u00e8s avoir pass\u00e9 votre troisi\u00e8me commande.<\/p>\n\n\n\n<p>\ud83d\udcb8<strong>50 points<\/strong>&nbsp;apr\u00e8s avoir obtenu le statut d'or.<\/p>\n\n\n\n<p>\ud83d\udcb8<strong>100 points<\/strong>&nbsp;le jour de votre anniversaire. Ajoutez votre date d'anniversaire sous D\u00e9tails du compte.<\/p>\n\n\n\n<p>\ud83d\udcb8<strong>100<\/strong>&nbsp;<strong>points<\/strong>&nbsp;pour le parrainage d'un ami qui passe une commande.<\/p>\n\n\n\n<p>\ud83d\udcb8<strong>100 points<\/strong>&nbsp;apr\u00e8s avoir obtenu le statut de Noir.<\/p>\n\n\n\n<p>Apr\u00e8s avoir obtenu <strong>500 points<\/strong> vous obtiendrez le statut d'or.<br><\/p>\n\n\n\n<p>Apr\u00e8s avoir obtenu <strong>1000 points<\/strong>&nbsp;vous obtiendrez le statut de Noir.<br><\/p>\n\n\n\n<hr class=\"wp-block-separator has-alpha-channel-opacity is-style-wide\">\n\n\n\n<p><strong>Conversion des points<\/strong><\/p>\n\n\n\n<p><strong>10 points = 1 EUR\/USD<\/strong><\/p>\n\n\n\n<p>Consultez vos points ici : <a href=\"https:\/\/whitelip.com\/fr\/mon-compte\/\"><strong>Vos points<\/strong><\/a><\/p>\n\n\n\n<p>Vous pouvez utiliser vos points sur la page du panier ou \u00e0 la caisse. Vous pouvez \u00e9galement cr\u00e9er un coupon avec vos points <a href=\"https:\/\/whitelip.com\/fr\/mon-compte\/\">ici<\/a> limit\u00e9 \u00e0 votre compte.<\/p>\n\n\n\n<p><strong>Parrainer un ami<\/strong><\/p>\n\n\n\n<p>Vous pouvez recommander un ami avec votre lien statique trouv\u00e9 <a href=\"https:\/\/whitelip.com\/fr\/mon-compte\/\">ici<\/a> sous l'onglet \u201cObtenez des points\u201d. Vous pouvez inviter un nombre illimit\u00e9 d'amis et chaque parrainage donne droit \u00e0 100 points.<\/p>\n\n\n\n<hr class=\"wp-block-separator has-alpha-channel-opacity is-style-wide\">\n\n\n\n<div style=\"height:2rem\" aria-hidden=\"true\" class=\"wp-block-spacer\"><\/div>\n\n\n\r\n<div class=\"xoo-el-form-container xoo-el-form-inline\" data-active=\"login\">\r\n\r\n\t\r\n\t\r\n\t\r\n<div class=\"xoo-el-header\">\r\n\t<ul class=\"xoo-el-tabs\">\r\n\t\t\r\n        \t\t  <li data-tab=\"login\" class=\"xoo-el-login-tgr\" style=\"order: 0 \">Connexion<\/li>\r\n        \r\n\t\t \r\n\t\t\t<li data-tab=\"register\" class=\"xoo-el-reg-tgr\" style=\"order: 1\">S'inscrire<\/li>\r\n\t\t\r\n\t<\/ul>\r\n<\/div>\r\n\t\r\n\t\r\n\t\t\r\n\t\t\t\r\n\t\t<div data-section=\"login\" class=\"xoo-el-section\">\r\n\r\n\t\t\t<div class=\"xoo-el-fields\">\r\n\r\n\t\t\t\t<div class=\"xoo-el-notice\"><\/div>\r\n\t\t\t\t<form class=\"xoo-el-action-form xoo-el-form-login\" action=\"\">\r\n\r\n\t\t\t\t\t\r\n\t\t\t\t\t<div class=\"xoo-el-fields-cont\"><div class=\"xoo-aff-group xoo-aff-cont-text one xoo-aff-cont-required xoo-el-username_cont\"><div class=\"xoo-aff-input-group\"><span class=\"xoo-aff-input-icon fas fa-user-plus\"><\/span><input type=\"text\" class=\"xoo-aff-required xoo-aff-text xoo-aff-field\" name=\"xoo-el-username\" placeholder=\"Nom d&#039;utilisateur \/ E-mail\"  value=\"\" required=\"\t\" autocomplete=\"username\"\/><\/div><\/div><div class=\"xoo-aff-group xoo-aff-cont-password one xoo-aff-cont-required xoo-el-password_cont\"><div class=\"xoo-aff-input-group\"><span class=\"xoo-aff-input-icon fas fa-key\"><\/span><input type=\"password\" class=\"xoo-aff-required xoo-aff-password xoo-aff-field\" name=\"xoo-el-password\" placeholder=\"Mot de passe\"  value=\"\" required=\"\t\" autocomplete=\"current-password\"\/><div class=\"xoo-aff-pw-toggle\">\r\n\t\t\t\t\t<span class=\"xoo-aff-pwtog-show\"><i class=\"far fa-eye\"><\/i><\/span>\r\n\t\t\t\t\t<span class=\"xoo-aff-pwtog-hide\"><i class=\"far fa-eye-slash\"><\/i><\/span>\r\n\t\t\t\t\t<\/div><\/div><\/div><\/div>\r\n<div class=\"xoo-aff-group xoo-el-login-btm-fields\">\r\n\t<label class=\"xoo-el-form-label\">\r\n\t\t<input type=\"checkbox\" name=\"xoo-el-rememberme\" value=\"forever\" \/>\r\n\t\t<span>Se souvenir de moi<\/span>\r\n\t<\/label>\r\n\t<a class=\"xoo-el-lostpw-tgr\" rel=\"nofollow\" href=\"#\">Mot de passe oubli\u00e9\u00a0?<\/a>\r\n<\/div>\r\n\r\n\r\n<input type=\"hidden\" name=\"_xoo_el_form\" value=\"login\">\r\n\r\n<button type=\"submit\" class=\"button btn xoo-el-action-btn xoo-el-login-btn\" >Se connecter<\/button>\r\n\r\n<input type=\"hidden\" name=\"xoo_el_redirect\" value=\"\/fr\/wp-json\/wp\/v2\/pages\/7559\">\r\n\t\t\t\t\t\r\n\t\t\t\t<input type=\"hidden\" name=\"trp-form-language\" value=\"fr\"\/><\/form>\r\n\r\n\t\t\t\t\r\n\t\r\n\t\r\n\r\n\t\r\n\t\r\n\t\t\t<\/div>\r\n\r\n\t\t<\/div>\r\n\r\n\t\r\n\t\t\t\r\n\t\t<div data-section=\"register\" class=\"xoo-el-section\">\r\n\r\n\t\t\t<div class=\"xoo-el-fields\">\r\n\r\n\t\t\t\t<div class=\"xoo-el-notice\"><\/div>\r\n\t\t\t\t<form class=\"xoo-el-action-form xoo-el-form-register\" action=\"\">\r\n\r\n\t\t\t\t\t\r\n\t\t\t\t\t<div class=\"xoo-el-fields-cont\"><div class=\"xoo-aff-group xoo-aff-cont-email one xoo-aff-cont-required xoo_el_reg_email_cont\"><div class=\"xoo-aff-input-group\"><span class=\"xoo-aff-input-icon fas fa-at\"><\/span><input type=\"email\" class=\"xoo-aff-required xoo-aff-email xoo-aff-field\" name=\"xoo_el_reg_email\" placeholder=\"Courriel\"  value=\"\" required=\"\t\" autocomplete=\"email\"\/><\/div><\/div><div class=\"xoo-aff-group xoo-aff-cont-text onehalf xoo-aff-cont-required xoo_el_reg_fname_cont\"><div class=\"xoo-aff-input-group\"><span class=\"xoo-aff-input-icon far fa-user\"><\/span><input type=\"text\" class=\"xoo-aff-required xoo-aff-text xoo-aff-field\" name=\"xoo_el_reg_fname\" placeholder=\"Pr\u00e9nom\"  value=\"\" required=\"\t\"\/><\/div><\/div><div class=\"xoo-aff-group xoo-aff-cont-text onehalf xoo-aff-cont-required xoo_el_reg_lname_cont\"><div class=\"xoo-aff-input-group\"><span class=\"xoo-aff-input-icon far fa-user\"><\/span><input type=\"text\" class=\"xoo-aff-required xoo-aff-text xoo-aff-field\" name=\"xoo_el_reg_lname\" placeholder=\"Nom\"  value=\"\" required=\"\t\"\/><\/div><\/div><div class=\"xoo-aff-group xoo-aff-cont-password one xoo-aff-cont-required xoo_el_reg_pass_cont\"><div class=\"xoo-aff-input-group\"><span class=\"xoo-aff-input-icon fas fa-key\"><\/span><input type=\"password\" class=\"xoo-aff-required xoo-aff-password xoo-aff-field\" name=\"xoo_el_reg_pass\" placeholder=\"Mot de passe\"  value=\"\" maxlength=\"20\" minlength=\"6\" required=\"\t\" autocomplete=\"new-password\"\/><div class=\"xoo-aff-pw-toggle\">\r\n\t\t\t\t\t<span class=\"xoo-aff-pwtog-show\"><i class=\"far fa-eye\"><\/i><\/span>\r\n\t\t\t\t\t<span class=\"xoo-aff-pwtog-hide\"><i class=\"far fa-eye-slash\"><\/i><\/span>\r\n\t\t\t\t\t<\/div><\/div><\/div><div class=\"xoo-aff-group xoo-aff-cont-password one xoo-aff-cont-required xoo_el_reg_pass_again_cont\"><div class=\"xoo-aff-input-group\"><span class=\"xoo-aff-input-icon fas fa-key\"><\/span><input type=\"password\" class=\"xoo-aff-required xoo-aff-password xoo-aff-field\" name=\"xoo_el_reg_pass_again\" placeholder=\"Confirmer le mot de passe\"  value=\"\" required=\"\t\" autocomplete=\"new-password\"\/><div class=\"xoo-aff-pw-toggle\">\r\n\t\t\t\t\t<span class=\"xoo-aff-pwtog-show\"><i class=\"far fa-eye\"><\/i><\/span>\r\n\t\t\t\t\t<span class=\"xoo-aff-pwtog-hide\"><i class=\"far fa-eye-slash\"><\/i><\/span>\r\n\t\t\t\t\t<\/div><\/div><\/div><div class=\"xoo-aff-group xoo-aff-cont-checkbox_single one xoo-aff-cont-required xoo_el_reg_terms_cont\"><div class=\"xoo-aff-required xoo-aff-checkbox_single xoo-aff-field\"><label><input type=\"checkbox\" name=\"xoo_el_reg_terms\" class=\"xoo-aff-required xoo-aff-checkbox_single xoo-aff-field\" value=\"yes\" >J'accepte les <a href=\"\/fr\/conditions\/\" target=\"_blank\" rel=\"nofollow\"> Conditions de service et Politique de confidentialit\u00e9 <\/a><\/label><\/div><\/div><\/div>\r\n<input type=\"hidden\" name=\"_xoo_el_form\" value=\"register\">\r\n\r\n\r\n<button type=\"submit\" class=\"button btn xoo-el-action-btn xoo-el-register-btn\">S'inscrire<\/button>\r\n\r\n<input type=\"hidden\" name=\"xoo_el_redirect\" value=\"\/fr\/wp-json\/wp\/v2\/pages\/7559\">\r\n\t\t\t\t\t\r\n\t\t\t\t<input type=\"hidden\" name=\"trp-form-language\" value=\"fr\"\/><\/form>\r\n\r\n\t\t\t\t\r\n\t\r\n\t\r\n\r\n\t\r\n\t\r\n\t\t\t<\/div>\r\n\r\n\t\t<\/div>\r\n\r\n\t\r\n\t\t\t\r\n\t\t<div data-section=\"lostpw\" class=\"xoo-el-section\">\r\n\r\n\t\t\t<div class=\"xoo-el-fields\">\r\n\r\n\t\t\t\t<div class=\"xoo-el-notice\"><\/div>\r\n\t\t\t\t<form class=\"xoo-el-action-form xoo-el-form-lostpw\" action=\"\">\r\n\r\n\t\t\t\t\t\r\n\t\t\t\t\t\r\n\r\n<span class=\"xoo-el-form-txt\">Mot de passe perdu\u00a0? Veuillez saisir votre identifiant ou adresse e-mail. Vous recevrez un lien par e-mail pour cr\u00e9er un nouveau mot de passe.<\/span>\r\n\r\n<div class=\"xoo-el-fields-cont\"><div class=\"xoo-aff-group xoo-aff-cont-text one xoo-aff-cont-required user_login_cont\"><div class=\"xoo-aff-input-group\"><span class=\"xoo-aff-input-icon fas fa-user-plus\"><\/span><input type=\"text\" class=\"xoo-aff-required xoo-aff-text xoo-aff-field\" name=\"user_login\" placeholder=\"Nom d&#039;utilisateur \/ E-mail\"  value=\"\" required=\"\t\"\/><\/div><\/div><\/div>\r\n\r\n<input type=\"hidden\" name=\"_xoo_el_form\" value=\"lostPassword\">\r\n\r\n<input type=\"hidden\" name=\"_wp_http_referer\" value=\"\/fr\/wp-json\/wp\/v2\/pages\/7559\" \/>\r\n<button type=\"submit\" class=\"button btn xoo-el-action-btn xoo-el-lostpw-btn\">Envoyer le lien de r\u00e9initialisation<\/button>\r\n\t\t\t\t\t\r\n\t\t\t\t<input type=\"hidden\" name=\"trp-form-language\" value=\"fr\"\/><\/form>\r\n\r\n\t\t\t\t\r\n\t\r\n\t\r\n\r\n\t\r\n\t\r\n\t\t\t<\/div>\r\n\r\n\t\t<\/div>\r\n\r\n\t\r\n\t\r\n<\/div>\n\n\n    <\/div>\n<\/section>\n<\/div><\/div>","protected":false},"excerpt":{"rendered":"","protected":false},"author":8456,"featured_media":0,"parent":0,"menu_order":0,"comment_status":"open","ping_status":"open","template":"text.php","meta":{"_acf_changed":false,"footnotes":""},"class_list":["post-7559","page","type-page","status-publish","hentry"],"acf":[],"_links":{"self":[{"href":"https:\/\/whitelip.com\/fr\/wp-json\/wp\/v2\/pages\/7559","targetHints":{"allow":["GET"]}}],"collection":[{"href":"https:\/\/whitelip.com\/fr\/wp-json\/wp\/v2\/pages"}],"about":[{"href":"https:\/\/whitelip.com\/fr\/wp-json\/wp\/v2\/types\/page"}],"author":[{"embeddable":true,"href":"https:\/\/whitelip.com\/fr\/wp-json\/wp\/v2\/users\/8456"}],"replies":[{"embeddable":true,"href":"https:\/\/whitelip.com\/fr\/wp-json\/wp\/v2\/comments?post=7559"}],"version-history":[{"count":0,"href":"https:\/\/whitelip.com\/fr\/wp-json\/wp\/v2\/pages\/7559\/revisions"}],"wp:attachment":[{"href":"https:\/\/whitelip.com\/fr\/wp-json\/wp\/v2\/media?parent=7559"}],"curies":[{"name":"wp","href":"https:\/\/api.w.org\/{rel}","templated":true}]}}