{"id":9927,"date":"2025-03-05T13:43:29","date_gmt":"2025-03-05T13:43:29","guid":{"rendered":"https:\/\/whitelip.com\/zyn-spearmint-6-5mg\/"},"modified":"2026-04-22T10:11:36","modified_gmt":"2026-04-22T10:11:36","slug":"zyn-spearmint-6-5mg","status":"publish","type":"product","link":"https:\/\/whitelip.com\/es\/zyn\/zyn-spearmint-6-5mg\/","title":{"rendered":"ZYN Menta verde 6,5 mg"},"content":{"rendered":"<h2><strong>ZYN Menta verde 6,5 mg<\/strong><\/h2>\n<p><span style=\"font-weight: 400;\">ZYN Spearmint 6.5mg ofrece una experiencia de nicotina refrescante y vigorizante con su mezcla de sabores de menta verde y menta. Cada bolsita blanca y delgada contiene 6,5 mg de nicotina, proporcionando una liberaci\u00f3n fuerte pero constante, ideal para aquellos que buscan una patada potente.<\/span><\/p>\n<p><span style=\"font-weight: 400;\">El formato delgado asegura un ajuste discreto y c\u00f3modo bajo el labio, permitiendo un uso limpio y sin manchas en cualquier momento. Elaborado \u00edntegramente con materiales vegetales de alta calidad, ZYN Spearmint 6,5mg ofrece una alternativa de nicotina moderna y agradable con un sabor vibrante y refrescante.<\/span><\/p>\n<table>\n<tbody>\n<tr>\n<td><b>Atributo<\/b><\/td>\n<td><b>Detalles<\/b><\/td>\n<\/tr>\n<tr>\n<td><span style=\"font-weight: 400;\">Marca<\/span><\/td>\n<td><span style=\"font-weight: 400;\">ZYN<\/span><\/td>\n<\/tr>\n<tr>\n<td><span style=\"font-weight: 400;\">Tipo de producto<\/span><\/td>\n<td><span style=\"font-weight: 400;\">Todas las bolsas de nicotina blancas<\/span><\/td>\n<\/tr>\n<tr>\n<td><span style=\"font-weight: 400;\">Formato<\/span><\/td>\n<td><span style=\"font-weight: 400;\">Delgado<\/span><\/td>\n<\/tr>\n<tr>\n<td><span style=\"font-weight: 400;\">Sabor<\/span><\/td>\n<td><span style=\"font-weight: 400;\">Hierbabuena y Menta Piperita<\/span><\/td>\n<\/tr>\n<tr>\n<td><span style=\"font-weight: 400;\">Potencia de nicotina<\/span><\/td>\n<td><span style=\"font-weight: 400;\">6.5 mg por pouch<\/span><\/td>\n<\/tr>\n<tr>\n<td><span style=\"font-weight: 400;\">Peso de la raci\u00f3n<\/span><\/td>\n<td><span style=\"font-weight: 400;\">0,7 gramos<\/span><\/td>\n<\/tr>\n<tr>\n<td><span style=\"font-weight: 400;\">N\u00famero de porciones<\/span><\/td>\n<td><span style=\"font-weight: 400;\">21 por lata<\/span><\/td>\n<\/tr>\n<tr>\n<td><span style=\"font-weight: 400;\">Peso total de la lata<\/span><\/td>\n<td><span style=\"font-weight: 400;\">14,7 gramos<\/span><\/td>\n<\/tr>\n<tr>\n<td><span style=\"font-weight: 400;\">Fabricante<\/span><\/td>\n<td><span style=\"font-weight: 400;\">Cerilla sueca<\/span><\/td>\n<\/tr>\n<tr>\n<td><span style=\"font-weight: 400;\">Caracter\u00edsticas notables<\/span><\/td>\n<td><span style=\"font-weight: 400;\">Libre de tabaco, formato delgado, sabor a menta refrescante<\/span><\/td>\n<\/tr>\n<\/tbody>\n<\/table>","protected":false},"excerpt":{"rendered":"<p><strong>\u00a1Nuevo dise\u00f1o! Durante la transici\u00f3n, se podr\u00e1n vender ambos dise\u00f1os.<\/strong><\/p>\n<p>ZYN <strong data-start=\"4\" data-end=\"17\">Menta verde<\/strong> <strong data-start=\"18\" data-end=\"26\">delgado<\/strong> mezcla menta verde y menta piperita para un perfil refrescante y vigorizante. Las bolsitas blancas son discretas y c\u00f3modas. Cada bolsita contiene <strong data-start=\"171\" data-end=\"190\">6,5 mg de nicotina<\/strong> para una liberaci\u00f3n fuerte y constante.<\/p>","protected":false},"featured_media":9928,"comment_status":"open","ping_status":"closed","template":"","format":[206],"meta":{"_acf_changed":false},"product_brand":[],"product_cat":[37],"product_tag":[16638],"flavours":[199],"nicotine":[231,236],"class_list":{"0":"post-9927","1":"product","2":"type-product","3":"status-publish","4":"has-post-thumbnail","6":"product_cat-zyn","7":"product_tag-6-5-mg-pouch","8":"pa_quantity-1-pack","9":"pa_quantity-10-pack","10":"pa_quantity-3-pack","11":"pa_quantity-30-pack","12":"pa_quantity-5-pack","13":"pa_quantity-60-pack","14":"flavours-mint","15":"format-slim","16":"nicotine-9-mg-g","17":"nicotine-strong","19":"first","20":"instock","21":"taxable","22":"shipping-taxable","23":"purchasable","24":"product-type-variable","25":"has-default-attributes"},"acf":[],"_links":{"self":[{"href":"https:\/\/whitelip.com\/es\/wp-json\/wp\/v2\/product\/9927","targetHints":{"allow":["GET"]}}],"collection":[{"href":"https:\/\/whitelip.com\/es\/wp-json\/wp\/v2\/product"}],"about":[{"href":"https:\/\/whitelip.com\/es\/wp-json\/wp\/v2\/types\/product"}],"replies":[{"embeddable":true,"href":"https:\/\/whitelip.com\/es\/wp-json\/wp\/v2\/comments?post=9927"}],"wp:featuredmedia":[{"embeddable":true,"href":"https:\/\/whitelip.com\/es\/wp-json\/wp\/v2\/media\/9928"}],"wp:attachment":[{"href":"https:\/\/whitelip.com\/es\/wp-json\/wp\/v2\/media?parent=9927"}],"wp:term":[{"taxonomy":"product_brand","embeddable":true,"href":"https:\/\/whitelip.com\/es\/wp-json\/wp\/v2\/product_brand?post=9927"},{"taxonomy":"product_cat","embeddable":true,"href":"https:\/\/whitelip.com\/es\/wp-json\/wp\/v2\/product_cat?post=9927"},{"taxonomy":"product_tag","embeddable":true,"href":"https:\/\/whitelip.com\/es\/wp-json\/wp\/v2\/product_tag?post=9927"},{"taxonomy":"flavours","embeddable":true,"href":"https:\/\/whitelip.com\/es\/wp-json\/wp\/v2\/flavours?post=9927"},{"taxonomy":"format","embeddable":true,"href":"https:\/\/whitelip.com\/es\/wp-json\/wp\/v2\/format?post=9927"},{"taxonomy":"nicotine","embeddable":true,"href":"https:\/\/whitelip.com\/es\/wp-json\/wp\/v2\/nicotine?post=9927"}],"curies":[{"name":"wp","href":"https:\/\/api.w.org\/{rel}","templated":true}]}}