{"id":9921,"date":"2025-02-25T11:34:22","date_gmt":"2025-02-25T11:34:22","guid":{"rendered":"https:\/\/whitelip.com\/zxs-black-cherry-jumbo-can\/"},"modified":"2026-04-27T10:10:33","modified_gmt":"2026-04-27T10:10:33","slug":"zxs-black-cherry-jumbo-can","status":"publish","type":"product","link":"https:\/\/whitelip.com\/es\/jumbo-can\/zxs-black-cherry-jumbo-can\/","title":{"rendered":"Z!XS Lata Jumbo Cereza Negra"},"content":{"rendered":"<h2><strong>Z!XS Lata Jumbo Cereza Negra<\/strong><\/h2>\n<p><span style=\"font-weight: 400;\">Z!XS Lata Jumbo Cereza Negra ofrece un <strong>dulce sabor a cereza negra<\/strong><\/span><span style=\"font-weight: 400;\"> combinado con un fuerte subid\u00f3n de nicotina, lo que lo convierte en una elecci\u00f3n audaz para usuarios experimentados. La sensaci\u00f3n aguda y refrescante de la cereza proporciona una experiencia limpia y vigorizante, mientras que el alto contenido de nicotina asegura un <\/span><b>liberaci\u00f3n potente y duradera<\/b><span style=\"font-weight: 400;\">. Cada bolsa blanca contiene <\/span><b>8 mg de nicotina<\/b><span style=\"font-weight: 400;\">, ofreciendo una opci\u00f3n extrafuerte para quienes buscan la m\u00e1xima resistencia.<\/span><\/p>\n<p><span style=\"font-weight: 400;\">Envasado en un pr\u00e1ctico <\/span><b>lata jumbo<\/b><span style=\"font-weight: 400;\"> Con m\u00e1s porciones, este producto es ideal para los grandes consumidores o para quienes desean una disponibilidad prolongada. Su formato fino garantiza un ajuste c\u00f3modo y discreto bajo el labio, mientras que su composici\u00f3n sin tabaco proporciona una alternativa moderna y sin manchas a los productos tradicionales. Z!XS Black Cherry combina una fuerza extrema con un refrescante efecto de enfriamiento para una experiencia de nicotina sin igual.<\/span><\/p>\n<table>\n<tbody>\n<tr>\n<td><b>Atributo<\/b><\/td>\n<td><b>Detalles<\/b><\/td>\n<\/tr>\n<tr>\n<td><b>Marca<\/b><\/td>\n<td><span style=\"font-weight: 400;\">Z!XS<\/span><\/td>\n<\/tr>\n<tr>\n<td><b>Tipo de producto<\/b><\/td>\n<td><span style=\"font-weight: 400;\">Todas las bolsas de nicotina blancas<\/span><\/td>\n<\/tr>\n<tr>\n<td><b>Formato<\/b><\/td>\n<td><span style=\"font-weight: 400;\">Delgado<\/span><\/td>\n<\/tr>\n<tr>\n<td><b>Sabor<\/b><\/td>\n<td><span style=\"font-weight: 400;\">Cerezo negro<\/span><\/td>\n<\/tr>\n<tr>\n<td><b>Potencia de nicotina<\/b><\/td>\n<td><span style=\"font-weight: 400;\">8 mg por pouch<\/span><\/td>\n<\/tr>\n<tr>\n<td><b>Peso de la raci\u00f3n<\/b><\/td>\n<td><span style=\"font-weight: 400;\">0,5 gramos<\/span><\/td>\n<\/tr>\n<tr>\n<td><b>N\u00famero de porciones<\/b><\/td>\n<td><span style=\"font-weight: 400;\">320 por lata (lata gigante)<\/span><\/td>\n<\/tr>\n<tr>\n<td><b>Peso total de la lata<\/b><\/td>\n<td><span style=\"font-weight: 400;\">160 gramos<\/span><\/td>\n<\/tr>\n<tr>\n<td><b>Fabricante<\/b><\/td>\n<td><span style=\"font-weight: 400;\">Z!XS International<\/span><\/td>\n<\/tr>\n<tr>\n<td><b>Caracter\u00edsticas notables<\/b><\/td>\n<td><span style=\"font-weight: 400;\">Sin tabaco, formato slim, sabor de menta helada extra fuerte, lata jumbo con 66 porciones<\/span><\/td>\n<\/tr>\n<\/tbody>\n<\/table>","protected":false},"excerpt":{"rendered":"<p>Z!XS <strong data-start=\"5\" data-end=\"21\">Cerezo negro<\/strong> <strong data-start=\"22\" data-end=\"38\">Extra Fuerte<\/strong> ofrece cereza negra dulce con un final limpio y vigorizante. El <strong data-start=\"106\" data-end=\"119\">todo blanco<\/strong> son discretas y c\u00f3modas. Cada bolsa contiene <strong data-start=\"178\" data-end=\"195\">8 mg de nicotina<\/strong>, proporcionando una liberaci\u00f3n potente y duradera. La lata jumbo incluye aproximadamente <strong>320 Delgado<\/strong> que proporcionan un volumen significativamente mayor que los formatos de lata est\u00e1ndar.<\/p>","protected":false},"featured_media":9922,"comment_status":"open","ping_status":"closed","template":"","format":[206],"meta":{"_acf_changed":false},"product_brand":[],"product_cat":[92,39],"product_tag":[16583],"flavours":[196],"nicotine":[213,232],"class_list":{"0":"post-9921","1":"product","2":"type-product","3":"status-publish","4":"has-post-thumbnail","6":"product_cat-jumbo-can","7":"product_cat-zxs","8":"product_tag-8-mg-pouch","9":"pa_quantity-1-pack","10":"pa_quantity-10-pack","11":"pa_quantity-2-pack","12":"pa_quantity-3-pack","13":"pa_quantity-30-pack","14":"pa_quantity-5-pack","15":"pa_quantity-60-pack","16":"flavours-fruits-berries","17":"format-slim","18":"nicotine-16-mg-g","19":"nicotine-extra-strong","21":"first","22":"instock","23":"taxable","24":"shipping-taxable","25":"purchasable","26":"product-type-variable"},"acf":[],"_links":{"self":[{"href":"https:\/\/whitelip.com\/es\/wp-json\/wp\/v2\/product\/9921","targetHints":{"allow":["GET"]}}],"collection":[{"href":"https:\/\/whitelip.com\/es\/wp-json\/wp\/v2\/product"}],"about":[{"href":"https:\/\/whitelip.com\/es\/wp-json\/wp\/v2\/types\/product"}],"replies":[{"embeddable":true,"href":"https:\/\/whitelip.com\/es\/wp-json\/wp\/v2\/comments?post=9921"}],"wp:featuredmedia":[{"embeddable":true,"href":"https:\/\/whitelip.com\/es\/wp-json\/wp\/v2\/media\/9922"}],"wp:attachment":[{"href":"https:\/\/whitelip.com\/es\/wp-json\/wp\/v2\/media?parent=9921"}],"wp:term":[{"taxonomy":"product_brand","embeddable":true,"href":"https:\/\/whitelip.com\/es\/wp-json\/wp\/v2\/product_brand?post=9921"},{"taxonomy":"product_cat","embeddable":true,"href":"https:\/\/whitelip.com\/es\/wp-json\/wp\/v2\/product_cat?post=9921"},{"taxonomy":"product_tag","embeddable":true,"href":"https:\/\/whitelip.com\/es\/wp-json\/wp\/v2\/product_tag?post=9921"},{"taxonomy":"flavours","embeddable":true,"href":"https:\/\/whitelip.com\/es\/wp-json\/wp\/v2\/flavours?post=9921"},{"taxonomy":"format","embeddable":true,"href":"https:\/\/whitelip.com\/es\/wp-json\/wp\/v2\/format?post=9921"},{"taxonomy":"nicotine","embeddable":true,"href":"https:\/\/whitelip.com\/es\/wp-json\/wp\/v2\/nicotine?post=9921"}],"curies":[{"name":"wp","href":"https:\/\/api.w.org\/{rel}","templated":true}]}}