{"id":9911,"date":"2025-02-20T13:47:21","date_gmt":"2025-02-20T13:47:21","guid":{"rendered":"https:\/\/whitelip.com\/frokens-energy\/"},"modified":"2026-04-09T22:33:34","modified_gmt":"2026-04-09T22:33:34","slug":"frokens-energy","status":"publish","type":"product","link":"https:\/\/whitelip.com\/es\/frokens\/frokens-energy\/","title":{"rendered":"FR\u00d6KENS Energ\u00eda Fecha de expiraci\u00f3n: 2024-12-04"},"content":{"rendered":"<h2><strong>FR\u00d6KENS Energ\u00eda<\/strong><\/h2>\n<p><strong>Producto caducado - Fecha de caducidad: 2024-12-04<\/strong><\/p>\n<p><span style=\"font-weight: 400;\">Las bolsitas de nicotina Energy de FR\u00d6KENS ofrecen un refrescante sabor a bebida energ\u00e9tica con una sensaci\u00f3n estimulante, ideal para los entusiastas de las bebidas energ\u00e9ticas que buscan un sabor dulce. Cada bolsita blanca y fina contiene 6 mg de nicotina, ofreciendo una potencia moderada adecuada tanto para usuarios nuevos como experimentados. Su discreto dise\u00f1o permite su uso en cualquier momento y lugar, sin manchar los dientes. Fabricadas por Smitify Limited, estas bolsitas sin tabaco garantizan un satisfactorio sabor a bebida energ\u00e9tica.<\/span><\/p>\n<p><b>Especificaciones<\/b><\/p>\n<table>\n<tbody>\n<tr>\n<td><b>Atributo<\/b><\/td>\n<td><b>Detalles<\/b><\/td>\n<\/tr>\n<tr>\n<td><b>Contenido por lata<\/b><\/td>\n<td><span style=\"font-weight: 400;\">11g (20 bolsitas)<\/span><\/td>\n<\/tr>\n<tr>\n<td><b>Contenido de nicotina<\/b><\/td>\n<td><span style=\"font-weight: 400;\">6 mg\/g (3 mg por pouch)<\/span><\/td>\n<\/tr>\n<tr>\n<td><b>Formato bolsa<\/b><\/td>\n<td><span style=\"font-weight: 400;\">Delgado<\/span><\/td>\n<\/tr>\n<tr>\n<td><b>Productor<\/b><\/td>\n<td><span style=\"font-weight: 400;\">Smitify Limited<\/span><\/td>\n<\/tr>\n<tr>\n<td><b>Sabor<\/b><\/td>\n<td><span style=\"font-weight: 400;\">Bebida energ\u00e9tica<\/span><\/td>\n<\/tr>\n<tr>\n<td><b>Tipo<\/b><\/td>\n<td><span style=\"font-weight: 400;\">Bolsa blanca<\/span><\/td>\n<\/tr>\n<\/tbody>\n<\/table>","protected":false},"excerpt":{"rendered":"<p><strong>Producto caducado - Fecha de caducidad: 2024-12-04<\/strong><\/p>\n<p><span style=\"font-weight: 400;\">Las bolsitas de nicotina Energy de FR\u00d6KENS ofrecen un refrescante sabor a bebida energ\u00e9tica con una sensaci\u00f3n estimulante, ideal para los entusiastas de las bebidas energ\u00e9ticas que buscan un sabor dulce. Cada bolsita blanca y fina contiene 6 mg de nicotina, ofreciendo una potencia moderada adecuada tanto para usuarios nuevos como experimentados. Su discreto dise\u00f1o permite su uso en cualquier momento y lugar, sin manchar los dientes. Fabricadas por Smitify Limited, estas bolsitas sin tabaco garantizan un satisfactorio sabor a bebida energ\u00e9tica.<\/span><\/p>","protected":false},"featured_media":3285,"comment_status":"open","ping_status":"closed","template":"","format":[206],"meta":{"_acf_changed":false},"product_brand":[],"product_cat":[100],"product_tag":[16579],"flavours":[196],"nicotine":[228,235],"class_list":{"0":"post-9911","1":"product","2":"type-product","3":"status-publish","4":"has-post-thumbnail","6":"product_cat-frokens","7":"product_tag-3-mg-pouch","8":"pa_quantity-30-pack","9":"pa_quantity-60-pack","10":"flavours-fruits-berries","11":"format-slim","12":"nicotine-6-mg-g","13":"nicotine-normal","15":"first","16":"instock","17":"taxable","18":"shipping-taxable","19":"purchasable","20":"product-type-variable"},"acf":[],"_links":{"self":[{"href":"https:\/\/whitelip.com\/es\/wp-json\/wp\/v2\/product\/9911","targetHints":{"allow":["GET"]}}],"collection":[{"href":"https:\/\/whitelip.com\/es\/wp-json\/wp\/v2\/product"}],"about":[{"href":"https:\/\/whitelip.com\/es\/wp-json\/wp\/v2\/types\/product"}],"replies":[{"embeddable":true,"href":"https:\/\/whitelip.com\/es\/wp-json\/wp\/v2\/comments?post=9911"}],"wp:featuredmedia":[{"embeddable":true,"href":"https:\/\/whitelip.com\/es\/wp-json\/wp\/v2\/media\/3285"}],"wp:attachment":[{"href":"https:\/\/whitelip.com\/es\/wp-json\/wp\/v2\/media?parent=9911"}],"wp:term":[{"taxonomy":"product_brand","embeddable":true,"href":"https:\/\/whitelip.com\/es\/wp-json\/wp\/v2\/product_brand?post=9911"},{"taxonomy":"product_cat","embeddable":true,"href":"https:\/\/whitelip.com\/es\/wp-json\/wp\/v2\/product_cat?post=9911"},{"taxonomy":"product_tag","embeddable":true,"href":"https:\/\/whitelip.com\/es\/wp-json\/wp\/v2\/product_tag?post=9911"},{"taxonomy":"flavours","embeddable":true,"href":"https:\/\/whitelip.com\/es\/wp-json\/wp\/v2\/flavours?post=9911"},{"taxonomy":"format","embeddable":true,"href":"https:\/\/whitelip.com\/es\/wp-json\/wp\/v2\/format?post=9911"},{"taxonomy":"nicotine","embeddable":true,"href":"https:\/\/whitelip.com\/es\/wp-json\/wp\/v2\/nicotine?post=9911"}],"curies":[{"name":"wp","href":"https:\/\/api.w.org\/{rel}","templated":true}]}}