{"id":97942,"date":"2026-05-11T13:47:58","date_gmt":"2026-05-11T13:47:58","guid":{"rendered":"https:\/\/whitelip.com\/?post_type=product&#038;p=97942"},"modified":"2026-05-16T10:11:08","modified_gmt":"2026-05-16T10:11:08","slug":"apres-raspberry-licorice-zero-nicotine-free","status":"publish","type":"product","link":"https:\/\/whitelip.com\/es\/uncategorized\/apres-raspberry-licorice-zero-nicotine-free\/","title":{"rendered":"Apr\u00e8s Raspberry Licorice Zero Sin Nicotina"},"content":{"rendered":"<h1 data-section-id=\"ap1rl2\" data-start=\"1\" data-end=\"50\"><strong>Apr\u00e8s Raspberry Licorice Zero Sin Nicotina<\/strong><\/h1>\n<p data-section-id=\"ap3rl4\" data-start=\"52\" data-end=\"350\">Apr\u00e8s Raspberry Licorice Zero es un snus blanco sin nicotina y sin tabaco en formato slim con una combinaci\u00f3n de sabor atrevida y distintiva de frambuesa y regaliz, producido por Apr\u00e8s Nicotine AB en Suecia. Completamente libre de nicotina, tabaco y cafe\u00edna, este producto ofrece una experiencia de sabor \u00fanica y aventurera para quienes desean disfrutar del formato de bolsitas sin estimulantes. Fundada en 2020, Apr\u00e8s elabora sus bolsitas utilizando materiales de origen vegetal tanto en las porciones como en el embalaje.<\/p>\n<h2 data-section-id=\"ap5rl6\" data-start=\"352\" data-end=\"370\">Sabor y formato<\/h2>\n<p data-section-id=\"ap7rl8\" data-start=\"372\" data-end=\"570\">Apr\u00e8s Raspberry Licorice Zero ofrece una combinaci\u00f3n intrigante y bien equilibrada de frambuesa dulce y regaliz profundo y terroso. La dulzura afrutada de la frambuesa complementa el car\u00e1cter distintivo y ligeramente amargo del regaliz, creando un perfil de sabor que es a la vez atrevido y sorprendentemente armonioso. Sin nicotina ni cafe\u00edna, esta es una excelente opci\u00f3n para quienes desean algo genuinamente diferente y sabroso sin estimulantes.<\/p>\n<h2 data-section-id=\"ap9rl0\" data-start=\"572\" data-end=\"590\">Formato de bolsa<\/h2>\n<p data-section-id=\"ap2rl5\" data-start=\"592\" data-end=\"780\">Apr\u00e8s Raspberry Licorice Zero viene en formato slim. Cada lata contiene 20 bolsitas, todas completamente libres de nicotina, tabaco, cafe\u00edna y humo. La bolsita slim se coloca discreta y c\u00f3modamente bajo el labio, proporcionando una liberaci\u00f3n uniforme del sabor en un formato pr\u00e1ctico y discreto adecuado para usar en cualquier momento y lugar.<\/p>\n<h2 data-section-id=\"ap4rl7\" data-start=\"782\" data-end=\"796\">Acerca de Apr\u00e8s<\/h2>\n<p data-section-id=\"ap6rl9\" data-start=\"798\" data-end=\"1050\">Apr\u00e8s was founded in 2020 in Sweden and is produced by Apr\u00e8s Nicotine AB. The range includes both nicotine-free and nicotine-containing products across a variety of flavours, strengths and formats, all made with plant-based materials. Apr\u00e8s Raspberry Licorice Zero is a prime example of Apr\u00e8s&#8217; ambition to offer creative and distinctive flavour profiles in a clean, nicotine-free format.<\/p>\n<table style=\"height: 235px;\" width=\"383\">\n<tbody>\n<tr>\n<td><b>Atributo<\/b><\/td>\n<td><b>Detalles<\/b><\/td>\n<\/tr>\n<tr>\n<td><b>Marca<\/b><\/td>\n<td><em><strong>Apr\u00e8s<\/strong><\/em><\/td>\n<\/tr>\n<tr>\n<td><b>Formato de bolsa<\/b><\/td>\n<td><em><strong>Delgado<\/strong><\/em><\/td>\n<\/tr>\n<tr>\n<td><b>Intensidad<\/b><\/td>\n<td><em><strong>Sin nicotina<\/strong><\/em><\/td>\n<\/tr>\n<tr>\n<td><b>Productor<\/b><\/td>\n<td><em><strong>Apr\u00e8s Nicotine AB<\/strong><\/em><\/td>\n<\/tr>\n<tr>\n<td><b>Sabor<\/b><\/td>\n<td><span style=\"font-weight: 400;\">Raspberry, licorice<\/span><\/td>\n<\/tr>\n<tr>\n<td><b>Contenido de nicotina<\/b><\/td>\n<td><b><span style=\"font-weight: 400;\">0mg (sin nicotina)<\/span><\/b><\/td>\n<\/tr>\n<tr>\n<td><b>Contenido por lata<\/b><\/td>\n<td><span style=\"font-weight: 400;\">20 bolsas<\/span><\/td>\n<\/tr>\n<tr>\n<td><b>Categor\u00eda<\/b><\/td>\n<td><em><strong>Sin nicotina<\/strong><\/em><\/td>\n<\/tr>\n<tr>\n<td><b>Tipo<\/b><\/td>\n<td><b><span style=\"font-weight: 400;\">Bolsa blanca, Sin tabaco<\/span><\/b><\/td>\n<\/tr>\n<\/tbody>\n<\/table>\n<p>&nbsp;<\/p>","protected":false},"excerpt":{"rendered":"<p>Apr\u00e8s Raspberry Licorice Zero es un snus blanco sin nicotina, sin tabaco y sin cafe\u00edna en formato slim con una combinaci\u00f3n atrevida y distintiva de frambuesa y regaliz. Un sabor \u00fanico para quienes desean la experiencia de bolsitas sin estimulantes. 20 bolsitas por lata, producido por Apr\u00e8s Nicotine AB en Suecia.<\/p>","protected":false},"featured_media":97949,"comment_status":"open","ping_status":"closed","template":"","format":[206],"meta":{"_acf_changed":false},"product_brand":[],"product_cat":[15],"product_tag":[],"flavours":[196,198],"nicotine":[],"class_list":{"0":"post-97942","1":"product","2":"type-product","3":"status-publish","4":"has-post-thumbnail","6":"product_cat-uncategorized","7":"pa_quantity-1-pack","8":"pa_quantity-10-pack","9":"pa_quantity-3-pack","10":"pa_quantity-30-pack","11":"pa_quantity-5-pack","12":"pa_quantity-60-pack","13":"flavours-fruits-berries","14":"flavours-licorice","15":"format-slim","17":"first","18":"instock","19":"taxable","20":"shipping-taxable","21":"purchasable","22":"product-type-variable"},"acf":[],"_links":{"self":[{"href":"https:\/\/whitelip.com\/es\/wp-json\/wp\/v2\/product\/97942","targetHints":{"allow":["GET"]}}],"collection":[{"href":"https:\/\/whitelip.com\/es\/wp-json\/wp\/v2\/product"}],"about":[{"href":"https:\/\/whitelip.com\/es\/wp-json\/wp\/v2\/types\/product"}],"replies":[{"embeddable":true,"href":"https:\/\/whitelip.com\/es\/wp-json\/wp\/v2\/comments?post=97942"}],"wp:featuredmedia":[{"embeddable":true,"href":"https:\/\/whitelip.com\/es\/wp-json\/wp\/v2\/media\/97949"}],"wp:attachment":[{"href":"https:\/\/whitelip.com\/es\/wp-json\/wp\/v2\/media?parent=97942"}],"wp:term":[{"taxonomy":"product_brand","embeddable":true,"href":"https:\/\/whitelip.com\/es\/wp-json\/wp\/v2\/product_brand?post=97942"},{"taxonomy":"product_cat","embeddable":true,"href":"https:\/\/whitelip.com\/es\/wp-json\/wp\/v2\/product_cat?post=97942"},{"taxonomy":"product_tag","embeddable":true,"href":"https:\/\/whitelip.com\/es\/wp-json\/wp\/v2\/product_tag?post=97942"},{"taxonomy":"flavours","embeddable":true,"href":"https:\/\/whitelip.com\/es\/wp-json\/wp\/v2\/flavours?post=97942"},{"taxonomy":"format","embeddable":true,"href":"https:\/\/whitelip.com\/es\/wp-json\/wp\/v2\/format?post=97942"},{"taxonomy":"nicotine","embeddable":true,"href":"https:\/\/whitelip.com\/es\/wp-json\/wp\/v2\/nicotine?post=97942"}],"curies":[{"name":"wp","href":"https:\/\/api.w.org\/{rel}","templated":true}]}}