{"id":97917,"date":"2026-05-11T13:35:14","date_gmt":"2026-05-11T13:35:14","guid":{"rendered":"https:\/\/whitelip.com\/?post_type=product&#038;p=97917"},"modified":"2026-05-11T13:39:27","modified_gmt":"2026-05-11T13:39:27","slug":"apres-blueberry-zero-nicotine-free","status":"publish","type":"product","link":"https:\/\/whitelip.com\/es\/uncategorized\/apres-blueberry-zero-nicotine-free\/","title":{"rendered":"Apr\u00e8s Blueberry Zero Sin Nicotina"},"content":{"rendered":"<h1 data-section-id=\"ap1bz2\" data-start=\"1\" data-end=\"50\"><strong>Apr\u00e8s Blueberry Zero Sin Nicotina<\/strong><\/h1>\n<p data-section-id=\"ap3bz4\" data-start=\"52\" data-end=\"350\">Apr\u00e8s Blueberry Zero es un snus blanco sin nicotina y sin tabaco en formato slim con un sabor fresco y afrutado a ar\u00e1ndano y frutos del bosque, producido por Apr\u00e8s Nicotine AB en Suecia. Completamente libre de nicotina, tabaco y cafe\u00edna, este producto es la opci\u00f3n perfecta para aquellos que desean disfrutar de la experiencia de bolsas sin ninguna nicotina ni estimulantes. Lanzado en 2020, Apr\u00e8s ha construido una reputaci\u00f3n de productos de calidad sin tabaco en una variedad de sabores y formatos.<\/p>\n<h2 data-section-id=\"ap5bz6\" data-start=\"352\" data-end=\"370\">Sabor y formato<\/h2>\n<p data-section-id=\"ap7bz8\" data-start=\"372\" data-end=\"570\">Apr\u00e8s Blueberry Zero ofrece un sabor dulce y natural a ar\u00e1ndano con sutiles notas de frutos del bosque que se sienten frescos y agradables durante todo el uso. El sabor es limpio y bien equilibrado sin depender de la nicotina o cafe\u00edna para el efecto, lo que lo convierte en una gran opci\u00f3n para aquellos que reducen el consumo de nicotina, se mantienen completamente libres de nicotina o simplemente disfrutan de una bolsa afrutada en cualquier momento del d\u00eda. El formato slim garantiza un ajuste discreto y c\u00f3modo bajo el labio de principio a fin.<\/p>\n<h2 data-section-id=\"ap9bz0\" data-start=\"572\" data-end=\"590\">Formato de bolsa<\/h2>\n<p data-section-id=\"ap2bz5\" data-start=\"592\" data-end=\"780\">Apr\u00e8s Blueberry Zero viene en formato slim. Cada lata contiene 20 bolsas, todas completamente libres de nicotina, tabaco, cafe\u00edna y humo. La bolsa slim se ajusta discretamente y c\u00f3modamente bajo el labio, proporcionando una liberaci\u00f3n uniforme del sabor en un formato pr\u00e1ctico y discreto adecuado para usar en cualquier momento y lugar.<\/p>\n<h2 data-section-id=\"ap4bz7\" data-start=\"782\" data-end=\"796\">Acerca de Apr\u00e8s<\/h2>\n<p data-section-id=\"ap6bz9\" data-start=\"798\" data-end=\"1050\">Apr\u00e8s was established in 2020 and is produced by Apr\u00e8s Nicotine AB in Sweden. The range includes nicotine-free alternatives as well as products in various flavours, strengths and formats &#8211; all made with plant-based materials. No.12 Blueberry Zero is a prime example of Apr\u00e8s&#8217; commitment to offering clean, modern and accessible pouch options for every type of user.<\/p>\n<table style=\"height: 235px;\" width=\"383\">\n<tbody>\n<tr>\n<td><b>Atributo<\/b><\/td>\n<td><b>Detalles<\/b><\/td>\n<\/tr>\n<tr>\n<td><b>Marca<\/b><\/td>\n<td><em><strong>Apr\u00e8s<\/strong><\/em><\/td>\n<\/tr>\n<tr>\n<td><b>Formato de bolsa<\/b><\/td>\n<td><em><strong>Delgado<\/strong><\/em><\/td>\n<\/tr>\n<tr>\n<td><b>Intensidad<\/b><\/td>\n<td><em><strong>Sin nicotina<\/strong><\/em><\/td>\n<\/tr>\n<tr>\n<td><b>Productor<\/b><\/td>\n<td><em><strong>Apr\u00e8s Nicotine AB<\/strong><\/em><\/td>\n<\/tr>\n<tr>\n<td><b>Sabor<\/b><\/td>\n<td><em><strong>Blueberry, berries<\/strong><\/em><\/td>\n<\/tr>\n<tr>\n<td><b>Contenido de nicotina<\/b><\/td>\n<td><b><span style=\"font-weight: 400;\">0mg (sin nicotina)<\/span><\/b><\/td>\n<\/tr>\n<tr>\n<td><b>Contenido por lata<\/b><\/td>\n<td><span style=\"font-weight: 400;\">20 bolsas<\/span><\/td>\n<\/tr>\n<tr>\n<td><b>Categor\u00eda<\/b><\/td>\n<td><em><strong>Sin nicotina<\/strong><\/em><\/td>\n<\/tr>\n<tr>\n<td><b>Tipo<\/b><\/td>\n<td><b><span style=\"font-weight: 400;\">Bolsa blanca, Sin tabaco<\/span><\/b><\/td>\n<\/tr>\n<\/tbody>\n<\/table>\n<p>&nbsp;<\/p>","protected":false},"excerpt":{"rendered":"<p>Apr\u00e8s Blueberry Zero es un snus blanco sin nicotina, sin tabaco y sin cafe\u00edna en formato slim con un sabor fresco a ar\u00e1ndano y frutos del bosque. La opci\u00f3n perfecta para aquellos que desean la experiencia de bolsas sin ninguna nicotina. 20 bolsas por lata, producido por Apr\u00e8s Nicotine AB en Suecia.<\/p>","protected":false},"featured_media":97924,"comment_status":"open","ping_status":"closed","template":"","format":[],"meta":{"_acf_changed":false},"product_brand":[],"product_cat":[15],"product_tag":[],"flavours":[196],"nicotine":[],"class_list":{"0":"post-97917","1":"product","2":"type-product","3":"status-publish","4":"has-post-thumbnail","6":"product_cat-uncategorized","7":"pa_quantity-1-pack","8":"pa_quantity-10-pack","9":"pa_quantity-3-pack","10":"pa_quantity-30-pack","11":"pa_quantity-5-pack","12":"pa_quantity-60-pack","13":"flavours-fruits-berries","15":"first","16":"instock","17":"taxable","18":"shipping-taxable","19":"purchasable","20":"product-type-variable"},"acf":[],"_links":{"self":[{"href":"https:\/\/whitelip.com\/es\/wp-json\/wp\/v2\/product\/97917","targetHints":{"allow":["GET"]}}],"collection":[{"href":"https:\/\/whitelip.com\/es\/wp-json\/wp\/v2\/product"}],"about":[{"href":"https:\/\/whitelip.com\/es\/wp-json\/wp\/v2\/types\/product"}],"replies":[{"embeddable":true,"href":"https:\/\/whitelip.com\/es\/wp-json\/wp\/v2\/comments?post=97917"}],"wp:featuredmedia":[{"embeddable":true,"href":"https:\/\/whitelip.com\/es\/wp-json\/wp\/v2\/media\/97924"}],"wp:attachment":[{"href":"https:\/\/whitelip.com\/es\/wp-json\/wp\/v2\/media?parent=97917"}],"wp:term":[{"taxonomy":"product_brand","embeddable":true,"href":"https:\/\/whitelip.com\/es\/wp-json\/wp\/v2\/product_brand?post=97917"},{"taxonomy":"product_cat","embeddable":true,"href":"https:\/\/whitelip.com\/es\/wp-json\/wp\/v2\/product_cat?post=97917"},{"taxonomy":"product_tag","embeddable":true,"href":"https:\/\/whitelip.com\/es\/wp-json\/wp\/v2\/product_tag?post=97917"},{"taxonomy":"flavours","embeddable":true,"href":"https:\/\/whitelip.com\/es\/wp-json\/wp\/v2\/flavours?post=97917"},{"taxonomy":"format","embeddable":true,"href":"https:\/\/whitelip.com\/es\/wp-json\/wp\/v2\/format?post=97917"},{"taxonomy":"nicotine","embeddable":true,"href":"https:\/\/whitelip.com\/es\/wp-json\/wp\/v2\/nicotine?post=97917"}],"curies":[{"name":"wp","href":"https:\/\/api.w.org\/{rel}","templated":true}]}}