{"id":97598,"date":"2026-05-08T10:15:40","date_gmt":"2026-05-08T10:15:40","guid":{"rendered":"https:\/\/whitelip.com\/?post_type=product&#038;p=97598"},"modified":"2026-05-09T10:11:29","modified_gmt":"2026-05-09T10:11:29","slug":"killa-apple-exp-05-15-2026","status":"publish","type":"product","link":"https:\/\/whitelip.com\/es\/killa\/killa-apple-exp-05-15-2026\/","title":{"rendered":"KILLA Manzana Exp.05\/15\/2026"},"content":{"rendered":"<h2>KILLA Manzana Exp.05\/15\/2026<\/h2>\n<p><span style=\"font-weight: 400;\">Las bolsitas de nicotina KILLA Manzana ofrecen un crujiente y jugoso sabor a manzana verde, proporcionando una experiencia refrescante y vigorizante. Dise\u00f1adas para los usuarios que buscan un fuerte golpe de nicotina, estas bolsitas sin tabaco ofrecen una alternativa discreta y c\u00f3moda a los productos de nicotina tradicionales. El formato fino asegura un ajuste c\u00f3modo debajo del labio, permitiendo su uso en cualquier momento y en cualquier lugar. KILLA Apple destaca por su sabor \u00fanico y su potente efecto, lo que la convierte en una elecci\u00f3n popular entre los entusiastas de las bolsitas de nicotina.<\/span><\/p>\n<table>\n<tbody>\n<tr>\n<td><b>Atributo<\/b><\/td>\n<td><b>Detalles<\/b><\/td>\n<\/tr>\n<tr>\n<td><span style=\"font-weight: 400;\">Contenido por lata<\/span><\/td>\n<td><span style=\"font-weight: 400;\">16g (20 bolsitas)<\/span><\/td>\n<\/tr>\n<tr>\n<td><span style=\"font-weight: 400;\">Contenido de nicotina<\/span><\/td>\n<td><span style=\"font-weight: 400;\">16 mg\/g (12,8 mg por bolsita)<\/span><\/td>\n<\/tr>\n<tr>\n<td><span style=\"font-weight: 400;\">Formato de bolsa<\/span><\/td>\n<td><span style=\"font-weight: 400;\">Delgado<\/span><\/td>\n<\/tr>\n<tr>\n<td><span style=\"font-weight: 400;\">Productor<\/span><\/td>\n<td><span style=\"font-weight: 400;\">N.G.P Empire<\/span><\/td>\n<\/tr>\n<tr>\n<td><span style=\"font-weight: 400;\">Sabor<\/span><\/td>\n<td><span style=\"font-weight: 400;\">Manzana verde<\/span><\/td>\n<\/tr>\n<tr>\n<td><span style=\"font-weight: 400;\">Tipo<\/span><\/td>\n<td><span style=\"font-weight: 400;\">Bolsa blanca, Sin tabaco<\/span><\/td>\n<\/tr>\n<\/tbody>\n<\/table>","protected":false},"excerpt":{"rendered":"<p>Crujiente, jugoso <strong data-start=\"13\" data-end=\"28\">manzana verde<\/strong> para un efecto refrescante y tonificante. <strong data-start=\"66\" data-end=\"74\">Delgado<\/strong>, Las bolsitas sin tabaco se colocan discretamente bajo el labio para poder usarlas c\u00f3modamente en cualquier momento. Cada bolsa contiene <strong data-start=\"174\" data-end=\"194\">12,8 mg de nicotina<\/strong>, ...dando una patada fuerte y satisfactoria.<\/p>","protected":false},"featured_media":97630,"comment_status":"open","ping_status":"closed","template":"","format":[],"meta":{"_acf_changed":false},"product_brand":[],"product_cat":[64],"product_tag":[16676,17015],"flavours":[],"nicotine":[],"class_list":{"0":"post-97598","1":"product","2":"type-product","3":"status-publish","4":"has-post-thumbnail","6":"product_cat-killa","7":"product_tag-12-8-mg-pouch","8":"product_tag-50-off","9":"pa_quantity-1-pack","10":"pa_quantity-10-pack","11":"pa_quantity-3-pack","12":"pa_quantity-30-pack","13":"pa_quantity-5-pack","14":"pa_quantity-60-pack","16":"first","17":"instock","18":"sale","19":"taxable","20":"shipping-taxable","21":"purchasable","22":"product-type-variable"},"acf":[],"_links":{"self":[{"href":"https:\/\/whitelip.com\/es\/wp-json\/wp\/v2\/product\/97598","targetHints":{"allow":["GET"]}}],"collection":[{"href":"https:\/\/whitelip.com\/es\/wp-json\/wp\/v2\/product"}],"about":[{"href":"https:\/\/whitelip.com\/es\/wp-json\/wp\/v2\/types\/product"}],"replies":[{"embeddable":true,"href":"https:\/\/whitelip.com\/es\/wp-json\/wp\/v2\/comments?post=97598"}],"wp:featuredmedia":[{"embeddable":true,"href":"https:\/\/whitelip.com\/es\/wp-json\/wp\/v2\/media\/97630"}],"wp:attachment":[{"href":"https:\/\/whitelip.com\/es\/wp-json\/wp\/v2\/media?parent=97598"}],"wp:term":[{"taxonomy":"product_brand","embeddable":true,"href":"https:\/\/whitelip.com\/es\/wp-json\/wp\/v2\/product_brand?post=97598"},{"taxonomy":"product_cat","embeddable":true,"href":"https:\/\/whitelip.com\/es\/wp-json\/wp\/v2\/product_cat?post=97598"},{"taxonomy":"product_tag","embeddable":true,"href":"https:\/\/whitelip.com\/es\/wp-json\/wp\/v2\/product_tag?post=97598"},{"taxonomy":"flavours","embeddable":true,"href":"https:\/\/whitelip.com\/es\/wp-json\/wp\/v2\/flavours?post=97598"},{"taxonomy":"format","embeddable":true,"href":"https:\/\/whitelip.com\/es\/wp-json\/wp\/v2\/format?post=97598"},{"taxonomy":"nicotine","embeddable":true,"href":"https:\/\/whitelip.com\/es\/wp-json\/wp\/v2\/nicotine?post=97598"}],"curies":[{"name":"wp","href":"https:\/\/api.w.org\/{rel}","templated":true}]}}