{"id":97362,"date":"2026-05-07T12:07:09","date_gmt":"2026-05-07T12:07:09","guid":{"rendered":"https:\/\/whitelip.com\/?post_type=product&#038;p=97362"},"modified":"2026-05-09T10:11:28","modified_gmt":"2026-05-09T10:11:28","slug":"apres-ski-limited-edition","status":"publish","type":"product","link":"https:\/\/whitelip.com\/es\/apres\/apres-ski-limited-edition\/","title":{"rendered":"APR\u00c8S Ski Limited Edition"},"content":{"rendered":"<h1 data-section-id=\"ap1ske2\" data-start=\"1\" data-end=\"50\"><strong>Apr\u00e8s Ski Limited Edition<\/strong><\/h1>\n<p data-section-id=\"ap3ske4\" data-start=\"52\" data-end=\"350\">Apr\u00e8s Ski Limited Edition es una bolsita de nicotina sin tabaco en formato slim con un perfil de sabor frutal y rico en bayas de ar\u00e1ndano rojo, cereza y bayas mixtas, producida por Apr\u00e8s Nicotine AB en Suecia. Lanzada como edici\u00f3n limitada, este producto combina una experiencia de sabor equilibrada y natural con una intensidad de nicotina normal. Con un contenido de nicotina de 8mg\/g (4.4mg por bolsita), esta es una opci\u00f3n accesible y sabrosa para quienes disfrutan de una bolsita de nicotina frutal para uso diario.<\/p>\n<h2 data-section-id=\"ap5ske6\" data-start=\"352\" data-end=\"370\">Sabor e intensidad<\/h2>\n<p data-section-id=\"ap7ske8\" data-start=\"372\" data-end=\"570\">Apr\u00e8s Ski Limited Edition delivers a well-balanced and natural flavour where tart lingonberry meets sweet cherry and mixed berries in a fruity and harmonious combination. The flavour profile is fresh and pleasant without being overwhelming, making this a reliable and enjoyable choice throughout the day. At 8mg\/g (4.4mg per pouch), the nicotine level is moderate &#8211; comfortable and approachable for everyday use regardless of experience level.<\/p>\n<h2 data-section-id=\"ap9ske0\" data-start=\"572\" data-end=\"590\">Formato de bolsa<\/h2>\n<p data-section-id=\"ap2ske5\" data-start=\"592\" data-end=\"780\">Apr\u00e8s Ski Limited Edition viene en formato slim. Cada lata contiene 20 bolsitas, todas completamente libres de tabaco y humo. La bolsita slim se coloca discreta y c\u00f3modamente bajo el labio, lo que la convierte en una opci\u00f3n pr\u00e1ctica y discreta para usar en cualquier momento y lugar.<\/p>\n<h2 data-section-id=\"ap4ske7\" data-start=\"782\" data-end=\"796\">Acerca de Apr\u00e8s<\/h2>\n<p data-section-id=\"ap6ske9\" data-start=\"798\" data-end=\"1050\">Apr\u00e8s was launched in Stockholm in 2020 by Apr\u00e8s Nicotine AB and is rooted in Sweden. The brand focuses on tobacco-free nicotine pouches made with plant-based materials for both pouches and packaging. No.14 Ski Limited Edition 2 is a prime example of Apr\u00e8s&#8217; ambition to combine creative and seasonal flavour profiles with high quality.<\/p>\n<table style=\"height: 235px;\" width=\"383\">\n<tbody>\n<tr>\n<td><b>Atributo<\/b><\/td>\n<td><b>Detalles<\/b><\/td>\n<\/tr>\n<tr>\n<td><b>Marca<\/b><\/td>\n<td><em><strong>Apr\u00e8s<\/strong><\/em><\/td>\n<\/tr>\n<tr>\n<td><b>Formato de bolsa<\/b><\/td>\n<td><em><strong>Delgado<\/strong><\/em><\/td>\n<\/tr>\n<tr>\n<td><b>Intensidad<\/b><\/td>\n<td><em><strong>Fuerte<\/strong><\/em><\/td>\n<\/tr>\n<tr>\n<td><b>Productor<\/b><\/td>\n<td><em><strong>Apr\u00e8s Nicotine AB<\/strong><\/em><\/td>\n<\/tr>\n<tr>\n<td><b>Sabor<\/b><\/td>\n<td><span style=\"font-weight: 400;\">Lingonberry, cherry, mixed berries<\/span><\/td>\n<\/tr>\n<tr>\n<td><b>Contenido de nicotina<\/b><\/td>\n<td><b><span style=\"font-weight: 400;\">8mg\/g (4.4mg per pouch)<\/span><\/b><\/td>\n<\/tr>\n<tr>\n<td><b>Contenido por lata<\/b><\/td>\n<td><span style=\"font-weight: 400;\">20 bolsas<\/span><\/td>\n<\/tr>\n<tr>\n<td><b>Categor\u00eda<\/b><\/td>\n<td><em><strong>Snus Blanco<\/strong><\/em><\/td>\n<\/tr>\n<tr>\n<td><b>Tipo<\/b><\/td>\n<td><b><span style=\"font-weight: 400;\">Bolsa blanca, Sin tabaco<\/span><\/b><\/td>\n<\/tr>\n<\/tbody>\n<\/table>\n<p>&nbsp;<\/p>","protected":false},"excerpt":{"rendered":"<p>Apr\u00e8s Ski Limited Edition es una bolsita de nicotina sin tabaco en formato slim con un sabor frutal de ar\u00e1ndano rojo, cereza y bayas mixtas. Con 8mg\/g (4.4mg por bolsita) ofrece una experiencia de nicotina de intensidad normal &#8211; accesible y adecuada para uso diario. 20 bolsitas por lata, producida por Apr\u00e8s Nicotine AB en Suecia.<\/p>","protected":false},"featured_media":97371,"comment_status":"open","ping_status":"closed","template":"","format":[206],"meta":{"_acf_changed":false},"product_brand":[],"product_cat":[41],"product_tag":[16549],"flavours":[196],"nicotine":[230,236],"class_list":{"0":"post-97362","1":"product","2":"type-product","3":"status-publish","4":"has-post-thumbnail","6":"product_cat-apres","7":"product_tag-4-4-mg-pouch","8":"pa_quantity-1-pack","9":"pa_quantity-10-pack","10":"pa_quantity-3-pack","11":"pa_quantity-30-pack","12":"pa_quantity-5-pack","13":"pa_quantity-60-pack","14":"flavours-fruits-berries","15":"format-slim","16":"nicotine-8-mg-g","17":"nicotine-strong","19":"first","20":"instock","21":"taxable","22":"shipping-taxable","23":"purchasable","24":"product-type-variable"},"acf":[],"_links":{"self":[{"href":"https:\/\/whitelip.com\/es\/wp-json\/wp\/v2\/product\/97362","targetHints":{"allow":["GET"]}}],"collection":[{"href":"https:\/\/whitelip.com\/es\/wp-json\/wp\/v2\/product"}],"about":[{"href":"https:\/\/whitelip.com\/es\/wp-json\/wp\/v2\/types\/product"}],"replies":[{"embeddable":true,"href":"https:\/\/whitelip.com\/es\/wp-json\/wp\/v2\/comments?post=97362"}],"wp:featuredmedia":[{"embeddable":true,"href":"https:\/\/whitelip.com\/es\/wp-json\/wp\/v2\/media\/97371"}],"wp:attachment":[{"href":"https:\/\/whitelip.com\/es\/wp-json\/wp\/v2\/media?parent=97362"}],"wp:term":[{"taxonomy":"product_brand","embeddable":true,"href":"https:\/\/whitelip.com\/es\/wp-json\/wp\/v2\/product_brand?post=97362"},{"taxonomy":"product_cat","embeddable":true,"href":"https:\/\/whitelip.com\/es\/wp-json\/wp\/v2\/product_cat?post=97362"},{"taxonomy":"product_tag","embeddable":true,"href":"https:\/\/whitelip.com\/es\/wp-json\/wp\/v2\/product_tag?post=97362"},{"taxonomy":"flavours","embeddable":true,"href":"https:\/\/whitelip.com\/es\/wp-json\/wp\/v2\/flavours?post=97362"},{"taxonomy":"format","embeddable":true,"href":"https:\/\/whitelip.com\/es\/wp-json\/wp\/v2\/format?post=97362"},{"taxonomy":"nicotine","embeddable":true,"href":"https:\/\/whitelip.com\/es\/wp-json\/wp\/v2\/nicotine?post=97362"}],"curies":[{"name":"wp","href":"https:\/\/api.w.org\/{rel}","templated":true}]}}