{"id":9671,"date":"2025-02-12T08:40:21","date_gmt":"2025-02-12T08:40:21","guid":{"rendered":"https:\/\/whitelip.com\/iceberg-capsule-watermelon-mint\/"},"modified":"2026-05-11T10:11:33","modified_gmt":"2026-05-11T10:11:33","slug":"iceberg-capsule-watermelon-mint","status":"publish","type":"product","link":"https:\/\/whitelip.com\/es\/iceberg\/iceberg-capsule-watermelon-mint\/","title":{"rendered":"ICEBERG C\u00e1psula Sand\u00eda Menta"},"content":{"rendered":"<h2><strong>ICEBERG C\u00e1psula Sand\u00eda Menta<\/strong><\/h2>\n<p><span style=\"font-weight: 400;\">Las bolsitas de nicotina ICEBERG Capsule Watermelon Mint ofrecen una refrescante mezcla de sand\u00eda y menta. Cada sobre contiene 50 mg de nicotina por gramo, lo que equivale a aproximadamente 30 mg por sobre, proporcionando una experiencia potente adecuada para usuarios experimentados. Cada sobre contiene una c\u00e1psula de liberaci\u00f3n r\u00e1pida, que te permite realzar el sabor de la sand\u00eda con un toque fresco de menta, creando un perfil equilibrado y refrescante. Las bolsitas est\u00e1n dise\u00f1adas para un uso discreto sin manchar los dientes, por lo que son ideales para disfrutar sobre la marcha. Producidas por Neoptolem, un fabricante polaco conocido por combinar m\u00e9todos contempor\u00e1neos con calidad tradicional, estas bolsitas ejemplifican altos est\u00e1ndares e innovadoras combinaciones de sabores.<\/span><\/p>\n<table>\n<tbody>\n<tr>\n<td><b>Atributo<\/b><\/td>\n<td><b>Detalles<\/b><\/td>\n<\/tr>\n<tr>\n<td><b>Contenido por lata<\/b><\/td>\n<td><span style=\"font-weight: 400;\">12g (20 pouches)<\/span><\/td>\n<\/tr>\n<tr>\n<td><b>Contenido de nicotina<\/b><\/td>\n<td><span style=\"font-weight: 400;\">50 mg\/g (30 mg por bolsita)<\/span><\/td>\n<\/tr>\n<tr>\n<td><b>Formato bolsa<\/b><\/td>\n<td><span style=\"font-weight: 400;\">Delgado<\/span><\/td>\n<\/tr>\n<tr>\n<td><b>Productor<\/b><\/td>\n<td><span style=\"font-weight: 400;\">Neoptolem<\/span><\/td>\n<\/tr>\n<tr>\n<td><b>Sabor<\/b><\/td>\n<td><span style=\"font-weight: 400;\">Sand\u00eda y menta<\/span><\/td>\n<\/tr>\n<tr>\n<td><b>Tipo<\/b><\/td>\n<td><span style=\"font-weight: 400;\">Bolsa blanca<\/span><\/td>\n<\/tr>\n<\/tbody>\n<\/table>","protected":false},"excerpt":{"rendered":"<p>ICEBERG C\u00e1psula Sand\u00eda Menta ofrece refrescantes <strong data-start=\"50\" data-end=\"69\">sand\u00eda menta<\/strong> con una c\u00e1psula de liberaci\u00f3n r\u00e1pida para una explosi\u00f3n extra de frescor. <strong data-start=\"127\" data-end=\"135\">Delgado<\/strong> Las bolsitas totalmente blancas se colocan discretamente bajo el labio sin manchar. Cada bolsa contiene <strong data-start=\"221\" data-end=\"239\">30 mg de nicotina<\/strong>, ...con un efecto potente y equilibrado. Sin tabaco. Producido por Neoptolem en Polonia.<\/p>","protected":false},"featured_media":9672,"comment_status":"open","ping_status":"closed","template":"","format":[206],"meta":{"_acf_changed":false},"product_brand":[],"product_cat":[50],"product_tag":[16605],"flavours":[196,199],"nicotine":[226,233],"class_list":{"0":"post-9671","1":"product","2":"type-product","3":"status-publish","4":"has-post-thumbnail","6":"product_cat-iceberg","7":"product_tag-30-mg-pouch","8":"pa_quantity-1-pack","9":"pa_quantity-10-pack","10":"pa_quantity-3-pack","11":"pa_quantity-30-pack","12":"pa_quantity-5-pack","13":"pa_quantity-60-pack","14":"flavours-fruits-berries","15":"flavours-mint","16":"format-slim","17":"nicotine-50-mg-g","18":"nicotine-extreme","20":"first","21":"instock","22":"taxable","23":"shipping-taxable","24":"purchasable","25":"product-type-variable"},"acf":[],"_links":{"self":[{"href":"https:\/\/whitelip.com\/es\/wp-json\/wp\/v2\/product\/9671","targetHints":{"allow":["GET"]}}],"collection":[{"href":"https:\/\/whitelip.com\/es\/wp-json\/wp\/v2\/product"}],"about":[{"href":"https:\/\/whitelip.com\/es\/wp-json\/wp\/v2\/types\/product"}],"replies":[{"embeddable":true,"href":"https:\/\/whitelip.com\/es\/wp-json\/wp\/v2\/comments?post=9671"}],"wp:featuredmedia":[{"embeddable":true,"href":"https:\/\/whitelip.com\/es\/wp-json\/wp\/v2\/media\/9672"}],"wp:attachment":[{"href":"https:\/\/whitelip.com\/es\/wp-json\/wp\/v2\/media?parent=9671"}],"wp:term":[{"taxonomy":"product_brand","embeddable":true,"href":"https:\/\/whitelip.com\/es\/wp-json\/wp\/v2\/product_brand?post=9671"},{"taxonomy":"product_cat","embeddable":true,"href":"https:\/\/whitelip.com\/es\/wp-json\/wp\/v2\/product_cat?post=9671"},{"taxonomy":"product_tag","embeddable":true,"href":"https:\/\/whitelip.com\/es\/wp-json\/wp\/v2\/product_tag?post=9671"},{"taxonomy":"flavours","embeddable":true,"href":"https:\/\/whitelip.com\/es\/wp-json\/wp\/v2\/flavours?post=9671"},{"taxonomy":"format","embeddable":true,"href":"https:\/\/whitelip.com\/es\/wp-json\/wp\/v2\/format?post=9671"},{"taxonomy":"nicotine","embeddable":true,"href":"https:\/\/whitelip.com\/es\/wp-json\/wp\/v2\/nicotine?post=9671"}],"curies":[{"name":"wp","href":"https:\/\/api.w.org\/{rel}","templated":true}]}}