{"id":9638,"date":"2025-01-31T10:04:39","date_gmt":"2025-01-31T10:04:39","guid":{"rendered":"https:\/\/whitelip.com\/loop-smooth-mint-hyper-strong\/"},"modified":"2026-04-29T22:27:29","modified_gmt":"2026-04-29T22:27:29","slug":"loop-smooth-mint-hyper-strong","status":"publish","type":"product","link":"https:\/\/whitelip.com\/es\/loop\/loop-smooth-mint-hyper-strong\/","title":{"rendered":"LOOP Suave Menta Hiper Fuerte"},"content":{"rendered":"<h2><strong>LOOP Suave Menta Hiper Fuerte<\/strong><\/h2>\n<p>LOOP Smooth Mint Hyper Strong proporciona una cantidad extra alta de nicotina junto con un fresco sabor a menta con elementos dulces. Las bolsitas vienen en un formato delgado con una potencia de nicotina de 25 mg\/g.<\/p>\n<ul>\n<li>Sabor: Menta<\/li>\n<li>Formato: Slim<\/li>\n<li>Nicotina: 25 mg\/g<\/li>\n<li>Bolsas: 22 unidades<\/li>\n<li>Peso: 13,8 g<\/li>\n<li>Marca: <a href=\"https:\/\/whitelip.se\/en\/loop\" target=\"_blank\" rel=\"noopener\">Bucle<\/a><\/li>\n<li>Fabricante: <a href=\"https:\/\/anothersnusfactory.com\/about\/\" target=\"_blank\" rel=\"noopener\">Bucle<\/a><\/li>\n<\/ul>\n<p><em><strong>Acerca de la marca: LOOP<\/strong><\/em><\/p>\n<p>Descubre la comodidad y variedad de las bolsitas de nicotina LOOP \u2013 una gama que combina alta calidad con una variedad de sabores emocionantes y concentraciones de nicotina. Con su dise\u00f1o discreto y c\u00f3modo, LOOP ofrece una soluci\u00f3n elegante para satisfacer los antojos de nicotina. Explora nuestro amplio rango de bolsitas de nicotina LOOP y encuentra tu sabor favorito para disfrutar de una experiencia de nicotina agradable y discreta en cualquier momento.<\/p>\n<p><em><strong>Acerca de Whitelip.se:\u00a0<\/strong><\/em><\/p>\n<p><span data-contrast=\"auto\">Bienvenido a Whitelip.se, su destino definitivo para bolsas de nicotina de alta calidad. Explore nuestra amplia gama de productos dise\u00f1ados para satisfacer sus necesidades de nicotina, con entrega a los Estados Unidos y Europa convenientemente disponibles con opciones de env\u00edo gratuito en la caja. Aumente su satisfacci\u00f3n con cada compra, ya que le ofrecemos marcas de primera categor\u00eda y una entrega perfecta a domicilio. Experimente la m\u00e1xima comodidad y la mejor calidad s\u00f3lo en Whitelip.se. Compre ahora y disfrute del placer de las bolsas de nicotina blancas de primera calidad.<\/span><\/p>","protected":false},"excerpt":{"rendered":"<p>Extra-alta <strong data-start=\"11\" data-end=\"26\">menta suave<\/strong> con notas frescas y dulces. <strong data-start=\"52\" data-end=\"60\">Delgado<\/strong>, Las bolsitas sin tabaco encajan discretamente bajo el labio para un uso limpio y c\u00f3modo. Potencia de nicotina <strong data-start=\"157\" data-end=\"168\">25 mg\/g<\/strong> para una experiencia hiperfuerte.<\/p>","protected":false},"featured_media":9639,"comment_status":"open","ping_status":"closed","template":"","format":[206],"meta":{"_acf_changed":false},"product_brand":[],"product_cat":[32],"product_tag":[17005],"flavours":[199],"nicotine":[232,219],"class_list":{"0":"post-9638","1":"product","2":"type-product","3":"status-publish","4":"has-post-thumbnail","6":"product_cat-loop","7":"product_tag-15-6-mg-pouch","8":"pa_quantity-1-pack","9":"pa_quantity-10-pack","10":"pa_quantity-3-pack","11":"pa_quantity-30-pack","12":"pa_quantity-5-pack","13":"pa_quantity-60-pack","14":"flavours-mint","15":"format-slim","16":"nicotine-extra-strong","17":"nicotine-25-mg-g","19":"first","20":"instock","21":"taxable","22":"shipping-taxable","23":"purchasable","24":"product-type-variable","25":"has-default-attributes"},"acf":[],"_links":{"self":[{"href":"https:\/\/whitelip.com\/es\/wp-json\/wp\/v2\/product\/9638","targetHints":{"allow":["GET"]}}],"collection":[{"href":"https:\/\/whitelip.com\/es\/wp-json\/wp\/v2\/product"}],"about":[{"href":"https:\/\/whitelip.com\/es\/wp-json\/wp\/v2\/types\/product"}],"replies":[{"embeddable":true,"href":"https:\/\/whitelip.com\/es\/wp-json\/wp\/v2\/comments?post=9638"}],"wp:featuredmedia":[{"embeddable":true,"href":"https:\/\/whitelip.com\/es\/wp-json\/wp\/v2\/media\/9639"}],"wp:attachment":[{"href":"https:\/\/whitelip.com\/es\/wp-json\/wp\/v2\/media?parent=9638"}],"wp:term":[{"taxonomy":"product_brand","embeddable":true,"href":"https:\/\/whitelip.com\/es\/wp-json\/wp\/v2\/product_brand?post=9638"},{"taxonomy":"product_cat","embeddable":true,"href":"https:\/\/whitelip.com\/es\/wp-json\/wp\/v2\/product_cat?post=9638"},{"taxonomy":"product_tag","embeddable":true,"href":"https:\/\/whitelip.com\/es\/wp-json\/wp\/v2\/product_tag?post=9638"},{"taxonomy":"flavours","embeddable":true,"href":"https:\/\/whitelip.com\/es\/wp-json\/wp\/v2\/flavours?post=9638"},{"taxonomy":"format","embeddable":true,"href":"https:\/\/whitelip.com\/es\/wp-json\/wp\/v2\/format?post=9638"},{"taxonomy":"nicotine","embeddable":true,"href":"https:\/\/whitelip.com\/es\/wp-json\/wp\/v2\/nicotine?post=9638"}],"curies":[{"name":"wp","href":"https:\/\/api.w.org\/{rel}","templated":true}]}}