{"id":96166,"date":"2026-04-27T12:07:50","date_gmt":"2026-04-27T12:07:50","guid":{"rendered":"https:\/\/whitelip.com\/?post_type=product&#038;p=96166"},"modified":"2026-04-29T10:11:36","modified_gmt":"2026-04-29T10:11:36","slug":"x-booster-coffee-caramel-caffeine-exp-05-21-2026","status":"publish","type":"product","link":"https:\/\/whitelip.com\/es\/x-booster\/x-booster-coffee-caramel-caffeine-exp-05-21-2026\/","title":{"rendered":"X-BOOSTER Coffee &#038; Caramel Caffeine Exp.05\/21\/2026"},"content":{"rendered":"<h2>X-BOOSTER Coffee &amp; Caramel Caffeine Exp.05\/21\/2026<\/h2>\n<p class=\"\" data-start=\"76\" data-end=\"609\">Las bolsitas de cafe\u00edna X-BOOSTER Caf\u00e9 y Caramelo ofrecen un sabor suave y equilibrado a caf\u00e9 y caramelo. Cada bolsita de cafe\u00edna blanca y fina contiene 80 mg de cafe\u00edna, ofreciendo un chute muy adecuado para todos aquellos que disfrutan de un sabor equilibrado y una intensidad constante. Discreto, c\u00f3modo y sin manchas, X-BOOSTER Cool Mint Caffeine est\u00e1 elaborado por 77 Group para garantizar una alta calidad, un sabor intenso y una experiencia sin nicotina.<\/p>\n<table>\n<tbody>\n<tr>\n<td><b>Atributo<\/b><\/td>\n<td><b>Detalles<\/b><\/td>\n<\/tr>\n<tr>\n<td><b>Contenido por lata<\/b><\/td>\n<td><span style=\"font-weight: 400;\">13g (20 bolsas)<\/span><\/td>\n<\/tr>\n<tr>\n<td><b>Contenido de nicotina<\/b><\/td>\n<td><span style=\"font-weight: 400;\">80 mg\/sobre<\/span><\/td>\n<\/tr>\n<tr>\n<td><b>Formato bolsa<\/b><\/td>\n<td><span style=\"font-weight: 400;\">Delgado<\/span><\/td>\n<\/tr>\n<tr>\n<td><b>Productor<\/b><\/td>\n<td><span style=\"font-weight: 400;\">77 Group<\/span><\/td>\n<\/tr>\n<tr>\n<td><b>Sabor<\/b><\/td>\n<td><span style=\"font-weight: 400;\">Caf\u00e9 y caramelo<\/span><\/td>\n<\/tr>\n<tr>\n<td><b>Tipo<\/b><\/td>\n<td><span style=\"font-weight: 400;\">Bolsa blanca<\/span><\/td>\n<\/tr>\n<\/tbody>\n<\/table>","protected":false},"excerpt":{"rendered":"<p class=\"translation-block\">X-BOOSTER Coffee &amp;amp; Caramel ofrece una mezcla suave y equilibrada de caf\u00e9 y caramelo. Las bolsitas blancas delgadas son discretas, c\u00f3modas y sin manchas. Cada bolsita contiene 80 mg de cafe\u00edna para una intensidad constante y confiable. Elaborado por 77 Group para alta calidad, sabor atrevido y una experiencia sin nicotina.<\/p>","protected":false},"featured_media":28021,"comment_status":"open","ping_status":"closed","template":"","format":[],"meta":{"_acf_changed":false},"product_brand":[],"product_cat":[241],"product_tag":[17015],"flavours":[],"nicotine":[],"class_list":{"0":"post-96166","1":"product","2":"type-product","3":"status-publish","4":"has-post-thumbnail","6":"product_cat-x-booster","7":"product_tag-50-off","8":"pa_quantity-1-pack","9":"pa_quantity-10-pack","10":"pa_quantity-3-pack","11":"pa_quantity-30-pack","12":"pa_quantity-5-pack","13":"pa_quantity-60-pack","15":"first","16":"instock","17":"sale","18":"taxable","19":"shipping-taxable","20":"purchasable","21":"product-type-variable"},"acf":[],"_links":{"self":[{"href":"https:\/\/whitelip.com\/es\/wp-json\/wp\/v2\/product\/96166","targetHints":{"allow":["GET"]}}],"collection":[{"href":"https:\/\/whitelip.com\/es\/wp-json\/wp\/v2\/product"}],"about":[{"href":"https:\/\/whitelip.com\/es\/wp-json\/wp\/v2\/types\/product"}],"replies":[{"embeddable":true,"href":"https:\/\/whitelip.com\/es\/wp-json\/wp\/v2\/comments?post=96166"}],"wp:featuredmedia":[{"embeddable":true,"href":"https:\/\/whitelip.com\/es\/wp-json\/wp\/v2\/media\/28021"}],"wp:attachment":[{"href":"https:\/\/whitelip.com\/es\/wp-json\/wp\/v2\/media?parent=96166"}],"wp:term":[{"taxonomy":"product_brand","embeddable":true,"href":"https:\/\/whitelip.com\/es\/wp-json\/wp\/v2\/product_brand?post=96166"},{"taxonomy":"product_cat","embeddable":true,"href":"https:\/\/whitelip.com\/es\/wp-json\/wp\/v2\/product_cat?post=96166"},{"taxonomy":"product_tag","embeddable":true,"href":"https:\/\/whitelip.com\/es\/wp-json\/wp\/v2\/product_tag?post=96166"},{"taxonomy":"flavours","embeddable":true,"href":"https:\/\/whitelip.com\/es\/wp-json\/wp\/v2\/flavours?post=96166"},{"taxonomy":"format","embeddable":true,"href":"https:\/\/whitelip.com\/es\/wp-json\/wp\/v2\/format?post=96166"},{"taxonomy":"nicotine","embeddable":true,"href":"https:\/\/whitelip.com\/es\/wp-json\/wp\/v2\/nicotine?post=96166"}],"curies":[{"name":"wp","href":"https:\/\/api.w.org\/{rel}","templated":true}]}}