{"id":96159,"date":"2026-04-27T12:03:54","date_gmt":"2026-04-27T12:03:54","guid":{"rendered":"https:\/\/whitelip.com\/?post_type=product&#038;p=96159"},"modified":"2026-04-29T10:11:36","modified_gmt":"2026-04-29T10:11:36","slug":"x-booster-energy-drink-caffeine-exp-05-22-2026","status":"publish","type":"product","link":"https:\/\/whitelip.com\/es\/x-booster\/x-booster-energy-drink-caffeine-exp-05-22-2026\/","title":{"rendered":"X-BOOSTER Energy Drink Caffeine Exp.05\/22\/2026"},"content":{"rendered":"<h2>X-BOOSTER Energy Drink Caffeine Exp.05\/22\/2026<\/h2>\n<p class=\"\" data-start=\"76\" data-end=\"609\">Las bolsitas X-BOOSTER Energy Drink Caffeine ofrecen un sabor suave y equilibrado a bebida energ\u00e9tica. Cada bolsita de cafe\u00edna blanca y fina contiene 80 mg de cafe\u00edna, ofreciendo un subid\u00f3n adecuado para todos los que disfrutan de un sabor equilibrado y una intensidad constante. Discreto, c\u00f3modo y sin manchas, X-BOOSTER Cool Mint Caffeine est\u00e1 elaborado por 77 Group para garantizar una alta calidad, un sabor intenso y una experiencia sin nicotina.<\/p>\n<table>\n<tbody>\n<tr>\n<td><b>Atributo<\/b><\/td>\n<td><b>Detalles<\/b><\/td>\n<\/tr>\n<tr>\n<td><b>Contenido por lata<\/b><\/td>\n<td><span style=\"font-weight: 400;\">13g (20 bolsas)<\/span><\/td>\n<\/tr>\n<tr>\n<td><b>Contenido de nicotina<\/b><\/td>\n<td><span style=\"font-weight: 400;\">80 mg\/sobre<\/span><\/td>\n<\/tr>\n<tr>\n<td><b>Formato bolsa<\/b><\/td>\n<td><span style=\"font-weight: 400;\">Delgado<\/span><\/td>\n<\/tr>\n<tr>\n<td><b>Productor<\/b><\/td>\n<td><span style=\"font-weight: 400;\">77 Group<\/span><\/td>\n<\/tr>\n<tr>\n<td><b>Sabor<\/b><\/td>\n<td><span style=\"font-weight: 400;\">Bebida energ\u00e9tica<\/span><\/td>\n<\/tr>\n<tr>\n<td><b>Tipo<\/b><\/td>\n<td><span style=\"font-weight: 400;\">Bolsa blanca<\/span><\/td>\n<\/tr>\n<\/tbody>\n<\/table>","protected":false},"excerpt":{"rendered":"<p>X-BOOSTER <strong data-start=\"10\" data-end=\"26\">Bebida energ\u00e9tica<\/strong> ofrece un sabor suave y equilibrado de bebida energ\u00e9tica. El <strong data-start=\"79\" data-end=\"87\">delgado<\/strong>, Las bolsas blancas son discretas, c\u00f3modas y no manchan. Cada bolsa contiene <strong data-start=\"166\" data-end=\"184\">80 mg de cafe\u00edna<\/strong> para una intensidad constante. Fabricado por 77 Group para una experiencia de alta calidad, sabor intenso, sin tabaco ni nicotina.<\/p>","protected":false},"featured_media":28026,"comment_status":"open","ping_status":"closed","template":"","format":[],"meta":{"_acf_changed":false},"product_brand":[],"product_cat":[241],"product_tag":[17015],"flavours":[],"nicotine":[],"class_list":{"0":"post-96159","1":"product","2":"type-product","3":"status-publish","4":"has-post-thumbnail","6":"product_cat-x-booster","7":"product_tag-50-off","8":"pa_quantity-1-pack","9":"pa_quantity-10-pack","10":"pa_quantity-3-pack","11":"pa_quantity-30-pack","12":"pa_quantity-5-pack","13":"pa_quantity-60-pack","15":"first","16":"instock","17":"sale","18":"taxable","19":"shipping-taxable","20":"purchasable","21":"product-type-variable"},"acf":[],"_links":{"self":[{"href":"https:\/\/whitelip.com\/es\/wp-json\/wp\/v2\/product\/96159","targetHints":{"allow":["GET"]}}],"collection":[{"href":"https:\/\/whitelip.com\/es\/wp-json\/wp\/v2\/product"}],"about":[{"href":"https:\/\/whitelip.com\/es\/wp-json\/wp\/v2\/types\/product"}],"replies":[{"embeddable":true,"href":"https:\/\/whitelip.com\/es\/wp-json\/wp\/v2\/comments?post=96159"}],"wp:featuredmedia":[{"embeddable":true,"href":"https:\/\/whitelip.com\/es\/wp-json\/wp\/v2\/media\/28026"}],"wp:attachment":[{"href":"https:\/\/whitelip.com\/es\/wp-json\/wp\/v2\/media?parent=96159"}],"wp:term":[{"taxonomy":"product_brand","embeddable":true,"href":"https:\/\/whitelip.com\/es\/wp-json\/wp\/v2\/product_brand?post=96159"},{"taxonomy":"product_cat","embeddable":true,"href":"https:\/\/whitelip.com\/es\/wp-json\/wp\/v2\/product_cat?post=96159"},{"taxonomy":"product_tag","embeddable":true,"href":"https:\/\/whitelip.com\/es\/wp-json\/wp\/v2\/product_tag?post=96159"},{"taxonomy":"flavours","embeddable":true,"href":"https:\/\/whitelip.com\/es\/wp-json\/wp\/v2\/flavours?post=96159"},{"taxonomy":"format","embeddable":true,"href":"https:\/\/whitelip.com\/es\/wp-json\/wp\/v2\/format?post=96159"},{"taxonomy":"nicotine","embeddable":true,"href":"https:\/\/whitelip.com\/es\/wp-json\/wp\/v2\/nicotine?post=96159"}],"curies":[{"name":"wp","href":"https:\/\/api.w.org\/{rel}","templated":true}]}}