{"id":9615,"date":"2025-01-29T12:39:51","date_gmt":"2025-01-29T12:39:51","guid":{"rendered":"https:\/\/whitelip.com\/greatest-xl-cold-dry-16mg\/"},"modified":"2026-05-07T10:11:29","modified_gmt":"2026-05-07T10:11:29","slug":"greatest-xl-cold-dry-16mg","status":"publish","type":"product","link":"https:\/\/whitelip.com\/es\/greatest\/greatest-xl-cold-dry-16mg\/","title":{"rendered":"GREATEST XL Fr\u00edo Seco 16mg"},"content":{"rendered":"<h2><strong>GREATEST XL Fr\u00edo Seco 16mg<\/strong><\/h2>\n<p><span style=\"font-weight: 400;\">Las bolsitas de nicotina GREATEST XL Cold Dry 16mg ofrecen un refrescante sabor a menta combinado con una potencia de nicotina de 16 mg por gramo, lo que equivale aproximadamente a 13 mg por bolsita. Cada lata contiene 20 bolsitas de gran formato, dise\u00f1adas para un uso no tan discreto sin manchar los dientes. Producidas por Puff &amp; Pouch, un fabricante finland\u00e9s conocido por combinar m\u00e9todos contempor\u00e1neos con calidad tradicional, estas bolsitas son un ejemplo de alto nivel e innovadoras combinaciones de sabores.<\/span><\/p>\n<table>\n<tbody>\n<tr>\n<td><b>Atributo<\/b><\/td>\n<td><b>Detalles<\/b><\/td>\n<\/tr>\n<tr>\n<td><b>Contenido por lata<\/b><\/td>\n<td><span style=\"font-weight: 400;\">12g (20 pouches)<\/span><\/td>\n<\/tr>\n<tr>\n<td><b>Contenido de nicotina<\/b><\/td>\n<td><span style=\"font-weight: 400;\">16 mg\/g (13,32 mg por bolsita)<\/span><\/td>\n<\/tr>\n<tr>\n<td><b>Formato bolsa<\/b><\/td>\n<td><span style=\"font-weight: 400;\">Grande<\/span><\/td>\n<\/tr>\n<tr>\n<td><b>Productor<\/b><\/td>\n<td><span style=\"font-weight: 400;\">Soplo &amp; Sobre<\/span><\/td>\n<\/tr>\n<tr>\n<td><b>Sabor<\/b><\/td>\n<td><span style=\"font-weight: 400;\">Menta<\/span><\/td>\n<\/tr>\n<tr>\n<td><b>Tipo<\/b><\/td>\n<td><span style=\"font-weight: 400;\">Bolsa blanca<\/span><\/td>\n<\/tr>\n<\/tbody>\n<\/table>","protected":false},"excerpt":{"rendered":"<p>Refrescante <strong data-start=\"11\" data-end=\"19\">menta<\/strong> con un perfil limpio y refrescante. <strong data-start=\"51\" data-end=\"70\">Gran formato XL<\/strong> Bolsitas totalmente blancas dise\u00f1adas para un uso no tan discreto sin manchar los dientes; 20 por lata. Cada bolsa contiene <strong data-start=\"178\" data-end=\"197\">~13 mg de nicotina<\/strong> (<strong data-start=\"199\" data-end=\"210\">16 mg\/g<\/strong>), proporcionando una patada constante y satisfactoria. Producido por Puff &amp; Pouch (Finlandia) para una calidad alta y constante.<\/p>","protected":false},"featured_media":9616,"comment_status":"open","ping_status":"closed","template":"","format":[204],"meta":{"_acf_changed":false},"product_brand":[],"product_cat":[87],"product_tag":[16593],"flavours":[199],"nicotine":[213,232],"class_list":{"0":"post-9615","1":"product","2":"type-product","3":"status-publish","4":"has-post-thumbnail","6":"product_cat-greatest","7":"product_tag-13-mg-pouch","8":"pa_quantity-1-pack","9":"pa_quantity-10-pack","10":"pa_quantity-3-pack","11":"pa_quantity-30-pack","12":"pa_quantity-5-pack","13":"pa_quantity-60-pack","14":"flavours-mint","15":"format-large","16":"nicotine-16-mg-g","17":"nicotine-extra-strong","19":"first","20":"instock","21":"taxable","22":"shipping-taxable","23":"purchasable","24":"product-type-variable","25":"has-default-attributes"},"acf":[],"_links":{"self":[{"href":"https:\/\/whitelip.com\/es\/wp-json\/wp\/v2\/product\/9615","targetHints":{"allow":["GET"]}}],"collection":[{"href":"https:\/\/whitelip.com\/es\/wp-json\/wp\/v2\/product"}],"about":[{"href":"https:\/\/whitelip.com\/es\/wp-json\/wp\/v2\/types\/product"}],"replies":[{"embeddable":true,"href":"https:\/\/whitelip.com\/es\/wp-json\/wp\/v2\/comments?post=9615"}],"wp:featuredmedia":[{"embeddable":true,"href":"https:\/\/whitelip.com\/es\/wp-json\/wp\/v2\/media\/9616"}],"wp:attachment":[{"href":"https:\/\/whitelip.com\/es\/wp-json\/wp\/v2\/media?parent=9615"}],"wp:term":[{"taxonomy":"product_brand","embeddable":true,"href":"https:\/\/whitelip.com\/es\/wp-json\/wp\/v2\/product_brand?post=9615"},{"taxonomy":"product_cat","embeddable":true,"href":"https:\/\/whitelip.com\/es\/wp-json\/wp\/v2\/product_cat?post=9615"},{"taxonomy":"product_tag","embeddable":true,"href":"https:\/\/whitelip.com\/es\/wp-json\/wp\/v2\/product_tag?post=9615"},{"taxonomy":"flavours","embeddable":true,"href":"https:\/\/whitelip.com\/es\/wp-json\/wp\/v2\/flavours?post=9615"},{"taxonomy":"format","embeddable":true,"href":"https:\/\/whitelip.com\/es\/wp-json\/wp\/v2\/format?post=9615"},{"taxonomy":"nicotine","embeddable":true,"href":"https:\/\/whitelip.com\/es\/wp-json\/wp\/v2\/nicotine?post=9615"}],"curies":[{"name":"wp","href":"https:\/\/api.w.org\/{rel}","templated":true}]}}