{"id":9515,"date":"2024-12-12T13:44:38","date_gmt":"2024-12-12T13:44:38","guid":{"rendered":"https:\/\/whitelip.com\/77-raspberry-vanilla-light\/"},"modified":"2026-04-27T10:10:44","modified_gmt":"2026-04-27T10:10:44","slug":"77-raspberry-vanilla-light","status":"publish","type":"product","link":"https:\/\/whitelip.com\/es\/77\/77-raspberry-vanilla-light\/","title":{"rendered":"77 Frambuesa y Vainilla Light"},"content":{"rendered":"<h2><strong>77 Frambuesa y Vainilla Light<\/strong><\/h2>\n<p><span style=\"font-weight: 400;\">77 Bolsitas de nicotina Raspberry &amp; Vanilla Light ofrecen un dulce y aut\u00e9ntico sabor a frambuesa y vainilla, capturando tanto la acidez como la dulzura de las bayas frescas. Cada bolsita contiene 5,2 mg de nicotina, proporcionando una sensaci\u00f3n suave adecuada para aquellos que buscan una experiencia de nicotina suave. Su discreto dise\u00f1o asegura un c\u00f3modo ajuste bajo el labio, permitiendo su uso en cualquier momento sin manchar los dientes. Producidas por 77 Group, estas bolsitas sin tabaco son un ejemplo de alta calidad e innovadoras combinaciones de sabores.<\/span><\/p>\n<table>\n<tbody>\n<tr>\n<td><b>Atributo<\/b><\/td>\n<td><b>Detalles<\/b><\/td>\n<\/tr>\n<tr>\n<td><b>Contenido por lata<\/b><\/td>\n<td><span style=\"font-weight: 400;\">10 g (20 bolsitas)<\/span><\/td>\n<\/tr>\n<tr>\n<td><b>Contenido de nicotina<\/b><\/td>\n<td><span style=\"font-weight: 400;\">8 mg\/g (5,2 mg por bolsita)<\/span><\/td>\n<\/tr>\n<tr>\n<td><b>Formato bolsa<\/b><\/td>\n<td><span style=\"font-weight: 400;\">Delgado<\/span><\/td>\n<\/tr>\n<tr>\n<td><b>Productor<\/b><\/td>\n<td><span style=\"font-weight: 400;\">77 Group<\/span><\/td>\n<\/tr>\n<tr>\n<td><b>Sabor<\/b><\/td>\n<td><span style=\"font-weight: 400;\">Frambuesa y vainilla<\/span><\/td>\n<\/tr>\n<tr>\n<td><b>Tipo<\/b><\/td>\n<td><span style=\"font-weight: 400;\">Bolsa blanca<\/span><\/td>\n<\/tr>\n<\/tbody>\n<\/table>","protected":false},"excerpt":{"rendered":"<p>Dulce, aut\u00e9ntico <strong data-start=\"17\" data-end=\"42\">frambuesa y vainilla<\/strong> con un perfil agridulce equilibrado. En <strong data-start=\"83\" data-end=\"102\">delgado, todo blanco<\/strong> se asientan discreta y c\u00f3modamente bajo el labio para un uso limpio y en cualquier momento. Cada bolsa contiene <strong data-start=\"200\" data-end=\"219\">5,2 mg de nicotina<\/strong>, ofreciendo una experiencia suave y ligera del Grupo 77.<\/p>","protected":false},"featured_media":9516,"comment_status":"open","ping_status":"closed","template":"","format":[206],"meta":{"_acf_changed":false},"product_brand":[],"product_cat":[23],"product_tag":[16547],"flavours":[196,201],"nicotine":[230,236],"class_list":{"0":"post-9515","1":"product","2":"type-product","3":"status-publish","4":"has-post-thumbnail","6":"product_cat-23","7":"product_tag-5-2-mg-pouch","8":"pa_quantity-1-pack","9":"pa_quantity-10-pack","10":"pa_quantity-3-pack","11":"pa_quantity-30-pack","12":"pa_quantity-5-pack","13":"pa_quantity-60-pack","14":"flavours-fruits-berries","15":"flavours-vanilla","16":"format-slim","17":"nicotine-8-mg-g","18":"nicotine-strong","20":"first","21":"instock","22":"taxable","23":"shipping-taxable","24":"purchasable","25":"product-type-variable","26":"has-default-attributes"},"acf":[],"_links":{"self":[{"href":"https:\/\/whitelip.com\/es\/wp-json\/wp\/v2\/product\/9515","targetHints":{"allow":["GET"]}}],"collection":[{"href":"https:\/\/whitelip.com\/es\/wp-json\/wp\/v2\/product"}],"about":[{"href":"https:\/\/whitelip.com\/es\/wp-json\/wp\/v2\/types\/product"}],"replies":[{"embeddable":true,"href":"https:\/\/whitelip.com\/es\/wp-json\/wp\/v2\/comments?post=9515"}],"wp:featuredmedia":[{"embeddable":true,"href":"https:\/\/whitelip.com\/es\/wp-json\/wp\/v2\/media\/9516"}],"wp:attachment":[{"href":"https:\/\/whitelip.com\/es\/wp-json\/wp\/v2\/media?parent=9515"}],"wp:term":[{"taxonomy":"product_brand","embeddable":true,"href":"https:\/\/whitelip.com\/es\/wp-json\/wp\/v2\/product_brand?post=9515"},{"taxonomy":"product_cat","embeddable":true,"href":"https:\/\/whitelip.com\/es\/wp-json\/wp\/v2\/product_cat?post=9515"},{"taxonomy":"product_tag","embeddable":true,"href":"https:\/\/whitelip.com\/es\/wp-json\/wp\/v2\/product_tag?post=9515"},{"taxonomy":"flavours","embeddable":true,"href":"https:\/\/whitelip.com\/es\/wp-json\/wp\/v2\/flavours?post=9515"},{"taxonomy":"format","embeddable":true,"href":"https:\/\/whitelip.com\/es\/wp-json\/wp\/v2\/format?post=9515"},{"taxonomy":"nicotine","embeddable":true,"href":"https:\/\/whitelip.com\/es\/wp-json\/wp\/v2\/nicotine?post=9515"}],"curies":[{"name":"wp","href":"https:\/\/api.w.org\/{rel}","templated":true}]}}