{"id":9506,"date":"2024-12-10T11:14:40","date_gmt":"2024-12-10T11:14:40","guid":{"rendered":"https:\/\/whitelip.com\/zxs-exotic-chill-jumbo-can\/"},"modified":"2026-04-21T13:47:10","modified_gmt":"2026-04-21T13:47:10","slug":"zxs-exotic-chill-jumbo-can","status":"publish","type":"product","link":"https:\/\/whitelip.com\/es\/jumbo-can\/zxs-exotic-chill-jumbo-can\/","title":{"rendered":"Z!XS Exotic Chill Lata Jumbo"},"content":{"rendered":"<h2><b>Z!XS Exotic Chill Lata Jumbo<\/b><\/h2>\n<p><span style=\"font-weight: 400;\">Z!XS Exotic Chill Jumbo Can ofrece una mezcla \u00fanica de <\/span><b>sabores de frutas tropicales<\/b><span style=\"font-weight: 400;\"> combinado con un sutil <\/span><b>sensaci\u00f3n de frescor<\/b><span style=\"font-weight: 400;\">, Una experiencia de nicotina refrescante y vibrante. Perfecto para los usuarios que aprecian un toque afrutado pero vigorizante, cada bolsa delgada y totalmente blanca contiene <\/span><b>12 mg de nicotina<\/b><span style=\"font-weight: 400;\">, proporcionando una liberaci\u00f3n potente y constante ideal para usuarios experimentados que buscan una fuerza extra.<\/span><\/p>\n<p><span style=\"font-weight: 400;\">Envasado en un <\/span><b>lata jumbo<\/b><span style=\"font-weight: 400;\"> con 320 porciones, Z!XS Exotic Chill es ideal para un uso prolongado, ofreciendo gran valor y comodidad. El formato delgado asegura un ajuste c\u00f3modo y discreto bajo el labio, mientras que el dise\u00f1o sin tabaco garantiza un disfrute limpio y sin manchas. Z!XS Exotic Chill Jumbo es la elecci\u00f3n perfecta para aquellos que buscan un sabor tropical intenso combinado con un acabado fresco y refrescante.<\/span><\/p>\n<table>\n<tbody>\n<tr>\n<td><b>Atributo<\/b><\/td>\n<td><b>Detalles<\/b><\/td>\n<\/tr>\n<tr>\n<td><b>Marca<\/b><\/td>\n<td><span style=\"font-weight: 400;\">Z!XS<\/span><\/td>\n<\/tr>\n<tr>\n<td><b>Tipo de producto<\/b><\/td>\n<td><span style=\"font-weight: 400;\">Todas las bolsas de nicotina blancas<\/span><\/td>\n<\/tr>\n<tr>\n<td><b>Formato<\/b><\/td>\n<td><span style=\"font-weight: 400;\">Delgado<\/span><\/td>\n<\/tr>\n<tr>\n<td><b>Sabor<\/b><\/td>\n<td><span style=\"font-weight: 400;\">Frutas tropicales y Refrescante<\/span><\/td>\n<\/tr>\n<tr>\n<td><b>Potencia de nicotina<\/b><\/td>\n<td><span style=\"font-weight: 400;\">12 mg por sobre<\/span><\/td>\n<\/tr>\n<tr>\n<td><b>Peso de la raci\u00f3n<\/b><\/td>\n<td><span style=\"font-weight: 400;\">0,7 gramos<\/span><\/td>\n<\/tr>\n<tr>\n<td><b>N\u00famero de porciones<\/b><\/td>\n<td><span style=\"font-weight: 400;\">320 por lata (lata gigante)<\/span><\/td>\n<\/tr>\n<tr>\n<td><b>Peso total de la lata<\/b><\/td>\n<td><span style=\"font-weight: 400;\">46.2 gramos<\/span><\/td>\n<\/tr>\n<tr>\n<td><b>Fabricante<\/b><\/td>\n<td><span style=\"font-weight: 400;\">Z!XS International<\/span><\/td>\n<\/tr>\n<tr>\n<td><b>Caracter\u00edsticas notables<\/b><\/td>\n<td><span style=\"font-weight: 400;\">Sin tabaco, formato delgado, sabor de frutas tropicales con una sensaci\u00f3n refrescante, lata jumbo con 66 porciones<\/span><\/td>\n<\/tr>\n<\/tbody>\n<\/table>","protected":false},"excerpt":{"rendered":"<p>Z!XS <strong data-start=\"5\" data-end=\"21\">Exotic Chill<\/strong> <strong data-start=\"22\" data-end=\"38\">Extra Fuerte<\/strong> mezcla frutas tropicales con un sutil final refrescante para un perfil refrescante y vibrante. En <strong data-start=\"130\" data-end=\"138\">delgado<\/strong>, Las bolsas blancas son discretas y c\u00f3modas. Cada bolsa contiene <strong data-start=\"208\" data-end=\"226\">12 mg de nicotina<\/strong>, proporcionando una liberaci\u00f3n potente y constante para usuarios experimentados. La lata jumbo incluye aproximadamente <strong>320 Delgado<\/strong> que proporcionan un volumen significativamente mayor que los formatos de lata est\u00e1ndar.<\/p>","protected":false},"featured_media":9507,"comment_status":"open","ping_status":"closed","template":"","format":[206],"meta":{"_acf_changed":false},"product_brand":[],"product_cat":[92,39],"product_tag":[16561],"flavours":[196],"nicotine":[213,232],"class_list":{"0":"post-9506","1":"product","2":"type-product","3":"status-publish","4":"has-post-thumbnail","6":"product_cat-jumbo-can","7":"product_cat-zxs","8":"product_tag-12-mg-pouch","9":"pa_quantity-1-pack","10":"pa_quantity-10-pack","11":"pa_quantity-2-pack","12":"pa_quantity-3-pack","13":"pa_quantity-30-pack","14":"pa_quantity-5-pack","15":"pa_quantity-60-pack","16":"flavours-fruits-berries","17":"format-slim","18":"nicotine-16-mg-g","19":"nicotine-extra-strong","21":"first","22":"instock","23":"taxable","24":"shipping-taxable","25":"purchasable","26":"product-type-variable"},"acf":[],"_links":{"self":[{"href":"https:\/\/whitelip.com\/es\/wp-json\/wp\/v2\/product\/9506","targetHints":{"allow":["GET"]}}],"collection":[{"href":"https:\/\/whitelip.com\/es\/wp-json\/wp\/v2\/product"}],"about":[{"href":"https:\/\/whitelip.com\/es\/wp-json\/wp\/v2\/types\/product"}],"replies":[{"embeddable":true,"href":"https:\/\/whitelip.com\/es\/wp-json\/wp\/v2\/comments?post=9506"}],"wp:featuredmedia":[{"embeddable":true,"href":"https:\/\/whitelip.com\/es\/wp-json\/wp\/v2\/media\/9507"}],"wp:attachment":[{"href":"https:\/\/whitelip.com\/es\/wp-json\/wp\/v2\/media?parent=9506"}],"wp:term":[{"taxonomy":"product_brand","embeddable":true,"href":"https:\/\/whitelip.com\/es\/wp-json\/wp\/v2\/product_brand?post=9506"},{"taxonomy":"product_cat","embeddable":true,"href":"https:\/\/whitelip.com\/es\/wp-json\/wp\/v2\/product_cat?post=9506"},{"taxonomy":"product_tag","embeddable":true,"href":"https:\/\/whitelip.com\/es\/wp-json\/wp\/v2\/product_tag?post=9506"},{"taxonomy":"flavours","embeddable":true,"href":"https:\/\/whitelip.com\/es\/wp-json\/wp\/v2\/flavours?post=9506"},{"taxonomy":"format","embeddable":true,"href":"https:\/\/whitelip.com\/es\/wp-json\/wp\/v2\/format?post=9506"},{"taxonomy":"nicotine","embeddable":true,"href":"https:\/\/whitelip.com\/es\/wp-json\/wp\/v2\/nicotine?post=9506"}],"curies":[{"name":"wp","href":"https:\/\/api.w.org\/{rel}","templated":true}]}}