{"id":9504,"date":"2024-12-10T11:14:41","date_gmt":"2024-12-10T11:14:41","guid":{"rendered":"https:\/\/whitelip.com\/zxs-north-ice-66-jumbo-can\/"},"modified":"2026-04-28T03:17:49","modified_gmt":"2026-04-28T03:17:49","slug":"zxs-north-ice-66-jumbo-can","status":"publish","type":"product","link":"https:\/\/whitelip.com\/es\/jumbo-can\/zxs-north-ice-66-jumbo-can\/","title":{"rendered":"Z!XS North Ice -66 Lata Jumbo"},"content":{"rendered":"<h2><b>Z!XS North Ice -66 Lata Jumbo<\/b><\/h2>\n<p><span style=\"font-weight: 400;\">Z!XS North Ice -66 Jumbo Can ofrece un <\/span><b>intenso sabor a menta helada<\/b><span style=\"font-weight: 400;\"> combinada con un subid\u00f3n de nicotina ultrafuerte, lo que la convierte en una elecci\u00f3n audaz para los usuarios experimentados. La aguda y refrescante sensaci\u00f3n mentolada proporciona una experiencia limpia y vigorizante, mientras que el alto contenido de nicotina asegura un <\/span><b>liberaci\u00f3n potente y duradera<\/b><span style=\"font-weight: 400;\">. Cada bolsa blanca contiene <\/span><b>12 mg de nicotina<\/b><span style=\"font-weight: 400;\">, ofreciendo una opci\u00f3n extrafuerte para quienes buscan la m\u00e1xima resistencia.<\/span><\/p>\n<p><span style=\"font-weight: 400;\">Envasado en un pr\u00e1ctico <\/span><b>lata jumbo<\/b><span style=\"font-weight: 400;\"> Con m\u00e1s porciones, este producto es ideal para los grandes consumidores o para quienes desean una disponibilidad prolongada. Su formato fino garantiza un ajuste c\u00f3modo y discreto bajo el labio, mientras que su composici\u00f3n sin tabaco proporciona una alternativa moderna y sin manchas a los productos tradicionales. Z!XS North Ice -66 combina una fuerza extrema con un refrescante efecto de enfriamiento para una experiencia de nicotina sin igual.<\/span><\/p>\n<table>\n<tbody>\n<tr>\n<td><b>Atributo<\/b><\/td>\n<td><b>Detalles<\/b><\/td>\n<\/tr>\n<tr>\n<td><b>Marca<\/b><\/td>\n<td><span style=\"font-weight: 400;\">Z!XS<\/span><\/td>\n<\/tr>\n<tr>\n<td><b>Tipo de producto<\/b><\/td>\n<td><span style=\"font-weight: 400;\">Todas las bolsas de nicotina blancas<\/span><\/td>\n<\/tr>\n<tr>\n<td><b>Formato<\/b><\/td>\n<td><span style=\"font-weight: 400;\">Delgado<\/span><\/td>\n<\/tr>\n<tr>\n<td><b>Sabor<\/b><\/td>\n<td><span style=\"font-weight: 400;\">Menta helada<\/span><\/td>\n<\/tr>\n<tr>\n<td><b>Potencia de nicotina<\/b><\/td>\n<td><span style=\"font-weight: 400;\">12 mg por sobre<\/span><\/td>\n<\/tr>\n<tr>\n<td><b>Peso de la raci\u00f3n<\/b><\/td>\n<td><span style=\"font-weight: 400;\">0,7 gramos<\/span><\/td>\n<\/tr>\n<tr>\n<td><b>N\u00famero de porciones<\/b><\/td>\n<td><span style=\"font-weight: 400;\">320 por lata (lata gigante)<\/span><\/td>\n<\/tr>\n<tr>\n<td><b>Peso total de la lata<\/b><\/td>\n<td><span style=\"font-weight: 400;\">46.2 gramos<\/span><\/td>\n<\/tr>\n<tr>\n<td><b>Fabricante<\/b><\/td>\n<td><span style=\"font-weight: 400;\">Z!XS International<\/span><\/td>\n<\/tr>\n<tr>\n<td><b>Caracter\u00edsticas notables<\/b><\/td>\n<td><span style=\"font-weight: 400;\">Sin tabaco, formato slim, sabor de menta helada extra fuerte, lata jumbo con 66 porciones<\/span><\/td>\n<\/tr>\n<\/tbody>\n<\/table>","protected":false},"excerpt":{"rendered":"<p>Z!XS <strong data-start=\"5\" data-end=\"22\">Hielo Norte -66<\/strong> <strong data-start=\"23\" data-end=\"39\">Ultrarresistente<\/strong> proporciona una intensa sensaci\u00f3n de menta helada y mentol para un efecto limpio y tonificante. El <strong data-start=\"110\" data-end=\"123\">todo blanco<\/strong> son discretas y c\u00f3modas. Cada bolsa contiene <strong data-start=\"182\" data-end=\"200\">12 mg de nicotina<\/strong>, proporcionando una liberaci\u00f3n potente y duradera. La lata jumbo incluye aproximadamente <strong>320 Delgado<\/strong> que proporcionan un volumen significativamente mayor que los formatos de lata est\u00e1ndar.<\/p>","protected":false},"featured_media":9505,"comment_status":"open","ping_status":"closed","template":"","format":[206],"meta":{"_acf_changed":false},"product_brand":[],"product_cat":[92,39],"product_tag":[16561],"flavours":[199],"nicotine":[213,232],"class_list":{"0":"post-9504","1":"product","2":"type-product","3":"status-publish","4":"has-post-thumbnail","6":"product_cat-jumbo-can","7":"product_cat-zxs","8":"product_tag-12-mg-pouch","9":"pa_quantity-1-pack","10":"pa_quantity-10-pack","11":"pa_quantity-2-pack","12":"pa_quantity-3-pack","13":"pa_quantity-30-pack","14":"pa_quantity-5-pack","15":"pa_quantity-60-pack","16":"flavours-mint","17":"format-slim","18":"nicotine-16-mg-g","19":"nicotine-extra-strong","21":"first","22":"instock","23":"taxable","24":"shipping-taxable","25":"purchasable","26":"product-type-variable"},"acf":[],"_links":{"self":[{"href":"https:\/\/whitelip.com\/es\/wp-json\/wp\/v2\/product\/9504","targetHints":{"allow":["GET"]}}],"collection":[{"href":"https:\/\/whitelip.com\/es\/wp-json\/wp\/v2\/product"}],"about":[{"href":"https:\/\/whitelip.com\/es\/wp-json\/wp\/v2\/types\/product"}],"replies":[{"embeddable":true,"href":"https:\/\/whitelip.com\/es\/wp-json\/wp\/v2\/comments?post=9504"}],"wp:featuredmedia":[{"embeddable":true,"href":"https:\/\/whitelip.com\/es\/wp-json\/wp\/v2\/media\/9505"}],"wp:attachment":[{"href":"https:\/\/whitelip.com\/es\/wp-json\/wp\/v2\/media?parent=9504"}],"wp:term":[{"taxonomy":"product_brand","embeddable":true,"href":"https:\/\/whitelip.com\/es\/wp-json\/wp\/v2\/product_brand?post=9504"},{"taxonomy":"product_cat","embeddable":true,"href":"https:\/\/whitelip.com\/es\/wp-json\/wp\/v2\/product_cat?post=9504"},{"taxonomy":"product_tag","embeddable":true,"href":"https:\/\/whitelip.com\/es\/wp-json\/wp\/v2\/product_tag?post=9504"},{"taxonomy":"flavours","embeddable":true,"href":"https:\/\/whitelip.com\/es\/wp-json\/wp\/v2\/flavours?post=9504"},{"taxonomy":"format","embeddable":true,"href":"https:\/\/whitelip.com\/es\/wp-json\/wp\/v2\/format?post=9504"},{"taxonomy":"nicotine","embeddable":true,"href":"https:\/\/whitelip.com\/es\/wp-json\/wp\/v2\/nicotine?post=9504"}],"curies":[{"name":"wp","href":"https:\/\/api.w.org\/{rel}","templated":true}]}}