{"id":9499,"date":"2024-12-05T14:43:15","date_gmt":"2024-12-05T14:43:15","guid":{"rendered":"https:\/\/whitelip.com\/gilo-raspberry-biteback\/"},"modified":"2026-03-05T11:31:18","modified_gmt":"2026-03-05T11:31:18","slug":"gilo-raspberry-biteback","status":"publish","type":"product","link":"https:\/\/whitelip.com\/es\/gilo\/gilo-raspberry-biteback\/","title":{"rendered":"GILO Frambuesa Biteback"},"content":{"rendered":"<h2><b>GILO Frambuesa Biteback<\/b><\/h2>\n<p><span style=\"font-weight: 400;\">Las bolsitas de nicotina GILO Raspberry Biteback ofrecen una experiencia audaz y estimulante para aquellos que buscan un potente golpe de nicotina. Cada sobre contiene 20 mg de nicotina, proporcionando una sensaci\u00f3n intensa que combina el sabor dulce y jugoso de las frambuesas maduras con un mordisco intenso y refrescante. Dise\u00f1adas para un uso discreto y sobre la marcha, estas bolsitas sin tabaco proporcionan una alternativa m\u00e1s limpia a fumar o masticar tradicionalmente. Su delgado dise\u00f1o garantiza una experiencia sin complicaciones, mientras que su sabor duradero y su potente potencia de nicotina las convierten en una opci\u00f3n destacada para quienes buscan sabor e intensidad. Tanto si buscas un r\u00e1pido subid\u00f3n de energ\u00eda como una sabrosa experiencia de nicotina, GILO Raspberry Biteback 20mg es tu compa\u00f1ero ideal.<\/span><\/p>\n<p><b>Especificaciones<\/b><\/p>\n<table>\n<tbody>\n<tr>\n<td><b>Atributo<\/b><\/td>\n<td><b>Detalles<\/b><\/td>\n<\/tr>\n<tr>\n<td><b>Contenido de nicotina<\/b><\/td>\n<td><span style=\"font-weight: 400;\">20 mg por pouch<\/span><\/td>\n<\/tr>\n<tr>\n<td><b>Formato bolsa<\/b><\/td>\n<td><span style=\"font-weight: 400;\">Delgado<\/span><\/td>\n<\/tr>\n<tr>\n<td><b>Sabor<\/b><\/td>\n<td><span style=\"font-weight: 400;\">Frambuesa<\/span><\/td>\n<\/tr>\n<tr>\n<td><b>Tipo<\/b><\/td>\n<td><span style=\"font-weight: 400;\">Pouch sin tabaco<\/span><\/td>\n<\/tr>\n<\/tbody>\n<\/table>","protected":false},"excerpt":{"rendered":"<p><span style=\"font-weight: 400;\">Las bolsitas de nicotina GILO Raspberry Biteback ofrecen una experiencia audaz y estimulante para aquellos que buscan un potente golpe de nicotina. Cada sobre contiene 20 mg de nicotina, proporcionando una sensaci\u00f3n intensa que combina el sabor dulce y jugoso de las frambuesas maduras con un mordisco intenso y refrescante. Dise\u00f1adas para un uso discreto y sobre la marcha, estas bolsitas sin tabaco proporcionan una alternativa m\u00e1s limpia a fumar o masticar tradicionalmente. Su delgado dise\u00f1o garantiza una experiencia sin complicaciones, mientras que su sabor duradero y su potente potencia de nicotina las convierten en una opci\u00f3n destacada para quienes buscan sabor e intensidad. Tanto si buscas un r\u00e1pido subid\u00f3n de energ\u00eda como una sabrosa experiencia de nicotina, GILO Raspberry Biteback 20mg es tu compa\u00f1ero ideal.<\/span><\/p>","protected":false},"featured_media":9500,"comment_status":"open","ping_status":"closed","template":"","format":[206],"meta":{"_acf_changed":false},"product_brand":[],"product_cat":[89],"product_tag":[16545],"flavours":[196],"nicotine":[209,232],"class_list":{"0":"post-9499","1":"product","2":"type-product","3":"status-publish","4":"has-post-thumbnail","6":"product_cat-gilo","7":"product_tag-20-mg-pouch","8":"pa_quantity-1-pack","9":"pa_quantity-10-pack","10":"pa_quantity-3-pack","11":"pa_quantity-30-pack","12":"pa_quantity-5-pack","13":"pa_quantity-60-pack","14":"flavours-fruits-berries","15":"format-slim","16":"nicotine-12-mg-g","17":"nicotine-extra-strong","19":"first","20":"outofstock","21":"taxable","22":"shipping-taxable","23":"purchasable","24":"product-type-variable"},"acf":[],"_links":{"self":[{"href":"https:\/\/whitelip.com\/es\/wp-json\/wp\/v2\/product\/9499","targetHints":{"allow":["GET"]}}],"collection":[{"href":"https:\/\/whitelip.com\/es\/wp-json\/wp\/v2\/product"}],"about":[{"href":"https:\/\/whitelip.com\/es\/wp-json\/wp\/v2\/types\/product"}],"replies":[{"embeddable":true,"href":"https:\/\/whitelip.com\/es\/wp-json\/wp\/v2\/comments?post=9499"}],"wp:featuredmedia":[{"embeddable":true,"href":"https:\/\/whitelip.com\/es\/wp-json\/wp\/v2\/media\/9500"}],"wp:attachment":[{"href":"https:\/\/whitelip.com\/es\/wp-json\/wp\/v2\/media?parent=9499"}],"wp:term":[{"taxonomy":"product_brand","embeddable":true,"href":"https:\/\/whitelip.com\/es\/wp-json\/wp\/v2\/product_brand?post=9499"},{"taxonomy":"product_cat","embeddable":true,"href":"https:\/\/whitelip.com\/es\/wp-json\/wp\/v2\/product_cat?post=9499"},{"taxonomy":"product_tag","embeddable":true,"href":"https:\/\/whitelip.com\/es\/wp-json\/wp\/v2\/product_tag?post=9499"},{"taxonomy":"flavours","embeddable":true,"href":"https:\/\/whitelip.com\/es\/wp-json\/wp\/v2\/flavours?post=9499"},{"taxonomy":"format","embeddable":true,"href":"https:\/\/whitelip.com\/es\/wp-json\/wp\/v2\/format?post=9499"},{"taxonomy":"nicotine","embeddable":true,"href":"https:\/\/whitelip.com\/es\/wp-json\/wp\/v2\/nicotine?post=9499"}],"curies":[{"name":"wp","href":"https:\/\/api.w.org\/{rel}","templated":true}]}}