{"id":93176,"date":"2026-04-02T13:47:21","date_gmt":"2026-04-02T13:47:21","guid":{"rendered":"https:\/\/whitelip.com\/?post_type=product&#038;p=93176"},"modified":"2026-04-15T13:01:58","modified_gmt":"2026-04-15T13:01:58","slug":"lind-cherry-cola","status":"publish","type":"product","link":"https:\/\/whitelip.com\/es\/lind\/lind-cherry-cola\/","title":{"rendered":"Lind Cherry Cola"},"content":{"rendered":"<h2>Lind Cherry Cola<\/h2>\n<p data-start=\"30\" data-end=\"261\">LIND Cherry Cola contiene 8.5 mg de nicotina por bolsita y presenta un perfil de sabor que combina cereza y cola. El producto es fabricado por HS Factory Sweden AB en Estocolmo y se presenta en formato de bolsita Slim.<\/p>\n<p data-start=\"263\" data-end=\"636\">El perfil de sabor mezcla notas dulces de cola con tonos de cereza m\u00e1s oscuros, creando un car\u00e1cter frutal y ligeramente nost\u00e1lgico. Una frescura ligera de cola equilibra la dulzura, resultando en una experiencia de sabor claramente definida y consistente. El formato Slim consiste en bolsitas m\u00e1s estrechas dise\u00f1adas para ajustarse uniformemente bajo el labio y proporcionar un ajuste discreto y c\u00f3modo durante el uso.<\/p>\n<p data-start=\"638\" data-end=\"929\">La concentraci\u00f3n de nicotina es 17 mg por gramo, correspondiente a 8,5 mg de nicotina por bolsa. Cada bolsa pesa 0,5 gramos. Cada lata contiene 20 bolsas con un peso neto total de 10 gramos, entregando aproximadamente 170 mg de nicotina por lata en total. El nivel de nicotina se clasifica como fuerte.<\/p>\n<p data-start=\"931\" data-end=\"1079\">LIND es una serie de productos desarrollada por HS Factory Sweden AB, enfoc\u00e1ndose en perfiles de sabor equilibrado, calidad consistente y m\u00e9todos de producci\u00f3n modernos.<\/p>\n<table>\n<tbody>\n<tr>\n<td><b>Atributo<\/b><\/td>\n<td><b>Detalles<\/b><\/td>\n<\/tr>\n<tr>\n<td><b>Contenido por lata<\/b><\/td>\n<td><span style=\"font-weight: 400;\">10 g (20 bolsitas)<\/span><\/td>\n<\/tr>\n<tr>\n<td><b>Contenido de nicotina<\/b><\/td>\n<td><span style=\"font-weight: 400;\">170 mg\/g (8,5 mg por bolsita)<\/span><\/td>\n<\/tr>\n<tr>\n<td><b>Formato bolsa<\/b><\/td>\n<td><span style=\"font-weight: 400;\">Delgado<\/span><\/td>\n<\/tr>\n<tr>\n<td><b>Productor<\/b><\/td>\n<td><span style=\"font-weight: 400;\">HS Factory Sweden AB<\/span><\/td>\n<\/tr>\n<tr>\n<td><b>Sabor<\/b><\/td>\n<td><span style=\"font-weight: 400;\">Cereza y Cola<\/span><\/td>\n<\/tr>\n<tr>\n<td><b>Tipo<\/b><\/td>\n<td><span style=\"font-weight: 400;\">Bolsa blanca<\/span><\/td>\n<\/tr>\n<\/tbody>\n<\/table>","protected":false},"excerpt":{"rendered":"<p>LIND Cherry Cola contiene <strong data-start=\"1149\" data-end=\"1168\">8,5 mg de nicotina<\/strong> por bolsita con un perfil de sabor que combina cereza y cola. Cada lata incluye 20 <strong data-start=\"1249\" data-end=\"1257\">Delgado<\/strong> bolsas de 0,5 gramos cada una, con una concentraci\u00f3n de nicotina de 17 mg por gramo. El producto es fabricado en Estocolmo y se clasifica como fortaleza fuerte.<\/p>","protected":false},"featured_media":93185,"comment_status":"open","ping_status":"closed","template":"","format":[206],"meta":{"_acf_changed":false},"product_brand":[],"product_cat":[17017],"product_tag":[16421],"flavours":[193,196],"nicotine":[214,232],"class_list":{"0":"post-93176","1":"product","2":"type-product","3":"status-publish","4":"has-post-thumbnail","6":"product_cat-lind","7":"product_tag-new","8":"pa_quantity-1-pack","9":"pa_quantity-10-pack","10":"pa_quantity-3-pack","11":"pa_quantity-30-pack","12":"pa_quantity-5-pack","13":"pa_quantity-60-pack","14":"flavours-cola","15":"flavours-fruits-berries","16":"format-slim","17":"nicotine-17-mg-g","18":"nicotine-extra-strong","20":"first","21":"instock","22":"sale","23":"taxable","24":"shipping-taxable","25":"purchasable","26":"product-type-variable"},"acf":[],"_links":{"self":[{"href":"https:\/\/whitelip.com\/es\/wp-json\/wp\/v2\/product\/93176","targetHints":{"allow":["GET"]}}],"collection":[{"href":"https:\/\/whitelip.com\/es\/wp-json\/wp\/v2\/product"}],"about":[{"href":"https:\/\/whitelip.com\/es\/wp-json\/wp\/v2\/types\/product"}],"replies":[{"embeddable":true,"href":"https:\/\/whitelip.com\/es\/wp-json\/wp\/v2\/comments?post=93176"}],"wp:featuredmedia":[{"embeddable":true,"href":"https:\/\/whitelip.com\/es\/wp-json\/wp\/v2\/media\/93185"}],"wp:attachment":[{"href":"https:\/\/whitelip.com\/es\/wp-json\/wp\/v2\/media?parent=93176"}],"wp:term":[{"taxonomy":"product_brand","embeddable":true,"href":"https:\/\/whitelip.com\/es\/wp-json\/wp\/v2\/product_brand?post=93176"},{"taxonomy":"product_cat","embeddable":true,"href":"https:\/\/whitelip.com\/es\/wp-json\/wp\/v2\/product_cat?post=93176"},{"taxonomy":"product_tag","embeddable":true,"href":"https:\/\/whitelip.com\/es\/wp-json\/wp\/v2\/product_tag?post=93176"},{"taxonomy":"flavours","embeddable":true,"href":"https:\/\/whitelip.com\/es\/wp-json\/wp\/v2\/flavours?post=93176"},{"taxonomy":"format","embeddable":true,"href":"https:\/\/whitelip.com\/es\/wp-json\/wp\/v2\/format?post=93176"},{"taxonomy":"nicotine","embeddable":true,"href":"https:\/\/whitelip.com\/es\/wp-json\/wp\/v2\/nicotine?post=93176"}],"curies":[{"name":"wp","href":"https:\/\/api.w.org\/{rel}","templated":true}]}}