{"id":93131,"date":"2026-04-02T12:34:56","date_gmt":"2026-04-02T12:34:56","guid":{"rendered":"https:\/\/whitelip.com\/?post_type=product&#038;p=93131"},"modified":"2026-05-07T11:05:45","modified_gmt":"2026-05-07T11:05:45","slug":"greatest-wasted-mango-strong","status":"publish","type":"product","link":"https:\/\/whitelip.com\/es\/greatest\/greatest-wasted-mango-strong\/","title":{"rendered":"GREATEST Wasted Mango Strong"},"content":{"rendered":"<h1 data-section-id=\"yk2pjq\" data-start=\"273\" data-end=\"332\"><strong>Greatest Wasted Mango Strong<\/strong><\/h1>\n<p data-start=\"334\" data-end=\"640\">Greatest Wasted Mango Strong es un producto de snus blanco de la marca Greatest, fabricado por Premium Pouch Global OY. El producto pertenece a la categor\u00eda de bolsas de nicotina y contiene nicotina pero sin tabaco. Las bolsas son completamente blancas y dise\u00f1adas en formato Slim, lo que significa un perfil m\u00e1s estrecho en comparaci\u00f3n con el snus tradicional. El producto se clasifica como fuerte seg\u00fan su contenido de nicotina.<\/p>\n<h2 data-section-id=\"1ufkwb7\" data-start=\"642\" data-end=\"660\">Sabor y fortaleza<\/h2>\n<p data-start=\"662\" data-end=\"875\">Este snus blanco presenta un perfil de sabor a mango. El sabor pertenece al segmento de bolsas de nicotina a base de frutas y difiere de las alternativas cl\u00e1sicas de menta y bayas. Cada bolsa contiene aproximadamente 12 mg de nicotina, correspondiente a 1.67%. Por lo tanto, el producto se clasifica como fuerte dentro del segmento de bolsas de nicotina.<\/p>\n<h2 data-section-id=\"1u8puf8\" data-start=\"877\" data-end=\"894\">Formato bolsa<\/h2>\n<p data-start=\"896\" data-end=\"1085\">Greatest Wasted Mango Strong se entrega en formato Slim. Esto significa que las bolsas son m\u00e1s estrechas y dise\u00f1adas para un ajuste discreto bajo el labio. El formato Slim se usa com\u00fanmente en snus blanco y bolsas de nicotina modernas.<\/p>\n<h2 data-section-id=\"14a1xfx\" data-start=\"1087\" data-end=\"1105\">Acerca de Greatest snus<\/h2>\n<p data-start=\"1107\" data-end=\"1335\">Greatest es una marca finlandesa dentro de la categor\u00eda de bolsas de nicotina. Los productos se caracterizan por bolsas completamente blancas en formatos discretos y son fabricados por Premium Pouch Global OY. La gama incluye varios sabores y fortalezas dentro de la categor\u00eda de snus blanco.<\/p>\n<table style=\"height: 235px;\" width=\"383\">\n<tbody>\n<tr>\n<td><b>Atributo<\/b><\/td>\n<td><b>Detalles<\/b><\/td>\n<\/tr>\n<tr>\n<td><strong>Marca<\/strong><\/td>\n<td><a href=\"https:\/\/whitelip.com\/es\/greatest\/\"><em><strong>Lo Mejor<\/strong><\/em><\/a><\/td>\n<\/tr>\n<tr>\n<td><b>Formato bolsa<\/b><\/td>\n<td><em><strong><a href=\"https:\/\/whitelip.com\/es\/format\/slim\/\">Delgado<\/a><\/strong><\/em><\/td>\n<\/tr>\n<tr>\n<td><b>Intensidad\u00a0<\/b><\/td>\n<td><a href=\"https:\/\/whitelip.com\/es\/nicotine\/strong\/\"><em><strong>Fuerte<\/strong><\/em><\/a><\/td>\n<\/tr>\n<tr>\n<td><b>Fabricante<\/b><\/td>\n<td><a href=\"https:\/\/whitelip.com\/es\/greatest\/\"><em><strong>Premium Pouch Global OY<\/strong><\/em><\/a><\/td>\n<\/tr>\n<tr>\n<td><b>Sabor<\/b><\/td>\n<td><span style=\"font-weight: 400;\">Mango<\/span><\/td>\n<\/tr>\n<tr>\n<td><b>Contenido de nicotina<\/b><\/td>\n<td><b><span style=\"font-weight: 400;\">\u00a012 mg por sobre<\/span><\/b><\/td>\n<\/tr>\n<tr>\n<td><b>Contenido por lata<\/b><\/td>\n<td><span style=\"font-weight: 400;\">14 g (20 bolsas)<\/span><\/td>\n<\/tr>\n<tr>\n<td><b>Categor\u00eda<\/b><\/td>\n<td><a href=\"https:\/\/whitelip.com\/es\/nicotine-pouches\/\"><b><i>Bolsitas de nicotina<\/i><\/b><\/a><\/td>\n<\/tr>\n<tr>\n<td><b>Tipo\u00a0<\/b><\/td>\n<td><b><span style=\"font-weight: 400;\">Bolsa blanca<\/span><\/b><\/td>\n<\/tr>\n<\/tbody>\n<\/table>\n<p>&nbsp;<\/p>","protected":false},"excerpt":{"rendered":"<p>Greatest Wasted Mango Strong es una bolsa de nicotina slim blanca con sabor a mango.<\/p>","protected":false},"featured_media":93138,"comment_status":"open","ping_status":"closed","template":"","format":[206],"meta":{"_acf_changed":false},"product_brand":[],"product_cat":[87],"product_tag":[16561],"flavours":[196],"nicotine":[213,232],"class_list":{"0":"post-93131","1":"product","2":"type-product","3":"status-publish","4":"has-post-thumbnail","6":"product_cat-greatest","7":"product_tag-12-mg-pouch","8":"pa_quantity-1-pack","9":"pa_quantity-10-pack","10":"pa_quantity-3-pack","11":"pa_quantity-30-pack","12":"pa_quantity-5-pack","13":"pa_quantity-60-pack","14":"flavours-fruits-berries","15":"format-slim","16":"nicotine-16-mg-g","17":"nicotine-extra-strong","19":"first","20":"outofstock","21":"taxable","22":"shipping-taxable","23":"purchasable","24":"product-type-variable"},"acf":[],"_links":{"self":[{"href":"https:\/\/whitelip.com\/es\/wp-json\/wp\/v2\/product\/93131","targetHints":{"allow":["GET"]}}],"collection":[{"href":"https:\/\/whitelip.com\/es\/wp-json\/wp\/v2\/product"}],"about":[{"href":"https:\/\/whitelip.com\/es\/wp-json\/wp\/v2\/types\/product"}],"replies":[{"embeddable":true,"href":"https:\/\/whitelip.com\/es\/wp-json\/wp\/v2\/comments?post=93131"}],"wp:featuredmedia":[{"embeddable":true,"href":"https:\/\/whitelip.com\/es\/wp-json\/wp\/v2\/media\/93138"}],"wp:attachment":[{"href":"https:\/\/whitelip.com\/es\/wp-json\/wp\/v2\/media?parent=93131"}],"wp:term":[{"taxonomy":"product_brand","embeddable":true,"href":"https:\/\/whitelip.com\/es\/wp-json\/wp\/v2\/product_brand?post=93131"},{"taxonomy":"product_cat","embeddable":true,"href":"https:\/\/whitelip.com\/es\/wp-json\/wp\/v2\/product_cat?post=93131"},{"taxonomy":"product_tag","embeddable":true,"href":"https:\/\/whitelip.com\/es\/wp-json\/wp\/v2\/product_tag?post=93131"},{"taxonomy":"flavours","embeddable":true,"href":"https:\/\/whitelip.com\/es\/wp-json\/wp\/v2\/flavours?post=93131"},{"taxonomy":"format","embeddable":true,"href":"https:\/\/whitelip.com\/es\/wp-json\/wp\/v2\/format?post=93131"},{"taxonomy":"nicotine","embeddable":true,"href":"https:\/\/whitelip.com\/es\/wp-json\/wp\/v2\/nicotine?post=93131"}],"curies":[{"name":"wp","href":"https:\/\/api.w.org\/{rel}","templated":true}]}}