{"id":86542,"date":"2026-03-02T10:33:25","date_gmt":"2026-03-02T10:33:25","guid":{"rendered":"https:\/\/whitelip.com\/?post_type=product&#038;p=86542"},"modified":"2026-04-29T10:11:34","modified_gmt":"2026-04-29T10:11:34","slug":"pablo-exclusive-watermelon-lemon","status":"publish","type":"product","link":"https:\/\/whitelip.com\/es\/pablo\/pablo-exclusive-watermelon-lemon\/","title":{"rendered":"PABLO Exclusivo Sand\u00eda Lim\u00f3n"},"content":{"rendered":"<p data-start=\"30\" data-end=\"281\">PABLO EXCLUSIVE Sand\u00eda Lim\u00f3n Slim contiene 30 mg de nicotina por bolsa y presenta un perfil de sabor que combina sand\u00eda y lim\u00f3n. El producto est\u00e1 desarrollado en un formato de bolsa delgada y est\u00e1 destinado a usuarios acostumbrados a altos niveles de nicotina.<\/p>\n<p data-start=\"283\" data-end=\"569\">El perfil de sabor mezcla notas dulces de sand\u00eda con un marcado car\u00e1cter c\u00edtrico de lim\u00f3n, creando una combinaci\u00f3n equilibrada de fruta y acidez. El formato Slim consiste en bolsitas m\u00e1s estrechas dise\u00f1adas para asentarse uniformemente bajo el labio manteniendo una estructura consistente durante su uso.<\/p>\n<p data-start=\"571\" data-end=\"848\">La concentraci\u00f3n de nicotina es de 50 mg por gramo. Cada bolsita pesa 0,6 gramos, lo que corresponde a 30 mg de nicotina por bolsita. Cada lata contiene 20 bolsitas con un peso neto total de 12 gramos. La alta concentraci\u00f3n de nicotina sit\u00faa a este producto en una categor\u00eda de potencia extra fuerte.<\/p>\n<p data-start=\"850\" data-end=\"991\">La combinaci\u00f3n de sabor afrutado y alto contenido en nicotina proporciona un intenso nivel de nicotina en un fino formato de bolsa.<\/p>\n<table>\n<tbody>\n<tr>\n<td><b>Atributo<\/b><\/td>\n<td><b>Detalles<\/b><\/td>\n<\/tr>\n<tr>\n<td><b>Contenido por lata<\/b><\/td>\n<td><span style=\"font-weight: 400;\">12g (20 pouches)<\/span><\/td>\n<\/tr>\n<tr>\n<td><b>Contenido de nicotina<\/b><\/td>\n<td><span style=\"font-weight: 400;\">50 mg\/g (30 mg por bolsita)<\/span><\/td>\n<\/tr>\n<tr>\n<td><b>Formato bolsa<\/b><\/td>\n<td><span style=\"font-weight: 400;\">Delgado<\/span><\/td>\n<\/tr>\n<tr>\n<td><b>Productor<\/b><\/td>\n<td><span style=\"font-weight: 400;\">N.G.P Empire<\/span><\/td>\n<\/tr>\n<tr>\n<td><b>Sabor<\/b><\/td>\n<td>Sand\u00eda, Lim\u00f3n<\/td>\n<\/tr>\n<tr>\n<td><b>Tipo<\/b><\/td>\n<td><span style=\"font-weight: 400;\">Bolsa blanca, Sin tabaco<\/span><\/td>\n<\/tr>\n<\/tbody>\n<\/table>","protected":false},"excerpt":{"rendered":"<p data-start=\"851\" data-end=\"969\">PABLO EXCLUSIVE Sand\u00eda Lim\u00f3n Slim contiene <strong data-start=\"1077\" data-end=\"1095\">30 mg de nicotina<\/strong> por bolsa con un perfil de sabor a sand\u00eda y lim\u00f3n. Cada lata incluye 20 <strong data-start=\"1171\" data-end=\"1179\">Delgado<\/strong> bolsitas de 0,6 gramos cada una, con una concentraci\u00f3n de nicotina de 50 mg por gramo. El producto est\u00e1 clasificado como extra fuerte.<\/p>","protected":false},"featured_media":86592,"comment_status":"open","ping_status":"closed","template":"","format":[206],"meta":{"_acf_changed":false},"product_brand":[],"product_cat":[44],"product_tag":[16605],"flavours":[196],"nicotine":[233,226],"class_list":{"0":"post-86542","1":"product","2":"type-product","3":"status-publish","4":"has-post-thumbnail","6":"product_cat-pablo","7":"product_tag-30-mg-pouch","8":"pa_quantity-1-pack","9":"pa_quantity-10-pack","10":"pa_quantity-3-pack","11":"pa_quantity-30-pack","12":"pa_quantity-5-pack","13":"pa_quantity-60-pack","14":"flavours-fruits-berries","15":"format-slim","16":"nicotine-extreme","17":"nicotine-50-mg-g","19":"first","20":"instock","21":"taxable","22":"shipping-taxable","23":"purchasable","24":"product-type-variable"},"acf":[],"_links":{"self":[{"href":"https:\/\/whitelip.com\/es\/wp-json\/wp\/v2\/product\/86542","targetHints":{"allow":["GET"]}}],"collection":[{"href":"https:\/\/whitelip.com\/es\/wp-json\/wp\/v2\/product"}],"about":[{"href":"https:\/\/whitelip.com\/es\/wp-json\/wp\/v2\/types\/product"}],"replies":[{"embeddable":true,"href":"https:\/\/whitelip.com\/es\/wp-json\/wp\/v2\/comments?post=86542"}],"wp:featuredmedia":[{"embeddable":true,"href":"https:\/\/whitelip.com\/es\/wp-json\/wp\/v2\/media\/86592"}],"wp:attachment":[{"href":"https:\/\/whitelip.com\/es\/wp-json\/wp\/v2\/media?parent=86542"}],"wp:term":[{"taxonomy":"product_brand","embeddable":true,"href":"https:\/\/whitelip.com\/es\/wp-json\/wp\/v2\/product_brand?post=86542"},{"taxonomy":"product_cat","embeddable":true,"href":"https:\/\/whitelip.com\/es\/wp-json\/wp\/v2\/product_cat?post=86542"},{"taxonomy":"product_tag","embeddable":true,"href":"https:\/\/whitelip.com\/es\/wp-json\/wp\/v2\/product_tag?post=86542"},{"taxonomy":"flavours","embeddable":true,"href":"https:\/\/whitelip.com\/es\/wp-json\/wp\/v2\/flavours?post=86542"},{"taxonomy":"format","embeddable":true,"href":"https:\/\/whitelip.com\/es\/wp-json\/wp\/v2\/format?post=86542"},{"taxonomy":"nicotine","embeddable":true,"href":"https:\/\/whitelip.com\/es\/wp-json\/wp\/v2\/nicotine?post=86542"}],"curies":[{"name":"wp","href":"https:\/\/api.w.org\/{rel}","templated":true}]}}