{"id":86492,"date":"2026-03-02T10:27:55","date_gmt":"2026-03-02T10:27:55","guid":{"rendered":"https:\/\/whitelip.com\/?post_type=product&#038;p=86492"},"modified":"2026-04-21T10:11:51","modified_gmt":"2026-04-21T10:11:51","slug":"killa-flash-pineapple","status":"publish","type":"product","link":"https:\/\/whitelip.com\/es\/killa\/killa-flash-pineapple\/","title":{"rendered":"KILLA Flash Pi\u00f1a"},"content":{"rendered":"<h2>KILLA Flash Pi\u00f1a<\/h2>\n<p data-start=\"30\" data-end=\"254\">Killa Flash Pineapple Slim contiene 4 mg de nicotina por bolsa y presenta un perfil de sabor a base de pi\u00f1a con car\u00e1cter de fruta tropical. El producto se presenta en un formato de bolsa slim dise\u00f1ado para un ajuste uniforme bajo el labio.<\/p>\n<p data-start=\"256\" data-end=\"450\">El perfil de sabor se enfoca en notas de pi\u00f1a con un car\u00e1cter dulce y tropical. Cada bolsa pesa 0.8 gramos y est\u00e1 desarrollada para proporcionar una liberaci\u00f3n consistente de sabor y nicotina durante el uso.<\/p>\n<p data-start=\"452\" data-end=\"722\">El contenido de nicotina es de 5 mg por gramo, correspondiente a 4 mg de nicotina por bolsa. Cada lata contiene 30 bolsas, proporcionando un contenido total de nicotina distribuido uniformemente en porciones. La fortaleza de nicotina se clasifica como s\u00faper ligera, indicando un nivel bajo de nicotina.<\/p>\n<p data-start=\"724\" data-end=\"872\">La combinaci\u00f3n de sabor tropical a pi\u00f1a, formato Slim y fortaleza baja de nicotina ofrece una experiencia de nicotina suave con entrega controlada.<\/p>\n<table>\n<tbody>\n<tr>\n<td><b>Atributo<\/b><\/td>\n<td><b>Detalles<\/b><\/td>\n<\/tr>\n<tr>\n<td><span style=\"font-weight: 400;\">Contenido por lata<\/span><\/td>\n<td><span style=\"font-weight: 400;\">24g (30 bolsitas)<\/span><\/td>\n<\/tr>\n<tr>\n<td><span style=\"font-weight: 400;\">Contenido de nicotina<\/span><\/td>\n<td><span style=\"font-weight: 400;\">5 mg\/g (4 mg por bolsita)<\/span><\/td>\n<\/tr>\n<tr>\n<td><span style=\"font-weight: 400;\">Formato de bolsa<\/span><\/td>\n<td><span style=\"font-weight: 400;\">Delgado<\/span><\/td>\n<\/tr>\n<tr>\n<td><span style=\"font-weight: 400;\">Productor<\/span><\/td>\n<td><span style=\"font-weight: 400;\">N.G.P Empire<\/span><\/td>\n<\/tr>\n<tr>\n<td><span style=\"font-weight: 400;\">Sabor<\/span><\/td>\n<td><span style=\"font-weight: 400;\">Pi\u00f1a<\/span><\/td>\n<\/tr>\n<tr>\n<td><span style=\"font-weight: 400;\">Tipo<\/span><\/td>\n<td><span style=\"font-weight: 400;\">Bolsa blanca, Sin tabaco<\/span><\/td>\n<\/tr>\n<\/tbody>\n<\/table>","protected":false},"excerpt":{"rendered":"<p>Killa Flash Pineapple Slim contiene <strong>4 mg de nicotina por bolsita<\/strong> con un <strong>pi\u00f1a<\/strong> perfil de sabor. Cada lata incluye 30 <strong data-start=\"1023\" data-end=\"1031\">Delgado<\/strong> bolsas que pesan 0.8 gramos cada una. El producto se clasifica como fortaleza s\u00faper ligera con un nivel de nicotina bajo.<\/p>","protected":false},"featured_media":86541,"comment_status":"open","ping_status":"closed","template":"","format":[206],"meta":{"_acf_changed":false},"product_brand":[],"product_cat":[64],"product_tag":[16585],"flavours":[196],"nicotine":[16492,234],"class_list":{"0":"post-86492","1":"product","2":"type-product","3":"status-publish","4":"has-post-thumbnail","6":"product_cat-killa","7":"product_tag-4-mg-pouch","8":"pa_quantity-1-pack","9":"pa_quantity-10-pack","10":"pa_quantity-3-pack","11":"pa_quantity-30-pack","12":"pa_quantity-5-pack","13":"pa_quantity-60-pack","14":"flavours-fruits-berries","15":"format-slim","16":"nicotine-5-mg-g","17":"nicotine-mild","19":"first","20":"outofstock","21":"taxable","22":"shipping-taxable","23":"purchasable","24":"product-type-variable"},"acf":[],"_links":{"self":[{"href":"https:\/\/whitelip.com\/es\/wp-json\/wp\/v2\/product\/86492","targetHints":{"allow":["GET"]}}],"collection":[{"href":"https:\/\/whitelip.com\/es\/wp-json\/wp\/v2\/product"}],"about":[{"href":"https:\/\/whitelip.com\/es\/wp-json\/wp\/v2\/types\/product"}],"replies":[{"embeddable":true,"href":"https:\/\/whitelip.com\/es\/wp-json\/wp\/v2\/comments?post=86492"}],"wp:featuredmedia":[{"embeddable":true,"href":"https:\/\/whitelip.com\/es\/wp-json\/wp\/v2\/media\/86541"}],"wp:attachment":[{"href":"https:\/\/whitelip.com\/es\/wp-json\/wp\/v2\/media?parent=86492"}],"wp:term":[{"taxonomy":"product_brand","embeddable":true,"href":"https:\/\/whitelip.com\/es\/wp-json\/wp\/v2\/product_brand?post=86492"},{"taxonomy":"product_cat","embeddable":true,"href":"https:\/\/whitelip.com\/es\/wp-json\/wp\/v2\/product_cat?post=86492"},{"taxonomy":"product_tag","embeddable":true,"href":"https:\/\/whitelip.com\/es\/wp-json\/wp\/v2\/product_tag?post=86492"},{"taxonomy":"flavours","embeddable":true,"href":"https:\/\/whitelip.com\/es\/wp-json\/wp\/v2\/flavours?post=86492"},{"taxonomy":"format","embeddable":true,"href":"https:\/\/whitelip.com\/es\/wp-json\/wp\/v2\/format?post=86492"},{"taxonomy":"nicotine","embeddable":true,"href":"https:\/\/whitelip.com\/es\/wp-json\/wp\/v2\/nicotine?post=86492"}],"curies":[{"name":"wp","href":"https:\/\/api.w.org\/{rel}","templated":true}]}}