{"id":86331,"date":"2026-03-02T09:06:36","date_gmt":"2026-03-02T09:06:36","guid":{"rendered":"https:\/\/whitelip.com\/?post_type=product&#038;p=86331"},"modified":"2026-04-21T10:11:51","modified_gmt":"2026-04-21T10:11:51","slug":"greatest-cold-dry-easy","status":"publish","type":"product","link":"https:\/\/whitelip.com\/es\/greatest\/greatest-cold-dry-easy\/","title":{"rendered":"GREATEST Cold Dry Easy"},"content":{"rendered":"<h2>GREATEST Cold Dry Easy<\/h2>\n<p data-start=\"30\" data-end=\"259\">Greatest Cold Dry Easy Mint Slim contiene 4 mg de nicotina por bolsa y se produce en un formato delgado con un perfil de sabor a base de menta. El producto es fabricado por Premium Pouch OY y cada lata contiene 20 bolsitas. El perfil de sabor es a menta con un claro car\u00e1cter refrescante. El formato Slim consiste en bolsas m\u00e1s estrechas dise\u00f1adas para asentarse uniformemente bajo el labio. La construcci\u00f3n presenta una superficie m\u00e1s seca, lo que contribuye a una liberaci\u00f3n controlada y gradual del sabor y la nicotina con el paso del tiempo. Cada bolsita pesa 0,5 gramos. El contenido de nicotina es de 0,80%, lo que corresponde a 4 mg de nicotina por bolsa y aproximadamente 80 mg de nicotina por lata en total. El dise\u00f1o de bolsa seca reduce la humedad inicial y permite una liberaci\u00f3n m\u00e1s consistente en comparaci\u00f3n con los formatos m\u00e1s h\u00famedos. La combinaci\u00f3n de sabor a menta, formato Slim y baja concentraci\u00f3n de nicotina lo hace adecuado para los usuarios que buscan un nivel de nicotina suave con una liberaci\u00f3n controlada.<\/p>\n<table>\n<tbody>\n<tr>\n<td><b>Atributo<\/b><\/td>\n<td><b>Detalles<\/b><\/td>\n<\/tr>\n<tr>\n<td><b>Contenido por lata<\/b><\/td>\n<td><span style=\"font-weight: 400;\">10 g (20 bolsitas)<\/span><\/td>\n<\/tr>\n<tr>\n<td><b>Contenido de nicotina<\/b><\/td>\n<td><span style=\"font-weight: 400;\">4 mg por bolsa<\/span><\/td>\n<\/tr>\n<tr>\n<td><b>Formato bolsa<\/b><\/td>\n<td><span style=\"font-weight: 400;\">Delgado<\/span><\/td>\n<\/tr>\n<tr>\n<td><b>Productor<\/b><\/td>\n<td><span style=\"font-weight: 400;\">Premium Pouch Finland Oy<\/span><\/td>\n<\/tr>\n<tr>\n<td><b>Sabor<\/b><\/td>\n<td><span style=\"font-weight: 400;\">Menta<\/span><\/td>\n<\/tr>\n<tr>\n<td><b>Tipo<\/b><\/td>\n<td><span style=\"font-weight: 400;\">Bolsa blanca<\/span><\/td>\n<\/tr>\n<\/tbody>\n<\/table>","protected":false},"excerpt":{"rendered":"<p>Greatest Cold Dry Easy <strong data-start=\"1108\" data-end=\"1121\">Menta Slim<\/strong> contiene <strong data-start=\"1131\" data-end=\"1148\">4 mg de nicotina<\/strong> por bolsita con sabor a menta y clasificaci\u00f3n de baja potencia. Cada lata incluye 20 bolsitas de 0,5 gramos cada una. El producto seco <strong data-start=\"1273\" data-end=\"1281\">Delgado<\/strong> proporciona una liberaci\u00f3n controlada y gradual de nicotina.<\/p>","protected":false},"featured_media":86376,"comment_status":"open","ping_status":"closed","template":"","format":[206],"meta":{"_acf_changed":false},"product_brand":[],"product_cat":[87],"product_tag":[16585],"flavours":[199],"nicotine":[230,236],"class_list":{"0":"post-86331","1":"product","2":"type-product","3":"status-publish","4":"has-post-thumbnail","6":"product_cat-greatest","7":"product_tag-4-mg-pouch","8":"pa_quantity-1-pack","9":"pa_quantity-10-pack","10":"pa_quantity-3-pack","11":"pa_quantity-30-pack","12":"pa_quantity-5-pack","13":"pa_quantity-60-pack","14":"flavours-mint","15":"format-slim","16":"nicotine-8-mg-g","17":"nicotine-strong","19":"first","20":"instock","21":"taxable","22":"shipping-taxable","23":"purchasable","24":"product-type-variable"},"acf":[],"_links":{"self":[{"href":"https:\/\/whitelip.com\/es\/wp-json\/wp\/v2\/product\/86331","targetHints":{"allow":["GET"]}}],"collection":[{"href":"https:\/\/whitelip.com\/es\/wp-json\/wp\/v2\/product"}],"about":[{"href":"https:\/\/whitelip.com\/es\/wp-json\/wp\/v2\/types\/product"}],"replies":[{"embeddable":true,"href":"https:\/\/whitelip.com\/es\/wp-json\/wp\/v2\/comments?post=86331"}],"wp:featuredmedia":[{"embeddable":true,"href":"https:\/\/whitelip.com\/es\/wp-json\/wp\/v2\/media\/86376"}],"wp:attachment":[{"href":"https:\/\/whitelip.com\/es\/wp-json\/wp\/v2\/media?parent=86331"}],"wp:term":[{"taxonomy":"product_brand","embeddable":true,"href":"https:\/\/whitelip.com\/es\/wp-json\/wp\/v2\/product_brand?post=86331"},{"taxonomy":"product_cat","embeddable":true,"href":"https:\/\/whitelip.com\/es\/wp-json\/wp\/v2\/product_cat?post=86331"},{"taxonomy":"product_tag","embeddable":true,"href":"https:\/\/whitelip.com\/es\/wp-json\/wp\/v2\/product_tag?post=86331"},{"taxonomy":"flavours","embeddable":true,"href":"https:\/\/whitelip.com\/es\/wp-json\/wp\/v2\/flavours?post=86331"},{"taxonomy":"format","embeddable":true,"href":"https:\/\/whitelip.com\/es\/wp-json\/wp\/v2\/format?post=86331"},{"taxonomy":"nicotine","embeddable":true,"href":"https:\/\/whitelip.com\/es\/wp-json\/wp\/v2\/nicotine?post=86331"}],"curies":[{"name":"wp","href":"https:\/\/api.w.org\/{rel}","templated":true}]}}