{"id":8568,"date":"2024-11-28T12:48:10","date_gmt":"2024-11-28T12:48:10","guid":{"rendered":"https:\/\/whitelip.com\/puff-pouch-juicy-berries-4mg\/"},"modified":"2026-04-21T10:11:29","modified_gmt":"2026-04-21T10:11:29","slug":"puff-pouch-juicy-berries-4mg","status":"publish","type":"product","link":"https:\/\/whitelip.com\/es\/puff-pouch\/puff-pouch-juicy-berries-4mg\/","title":{"rendered":"Puff &amp; Pouch Juicy Berries 4mg"},"content":{"rendered":"<h2><strong>Puff &amp; Pouch Juicy Berries 4mg<\/strong><\/h2>\n<p><span style=\"font-weight: 400;\">Las bolsitas de nicotina Puff &amp; Pouch Juicy Berries de 4mg proporcionan una mezcla dulce y \u00e1cida de sabores de bayas, ofreciendo una experiencia de nicotina suave y agradable. Estas finas bolsitas sin tabaco est\u00e1n dise\u00f1adas para un uso discreto y c\u00f3modo, encajando perfectamente bajo el labio. Con una potencia de nicotina m\u00e1s baja, Puff &amp; Pouch Juicy Berries 4mg es perfecto para principiantes o usuarios de nicotina ligera que buscan una opci\u00f3n afrutada y sabrosa.<\/span><\/p>\n<table>\n<tbody>\n<tr>\n<td><b>Atributo<\/b><\/td>\n<td><b>Detalles<\/b><\/td>\n<\/tr>\n<tr>\n<td><span style=\"font-weight: 400;\">Contenido por lata<\/span><\/td>\n<td><span style=\"font-weight: 400;\">10 g (20 bolsitas)<\/span><\/td>\n<\/tr>\n<tr>\n<td><span style=\"font-weight: 400;\">Contenido de nicotina<\/span><\/td>\n<td><span style=\"font-weight: 400;\">8 mg\/g (4 mg por sobre)<\/span><\/td>\n<\/tr>\n<tr>\n<td><span style=\"font-weight: 400;\">Formato de bolsa<\/span><\/td>\n<td><span style=\"font-weight: 400;\">Delgado<\/span><\/td>\n<\/tr>\n<tr>\n<td><span style=\"font-weight: 400;\">Productor<\/span><\/td>\n<td><span style=\"font-weight: 400;\">Soplo &amp; Sobre<\/span><\/td>\n<\/tr>\n<tr>\n<td><span style=\"font-weight: 400;\">Sabor<\/span><\/td>\n<td><span style=\"font-weight: 400;\">Bayas Mixtas<\/span><\/td>\n<\/tr>\n<tr>\n<td><span style=\"font-weight: 400;\">Tipo<\/span><\/td>\n<td><span style=\"font-weight: 400;\">Bolsa blanca, Sin tabaco<\/span><\/td>\n<\/tr>\n<\/tbody>\n<\/table>","protected":false},"excerpt":{"rendered":"<p>Las bolsitas de nicotina Puff &amp; Pouch Juicy Berries 4mg ofrecen un sabor dulce y picante. <strong data-start=\"71\" data-end=\"88\">Bayas jugosas<\/strong> sabor para una experiencia suave y agradable. <strong data-start=\"130\" data-end=\"138\">Delgado<\/strong>, formato sin tabaco para un uso discreto y c\u00f3modo. Cada bolsita contiene <strong data-start=\"211\" data-end=\"228\">4 mg de nicotina<\/strong>.<\/p>","protected":false},"featured_media":8569,"comment_status":"open","ping_status":"closed","template":"","format":[206],"meta":{"_acf_changed":false},"product_brand":[],"product_cat":[86],"product_tag":[16585],"flavours":[196],"nicotine":[230,234],"class_list":{"0":"post-8568","1":"product","2":"type-product","3":"status-publish","4":"has-post-thumbnail","6":"product_cat-puff-pouch","7":"product_tag-4-mg-pouch","8":"pa_quantity-1-pack","9":"pa_quantity-10-pack","10":"pa_quantity-3-pack","11":"pa_quantity-30-pack","12":"pa_quantity-5-pack","13":"pa_quantity-60-pack","14":"flavours-fruits-berries","15":"format-slim","16":"nicotine-8-mg-g","17":"nicotine-mild","19":"first","20":"outofstock","21":"taxable","22":"shipping-taxable","23":"purchasable","24":"product-type-variable"},"acf":[],"_links":{"self":[{"href":"https:\/\/whitelip.com\/es\/wp-json\/wp\/v2\/product\/8568","targetHints":{"allow":["GET"]}}],"collection":[{"href":"https:\/\/whitelip.com\/es\/wp-json\/wp\/v2\/product"}],"about":[{"href":"https:\/\/whitelip.com\/es\/wp-json\/wp\/v2\/types\/product"}],"replies":[{"embeddable":true,"href":"https:\/\/whitelip.com\/es\/wp-json\/wp\/v2\/comments?post=8568"}],"wp:featuredmedia":[{"embeddable":true,"href":"https:\/\/whitelip.com\/es\/wp-json\/wp\/v2\/media\/8569"}],"wp:attachment":[{"href":"https:\/\/whitelip.com\/es\/wp-json\/wp\/v2\/media?parent=8568"}],"wp:term":[{"taxonomy":"product_brand","embeddable":true,"href":"https:\/\/whitelip.com\/es\/wp-json\/wp\/v2\/product_brand?post=8568"},{"taxonomy":"product_cat","embeddable":true,"href":"https:\/\/whitelip.com\/es\/wp-json\/wp\/v2\/product_cat?post=8568"},{"taxonomy":"product_tag","embeddable":true,"href":"https:\/\/whitelip.com\/es\/wp-json\/wp\/v2\/product_tag?post=8568"},{"taxonomy":"flavours","embeddable":true,"href":"https:\/\/whitelip.com\/es\/wp-json\/wp\/v2\/flavours?post=8568"},{"taxonomy":"format","embeddable":true,"href":"https:\/\/whitelip.com\/es\/wp-json\/wp\/v2\/format?post=8568"},{"taxonomy":"nicotine","embeddable":true,"href":"https:\/\/whitelip.com\/es\/wp-json\/wp\/v2\/nicotine?post=8568"}],"curies":[{"name":"wp","href":"https:\/\/api.w.org\/{rel}","templated":true}]}}