{"id":8558,"date":"2024-11-28T12:48:09","date_gmt":"2024-11-28T12:48:09","guid":{"rendered":"https:\/\/whitelip.com\/puff-pouch-juicy-berries-12mg\/"},"modified":"2026-04-21T10:11:28","modified_gmt":"2026-04-21T10:11:28","slug":"puff-pouch-juicy-berries-12mg","status":"publish","type":"product","link":"https:\/\/whitelip.com\/es\/puff-pouch\/puff-pouch-juicy-berries-12mg\/","title":{"rendered":"Puff &amp; Pouch Juicy Berries 12mg"},"content":{"rendered":"<h2><strong>Puff &amp; Pouch Juicy Berries 12mg<\/strong><\/h2>\n<p><span style=\"font-weight: 400;\">Las bolsitas de nicotina Puff &amp; Pouch Juicy Berries 12mg ofrecen una vibrante mezcla de sabores de bayas dulces y \u00e1cidas, proporcionando una experiencia de nicotina atrevida y afrutada. Estas finas bolsitas sin tabaco est\u00e1n dise\u00f1adas para un uso discreto y c\u00f3modo, encajando perfectamente bajo el labio. Con una mayor potencia de nicotina, Puff &amp; Pouch Juicy Berries 12mg es ideal para los usuarios que disfrutan de una opci\u00f3n sabrosa y satisfactoria con una fuerte dosis de nicotina.<\/span><\/p>\n<table>\n<tbody>\n<tr>\n<td><b>Atributo<\/b><\/td>\n<td><b>Detalles<\/b><\/td>\n<\/tr>\n<tr>\n<td><span style=\"font-weight: 400;\">Contenido por lata<\/span><\/td>\n<td><span style=\"font-weight: 400;\">10 g (20 bolsitas)<\/span><\/td>\n<\/tr>\n<tr>\n<td><span style=\"font-weight: 400;\">Contenido de nicotina<\/span><\/td>\n<td><span style=\"font-weight: 400;\">16 mg\/g (12 mg por pouch)<\/span><\/td>\n<\/tr>\n<tr>\n<td><span style=\"font-weight: 400;\">Formato de bolsa<\/span><\/td>\n<td><span style=\"font-weight: 400;\">Delgado<\/span><\/td>\n<\/tr>\n<tr>\n<td><span style=\"font-weight: 400;\">Productor<\/span><\/td>\n<td><span style=\"font-weight: 400;\">Soplo &amp; Sobre<\/span><\/td>\n<\/tr>\n<tr>\n<td><span style=\"font-weight: 400;\">Sabor<\/span><\/td>\n<td><span style=\"font-weight: 400;\">Bayas Mixtas<\/span><\/td>\n<\/tr>\n<tr>\n<td><span style=\"font-weight: 400;\">Tipo<\/span><\/td>\n<td><span style=\"font-weight: 400;\">Bolsa blanca, Sin tabaco<\/span><\/td>\n<\/tr>\n<\/tbody>\n<\/table>","protected":false},"excerpt":{"rendered":"<p>Las bolsitas de nicotina Puff &amp; Pouch Juicy Berries 12mg ofrecen un sabor vibrante, dulce y picante. <strong data-start=\"80\" data-end=\"97\">Bayas jugosas<\/strong> sabor. <strong data-start=\"106\" data-end=\"114\">Delgado<\/strong>, formato sin tabaco para un uso discreto y c\u00f3modo con una liberaci\u00f3n limpia y satisfactoria. Cada bolsita contiene <strong data-start=\"220\" data-end=\"238\">12 mg de nicotina<\/strong>.<\/p>","protected":false},"featured_media":8559,"comment_status":"open","ping_status":"closed","template":"","format":[206],"meta":{"_acf_changed":false},"product_brand":[],"product_cat":[86],"product_tag":[16561],"flavours":[196],"nicotine":[213,232],"class_list":{"0":"post-8558","1":"product","2":"type-product","3":"status-publish","4":"has-post-thumbnail","6":"product_cat-puff-pouch","7":"product_tag-12-mg-pouch","8":"pa_quantity-1-pack","9":"pa_quantity-10-pack","10":"pa_quantity-3-pack","11":"pa_quantity-30-pack","12":"pa_quantity-5-pack","13":"pa_quantity-60-pack","14":"flavours-fruits-berries","15":"format-slim","16":"nicotine-16-mg-g","17":"nicotine-extra-strong","19":"first","20":"instock","21":"taxable","22":"shipping-taxable","23":"purchasable","24":"product-type-variable"},"acf":[],"_links":{"self":[{"href":"https:\/\/whitelip.com\/es\/wp-json\/wp\/v2\/product\/8558","targetHints":{"allow":["GET"]}}],"collection":[{"href":"https:\/\/whitelip.com\/es\/wp-json\/wp\/v2\/product"}],"about":[{"href":"https:\/\/whitelip.com\/es\/wp-json\/wp\/v2\/types\/product"}],"replies":[{"embeddable":true,"href":"https:\/\/whitelip.com\/es\/wp-json\/wp\/v2\/comments?post=8558"}],"wp:featuredmedia":[{"embeddable":true,"href":"https:\/\/whitelip.com\/es\/wp-json\/wp\/v2\/media\/8559"}],"wp:attachment":[{"href":"https:\/\/whitelip.com\/es\/wp-json\/wp\/v2\/media?parent=8558"}],"wp:term":[{"taxonomy":"product_brand","embeddable":true,"href":"https:\/\/whitelip.com\/es\/wp-json\/wp\/v2\/product_brand?post=8558"},{"taxonomy":"product_cat","embeddable":true,"href":"https:\/\/whitelip.com\/es\/wp-json\/wp\/v2\/product_cat?post=8558"},{"taxonomy":"product_tag","embeddable":true,"href":"https:\/\/whitelip.com\/es\/wp-json\/wp\/v2\/product_tag?post=8558"},{"taxonomy":"flavours","embeddable":true,"href":"https:\/\/whitelip.com\/es\/wp-json\/wp\/v2\/flavours?post=8558"},{"taxonomy":"format","embeddable":true,"href":"https:\/\/whitelip.com\/es\/wp-json\/wp\/v2\/format?post=8558"},{"taxonomy":"nicotine","embeddable":true,"href":"https:\/\/whitelip.com\/es\/wp-json\/wp\/v2\/nicotine?post=8558"}],"curies":[{"name":"wp","href":"https:\/\/api.w.org\/{rel}","templated":true}]}}