{"id":8532,"date":"2024-11-28T12:47:46","date_gmt":"2024-11-28T12:47:46","guid":{"rendered":"https:\/\/whitelip.com\/zyn-black-cherry-6mg\/"},"modified":"2026-05-09T18:09:46","modified_gmt":"2026-05-09T18:09:46","slug":"zyn-black-cherry-6mg","status":"publish","type":"product","link":"https:\/\/whitelip.com\/es\/zyn\/zyn-black-cherry-6mg\/","title":{"rendered":"ZYN Cereza negra 6mg"},"content":{"rendered":"<h2><b>ZYN Cereza negra 6mg<\/b><\/h2>\n<p><span style=\"font-weight: 400;\">ZYN Black Cherry 6mg ofrece un <\/span><b>rico y dulce sabor a cereza negra<\/b><span style=\"font-weight: 400;\">, El sabor afrutado de las cerezas maduras se equilibra perfectamente con una sutil acidez. El sabor profundo y afrutado de las cerezas maduras se equilibra perfectamente con una sutil acidez, creando una experiencia sabrosa y refrescante. Cada fina bolsita blanca contiene <\/span><b>6 mg de nicotina<\/b><span style=\"font-weight: 400;\">, proporcionando una liberaci\u00f3n moderada y constante, ideal para aquellos que buscan una opci\u00f3n de nicotina m\u00e1s ligera.<\/span><\/p>\n<p><span style=\"font-weight: 400;\">El formato delgado asegura un ajuste discreto y c\u00f3modo bajo el labio, permitiendo un uso limpio y sin manchas en cualquier momento. Fabricado totalmente sin tabaco y con materiales vegetales de alta calidad, ZYN Black Cherry 6mg ofrece una alternativa de nicotina moderna y agradable con un vibrante sabor a cereza.<\/span><\/p>\n<table>\n<tbody>\n<tr>\n<td><b>Atributo<\/b><\/td>\n<td><b>Detalles<\/b><\/td>\n<\/tr>\n<tr>\n<td><b>Marca<\/b><\/td>\n<td><span style=\"font-weight: 400;\">ZYN<\/span><\/td>\n<\/tr>\n<tr>\n<td><b>Tipo de producto<\/b><\/td>\n<td><span style=\"font-weight: 400;\">Todas las bolsas de nicotina blancas<\/span><\/td>\n<\/tr>\n<tr>\n<td><b>Formato<\/b><\/td>\n<td><span style=\"font-weight: 400;\">Delgado<\/span><\/td>\n<\/tr>\n<tr>\n<td><b>Sabor<\/b><\/td>\n<td><span style=\"font-weight: 400;\">Cerezo negro<\/span><\/td>\n<\/tr>\n<tr>\n<td><b>Potencia de nicotina<\/b><\/td>\n<td><span style=\"font-weight: 400;\">6 mg por bolsa<\/span><\/td>\n<\/tr>\n<tr>\n<td><b>Peso de la raci\u00f3n<\/b><\/td>\n<td><span style=\"font-weight: 400;\">0,7 gramos<\/span><\/td>\n<\/tr>\n<tr>\n<td><b>N\u00famero de porciones<\/b><\/td>\n<td><span style=\"font-weight: 400;\">21 por lata<\/span><\/td>\n<\/tr>\n<tr>\n<td><b>Peso total de la lata<\/b><\/td>\n<td><span style=\"font-weight: 400;\">14,7 gramos<\/span><\/td>\n<\/tr>\n<tr>\n<td><b>Fabricante<\/b><\/td>\n<td><span style=\"font-weight: 400;\">Cerilla sueca<\/span><\/td>\n<\/tr>\n<tr>\n<td><b>Caracter\u00edsticas notables<\/b><\/td>\n<td><span style=\"font-weight: 400;\">Libre de tabaco, formato slim, sabor dulce y picante a cereza negra<\/span><\/td>\n<\/tr>\n<\/tbody>\n<\/table>","protected":false},"excerpt":{"rendered":"<p><strong>\u00a1Nuevo dise\u00f1o! Durante la transici\u00f3n, se podr\u00e1n vender ambos dise\u00f1os.<\/strong><\/p>\n<p>ZYN <strong data-start=\"4\" data-end=\"20\">Cerezo negro<\/strong> <strong data-start=\"21\" data-end=\"29\">delgado<\/strong> proporciona cereza negra rica y dulce con un acabado suave y refrescante. Cada bolsa contiene <strong data-start=\"118\" data-end=\"135\">6 mg de nicotina<\/strong> para una liberaci\u00f3n moderada y constante.<\/p>","protected":false},"featured_media":8533,"comment_status":"open","ping_status":"closed","template":"","format":[205],"meta":{"_acf_changed":false},"product_brand":[],"product_cat":[37],"product_tag":[16559],"flavours":[196],"nicotine":[212,232],"class_list":{"0":"post-8532","1":"product","2":"type-product","3":"status-publish","4":"has-post-thumbnail","6":"product_cat-zyn","7":"product_tag-6-mg-pouch","8":"pa_quantity-1-pack","9":"pa_quantity-10-pack","10":"pa_quantity-3-pack","11":"pa_quantity-30-pack","12":"pa_quantity-5-pack","13":"pa_quantity-60-pack","14":"flavours-fruits-berries","15":"format-mini","16":"nicotine-15-mg-g","17":"nicotine-extra-strong","19":"first","20":"instock","21":"taxable","22":"shipping-taxable","23":"purchasable","24":"product-type-variable"},"acf":[],"_links":{"self":[{"href":"https:\/\/whitelip.com\/es\/wp-json\/wp\/v2\/product\/8532","targetHints":{"allow":["GET"]}}],"collection":[{"href":"https:\/\/whitelip.com\/es\/wp-json\/wp\/v2\/product"}],"about":[{"href":"https:\/\/whitelip.com\/es\/wp-json\/wp\/v2\/types\/product"}],"replies":[{"embeddable":true,"href":"https:\/\/whitelip.com\/es\/wp-json\/wp\/v2\/comments?post=8532"}],"wp:featuredmedia":[{"embeddable":true,"href":"https:\/\/whitelip.com\/es\/wp-json\/wp\/v2\/media\/8533"}],"wp:attachment":[{"href":"https:\/\/whitelip.com\/es\/wp-json\/wp\/v2\/media?parent=8532"}],"wp:term":[{"taxonomy":"product_brand","embeddable":true,"href":"https:\/\/whitelip.com\/es\/wp-json\/wp\/v2\/product_brand?post=8532"},{"taxonomy":"product_cat","embeddable":true,"href":"https:\/\/whitelip.com\/es\/wp-json\/wp\/v2\/product_cat?post=8532"},{"taxonomy":"product_tag","embeddable":true,"href":"https:\/\/whitelip.com\/es\/wp-json\/wp\/v2\/product_tag?post=8532"},{"taxonomy":"flavours","embeddable":true,"href":"https:\/\/whitelip.com\/es\/wp-json\/wp\/v2\/flavours?post=8532"},{"taxonomy":"format","embeddable":true,"href":"https:\/\/whitelip.com\/es\/wp-json\/wp\/v2\/format?post=8532"},{"taxonomy":"nicotine","embeddable":true,"href":"https:\/\/whitelip.com\/es\/wp-json\/wp\/v2\/nicotine?post=8532"}],"curies":[{"name":"wp","href":"https:\/\/api.w.org\/{rel}","templated":true}]}}