{"id":8528,"date":"2024-11-28T12:47:45","date_gmt":"2024-11-28T12:47:45","guid":{"rendered":"https:\/\/whitelip.com\/zyn-spearmint-3mg\/"},"modified":"2026-04-28T15:49:02","modified_gmt":"2026-04-28T15:49:02","slug":"zyn-spearmint-3mg","status":"publish","type":"product","link":"https:\/\/whitelip.com\/es\/zyn\/zyn-spearmint-3mg\/","title":{"rendered":"ZYN Menta verde 3 mg"},"content":{"rendered":"<h2><b>ZYN Menta verde 3 mg<\/b><\/h2>\n<p><span style=\"font-weight: 400;\">ZYN Spearmint 3mg ofrece un refrescante y ligeramente dulce sabor a menta verde, proporcionando una experiencia de nicotina fresca y vigorizante. Cada bolsita blanca de tama\u00f1o mini contiene 3 mg de nicotina, proporcionando una liberaci\u00f3n moderada y constante, ideal para aquellos que buscan una opci\u00f3n de nicotina m\u00e1s ligera.<\/span><\/p>\n<p><span style=\"font-weight: 400;\">El formato mini asegura un ajuste discreto y c\u00f3modo bajo el labio, permitiendo un uso limpio y sin manchas en cualquier momento. Elaborado enteramente con materiales vegetales de alta calidad, ZYN Spearmint 3mg ofrece una alternativa de nicotina moderna y agradable con un sabor vibrante y refrescante.<\/span><\/p>\n<table>\n<tbody>\n<tr>\n<td><b>Atributo<\/b><\/td>\n<td><b>Detalles<\/b><\/td>\n<\/tr>\n<tr>\n<td><span style=\"font-weight: 400;\">Marca<\/span><\/td>\n<td><span style=\"font-weight: 400;\">ZYN<\/span><\/td>\n<\/tr>\n<tr>\n<td><span style=\"font-weight: 400;\">Tipo de producto<\/span><\/td>\n<td><span style=\"font-weight: 400;\">Todas las bolsas de nicotina blancas<\/span><\/td>\n<\/tr>\n<tr>\n<td><span style=\"font-weight: 400;\">Formato<\/span><\/td>\n<td><span style=\"font-weight: 400;\">Mini<\/span><\/td>\n<\/tr>\n<tr>\n<td><span style=\"font-weight: 400;\">Sabor<\/span><\/td>\n<td><span style=\"font-weight: 400;\">Menta verde<\/span><\/td>\n<\/tr>\n<tr>\n<td><span style=\"font-weight: 400;\">Potencia de nicotina<\/span><\/td>\n<td><span style=\"font-weight: 400;\">3 mg por bolsita<\/span><\/td>\n<\/tr>\n<tr>\n<td><span style=\"font-weight: 400;\">Peso de la raci\u00f3n<\/span><\/td>\n<td><span style=\"font-weight: 400;\">0,4 gramos<\/span><\/td>\n<\/tr>\n<tr>\n<td><span style=\"font-weight: 400;\">N\u00famero de porciones<\/span><\/td>\n<td><span style=\"font-weight: 400;\">20 por lata<\/span><\/td>\n<\/tr>\n<tr>\n<td><span style=\"font-weight: 400;\">Peso total de la lata<\/span><\/td>\n<td><span style=\"font-weight: 400;\">8 gramos<\/span><\/td>\n<\/tr>\n<tr>\n<td><span style=\"font-weight: 400;\">Fabricante<\/span><\/td>\n<td><span style=\"font-weight: 400;\">Cerilla sueca<\/span><\/td>\n<\/tr>\n<tr>\n<td><span style=\"font-weight: 400;\">Caracter\u00edsticas notables<\/span><\/td>\n<td><span style=\"font-weight: 400;\">Sin tabaco, formato mini, sabor refrescante de hierbabuena<\/span><\/td>\n<\/tr>\n<\/tbody>\n<\/table>","protected":false},"excerpt":{"rendered":"<p><strong>\u00a1Nuevo dise\u00f1o! Durante la transici\u00f3n, se podr\u00e1n vender ambos dise\u00f1os.<\/strong><\/p>\n<p>ZYN <strong data-start=\"4\" data-end=\"17\">Menta verde<\/strong> <strong data-start=\"18\" data-end=\"26\">mini<\/strong> proporciona un refrescante y ligeramente dulce sabor a menta verde para un perfil fresco y vigorizante. Las bolsitas blancas son discretas y c\u00f3modas. Cada bolsita contiene <strong data-start=\"179\" data-end=\"196\">3 mg de nicotina<\/strong> para una liberaci\u00f3n suave y constante.<\/p>","protected":false},"featured_media":8529,"comment_status":"open","ping_status":"closed","template":"","format":[205],"meta":{"_acf_changed":false},"product_brand":[],"product_cat":[37],"product_tag":[16579],"flavours":[199],"nicotine":[230,236],"class_list":{"0":"post-8528","1":"product","2":"type-product","3":"status-publish","4":"has-post-thumbnail","6":"product_cat-zyn","7":"product_tag-3-mg-pouch","8":"pa_quantity-1-pack","9":"pa_quantity-10-pack","10":"pa_quantity-3-pack","11":"pa_quantity-30-pack","12":"pa_quantity-5-pack","13":"pa_quantity-60-pack","14":"flavours-mint","15":"format-mini","16":"nicotine-8-mg-g","17":"nicotine-strong","19":"first","20":"instock","21":"taxable","22":"shipping-taxable","23":"purchasable","24":"product-type-variable"},"acf":[],"_links":{"self":[{"href":"https:\/\/whitelip.com\/es\/wp-json\/wp\/v2\/product\/8528","targetHints":{"allow":["GET"]}}],"collection":[{"href":"https:\/\/whitelip.com\/es\/wp-json\/wp\/v2\/product"}],"about":[{"href":"https:\/\/whitelip.com\/es\/wp-json\/wp\/v2\/types\/product"}],"replies":[{"embeddable":true,"href":"https:\/\/whitelip.com\/es\/wp-json\/wp\/v2\/comments?post=8528"}],"wp:featuredmedia":[{"embeddable":true,"href":"https:\/\/whitelip.com\/es\/wp-json\/wp\/v2\/media\/8529"}],"wp:attachment":[{"href":"https:\/\/whitelip.com\/es\/wp-json\/wp\/v2\/media?parent=8528"}],"wp:term":[{"taxonomy":"product_brand","embeddable":true,"href":"https:\/\/whitelip.com\/es\/wp-json\/wp\/v2\/product_brand?post=8528"},{"taxonomy":"product_cat","embeddable":true,"href":"https:\/\/whitelip.com\/es\/wp-json\/wp\/v2\/product_cat?post=8528"},{"taxonomy":"product_tag","embeddable":true,"href":"https:\/\/whitelip.com\/es\/wp-json\/wp\/v2\/product_tag?post=8528"},{"taxonomy":"flavours","embeddable":true,"href":"https:\/\/whitelip.com\/es\/wp-json\/wp\/v2\/flavours?post=8528"},{"taxonomy":"format","embeddable":true,"href":"https:\/\/whitelip.com\/es\/wp-json\/wp\/v2\/format?post=8528"},{"taxonomy":"nicotine","embeddable":true,"href":"https:\/\/whitelip.com\/es\/wp-json\/wp\/v2\/nicotine?post=8528"}],"curies":[{"name":"wp","href":"https:\/\/api.w.org\/{rel}","templated":true}]}}