{"id":8482,"date":"2024-12-20T19:39:26","date_gmt":"2024-12-20T19:39:26","guid":{"rendered":"https:\/\/whitelip.com\/xqs-arctic-freeze-slim-ultra-strong\/"},"modified":"2026-04-22T10:11:32","modified_gmt":"2026-04-22T10:11:32","slug":"xqs-arctic-freeze-slim-ultra-strong","status":"publish","type":"product","link":"https:\/\/whitelip.com\/es\/xqs\/xqs-arctic-freeze-slim-ultra-strong\/","title":{"rendered":"XQS Arctic Freeze Slim Ultra Fuerte"},"content":{"rendered":"<h2><b>XQS Arctic Freeze Slim Ultra Fuerte<\/b><\/h2>\n<p><span style=\"font-weight: 400;\">XQS Arctic Freeze Slim Ultra Strong proporciona un <\/span><b>sabor a menta intenso y helado<\/b><span style=\"font-weight: 400;\"> con una potente sensaci\u00f3n refrescante, convirti\u00e9ndolo en una de las opciones m\u00e1s vigorizantes para los usuarios de nicotina. Dise\u00f1ado para aquellos que prefieren una liberaci\u00f3n ultra fuerte, cada bolsa delgada y totalmente blanca contiene <\/span><b>20 mg de nicotina<\/b><span style=\"font-weight: 400;\">, que ofrece un efecto inmediato y duradero para los usuarios experimentados que buscan la m\u00e1xima potencia.<\/span><\/p>\n<p><span style=\"font-weight: 400;\">El formato delgado asegura un ajuste c\u00f3modo y discreto bajo el labio, proporcionando una experiencia limpia y sin tabaco sin manchar los dientes. Fabricado con fibras vegetales de alta calidad, XQS Arctic Freeze Slim Ultra Fuerte ofrece una alternativa moderna a la nicotina con un fresco perfil de menta \u00e1rtica que es a la vez penetrante y refrescante. Ideal para esos momentos en los que necesitas un subid\u00f3n de nicotina ultrapotente con un toque refrescante.<\/span><\/p>\n<table>\n<tbody>\n<tr>\n<td><b>Atributo<\/b><\/td>\n<td><b>Detalles<\/b><\/td>\n<\/tr>\n<tr>\n<td><b>Marca<\/b><\/td>\n<td><span style=\"font-weight: 400;\">XQS<\/span><\/td>\n<\/tr>\n<tr>\n<td><b>Tipo de producto<\/b><\/td>\n<td><span style=\"font-weight: 400;\">Todas las bolsas de nicotina blancas<\/span><\/td>\n<\/tr>\n<tr>\n<td><b>Formato<\/b><\/td>\n<td><span style=\"font-weight: 400;\">Delgado<\/span><\/td>\n<\/tr>\n<tr>\n<td><b>Sabor<\/b><\/td>\n<td><span style=\"font-weight: 400;\">Menta helada<\/span><\/td>\n<\/tr>\n<tr>\n<td><b>Potencia de nicotina<\/b><\/td>\n<td><span style=\"font-weight: 400;\">20 mg por sobre (25 mg\/g)<\/span><\/td>\n<\/tr>\n<tr>\n<td><b>Peso de la raci\u00f3n<\/b><\/td>\n<td><span style=\"font-weight: 400;\">0,8 gramos<\/span><\/td>\n<\/tr>\n<tr>\n<td><b>N\u00famero de porciones<\/b><\/td>\n<td><span style=\"font-weight: 400;\">20 por lata<\/span><\/td>\n<\/tr>\n<tr>\n<td><b>Peso total de la lata<\/b><\/td>\n<td><span style=\"font-weight: 400;\">16 gramos<\/span><\/td>\n<\/tr>\n<tr>\n<td><b>Fabricante<\/b><\/td>\n<td><span style=\"font-weight: 400;\">XQS International<\/span><\/td>\n<\/tr>\n<tr>\n<td><b>Caracter\u00edsticas notables<\/b><\/td>\n<td><span style=\"font-weight: 400;\">Sin tabaco, formato slim, nicotina ultra fuerte con un sabor intenso a menta \u00e1rtica<\/span><\/td>\n<\/tr>\n<\/tbody>\n<\/table>","protected":false},"excerpt":{"rendered":"<p><span style=\"font-weight: 400;\">XQS Arctic Freeze <strong>Delgado<\/strong> Ultra Strong proporciona un <\/span><b>sabor a menta intenso y helado<\/b><span style=\"font-weight: 400;\"> con una potente sensaci\u00f3n refrescante, convirti\u00e9ndolo en una de las opciones m\u00e1s vigorizantes para los usuarios de nicotina. Dise\u00f1ado para aquellos que prefieren una liberaci\u00f3n ultra fuerte, cada bolsa delgada y totalmente blanca contiene <\/span><b>20 mg de nicotina<\/b><span style=\"font-weight: 400;\">, que ofrece un efecto inmediato y duradero para los usuarios experimentados que buscan la m\u00e1xima potencia.<\/span><\/p>","protected":false},"featured_media":8483,"comment_status":"open","ping_status":"closed","template":"","format":[206],"meta":{"_acf_changed":false},"product_brand":[],"product_cat":[27],"product_tag":[16545],"flavours":[199],"nicotine":[219,232],"class_list":{"0":"post-8482","1":"product","2":"type-product","3":"status-publish","4":"has-post-thumbnail","6":"product_cat-xqs","7":"product_tag-20-mg-pouch","8":"pa_quantity-1-pack","9":"pa_quantity-10-pack","10":"pa_quantity-3-pack","11":"pa_quantity-30-pack","12":"pa_quantity-5-pack","13":"pa_quantity-60-pack","14":"flavours-mint","15":"format-slim","16":"nicotine-25-mg-g","17":"nicotine-extra-strong","19":"first","20":"instock","21":"taxable","22":"shipping-taxable","23":"purchasable","24":"product-type-variable"},"acf":[],"_links":{"self":[{"href":"https:\/\/whitelip.com\/es\/wp-json\/wp\/v2\/product\/8482","targetHints":{"allow":["GET"]}}],"collection":[{"href":"https:\/\/whitelip.com\/es\/wp-json\/wp\/v2\/product"}],"about":[{"href":"https:\/\/whitelip.com\/es\/wp-json\/wp\/v2\/types\/product"}],"replies":[{"embeddable":true,"href":"https:\/\/whitelip.com\/es\/wp-json\/wp\/v2\/comments?post=8482"}],"wp:featuredmedia":[{"embeddable":true,"href":"https:\/\/whitelip.com\/es\/wp-json\/wp\/v2\/media\/8483"}],"wp:attachment":[{"href":"https:\/\/whitelip.com\/es\/wp-json\/wp\/v2\/media?parent=8482"}],"wp:term":[{"taxonomy":"product_brand","embeddable":true,"href":"https:\/\/whitelip.com\/es\/wp-json\/wp\/v2\/product_brand?post=8482"},{"taxonomy":"product_cat","embeddable":true,"href":"https:\/\/whitelip.com\/es\/wp-json\/wp\/v2\/product_cat?post=8482"},{"taxonomy":"product_tag","embeddable":true,"href":"https:\/\/whitelip.com\/es\/wp-json\/wp\/v2\/product_tag?post=8482"},{"taxonomy":"flavours","embeddable":true,"href":"https:\/\/whitelip.com\/es\/wp-json\/wp\/v2\/flavours?post=8482"},{"taxonomy":"format","embeddable":true,"href":"https:\/\/whitelip.com\/es\/wp-json\/wp\/v2\/format?post=8482"},{"taxonomy":"nicotine","embeddable":true,"href":"https:\/\/whitelip.com\/es\/wp-json\/wp\/v2\/nicotine?post=8482"}],"curies":[{"name":"wp","href":"https:\/\/api.w.org\/{rel}","templated":true}]}}