{"id":8466,"date":"2024-11-28T12:46:11","date_gmt":"2024-11-28T12:46:11","guid":{"rendered":"https:\/\/whitelip.com\/on-plus-citrus-slim-strong\/"},"modified":"2026-03-10T09:05:51","modified_gmt":"2026-03-10T09:05:51","slug":"on-plus-citrus-slim-strong","status":"publish","type":"product","link":"https:\/\/whitelip.com\/es\/on\/on-plus-citrus-slim-strong\/","title":{"rendered":"\u00a1On! Plus Citrus Slim Strong"},"content":{"rendered":"<h2><b>\u00a1On! Plus Citrus Slim Strong<\/b><\/h2>\n<p><span style=\"font-weight: 400;\">Los sobres de nicotina On! Plus Citrus Slim Strong proporcionan un sabor de c\u00edtricos picante y refrescante, combinado con un impulso de nicotina fuerte para una experiencia audaz y vigorizante. Estos sobres slim sin tabaco est\u00e1n dise\u00f1ados para uso discreto y c\u00f3modo, ajust\u00e1ndose perfectamente bajo el labio. Con una liberaci\u00f3n limpia y satisfactoria de sabor y nicotina, On! Plus Citrus Slim Strong es una excelente opci\u00f3n para usuarios que disfrutan opciones frutales y revitalizantes con un perfil de nicotina m\u00e1s fuerte.<\/span><\/p>\n<table>\n<tbody>\n<tr>\n<td><b>Atributo<\/b><\/td>\n<td><b>Detalles<\/b><\/td>\n<\/tr>\n<tr>\n<td><span style=\"font-weight: 400;\">Contenido por lata<\/span><\/td>\n<td><span style=\"font-weight: 400;\">16.8g (20 sobres)<\/span><\/td>\n<\/tr>\n<tr>\n<td><span style=\"font-weight: 400;\">Contenido de nicotina<\/span><\/td>\n<td><span style=\"font-weight: 400;\">14 mg\/g (11,2 mg por bolsita)<\/span><\/td>\n<\/tr>\n<tr>\n<td><span style=\"font-weight: 400;\">Formato de bolsa<\/span><\/td>\n<td><span style=\"font-weight: 400;\">Delgado<\/span><\/td>\n<\/tr>\n<tr>\n<td><span style=\"font-weight: 400;\">Productor<\/span><\/td>\n<td><span style=\"font-weight: 400;\">Altria Group<\/span><\/td>\n<\/tr>\n<tr>\n<td><span style=\"font-weight: 400;\">Sabor<\/span><\/td>\n<td><span style=\"font-weight: 400;\">C\u00edtricos<\/span><\/td>\n<\/tr>\n<tr>\n<td><span style=\"font-weight: 400;\">Tipo<\/span><\/td>\n<td><span style=\"font-weight: 400;\">Bolsa blanca, Sin tabaco<\/span><\/td>\n<\/tr>\n<\/tbody>\n<\/table>","protected":false},"excerpt":{"rendered":"<p>Los sobres de nicotina On! Plus Citrus Slim Strong proporcionan un sabor picante y refrescante <strong data-start=\"73\" data-end=\"83\">C\u00edtricos<\/strong> con un impulso audaz y vigorizante. <strong data-start=\"123\" data-end=\"131\">Delgado<\/strong> Sobres sin tabaco para uso discreto y c\u00f3modo y una liberaci\u00f3n limpia de sabor y nicotina. Cada sobre contiene <strong data-start=\"247\" data-end=\"267\">11,2 mg de nicotina<\/strong>.<\/p>","protected":false},"featured_media":8467,"comment_status":"open","ping_status":"closed","template":"","format":[206],"meta":{"_acf_changed":false},"product_brand":[],"product_cat":[79],"product_tag":[16577],"flavours":[190],"nicotine":[232,211],"class_list":{"0":"post-8466","1":"product","2":"type-product","3":"status-publish","4":"has-post-thumbnail","6":"product_cat-on","7":"product_tag-11-2-mg-pouch","8":"pa_quantity-1-pack","9":"pa_quantity-10-pack","10":"pa_quantity-3-pack","11":"pa_quantity-30-pack","12":"pa_quantity-5-pack","13":"pa_quantity-60-pack","14":"flavours-citrus","15":"format-slim","16":"nicotine-extra-strong","17":"nicotine-14-mg-g","19":"first","20":"outofstock","21":"taxable","22":"shipping-taxable","23":"purchasable","24":"product-type-variable"},"acf":[],"_links":{"self":[{"href":"https:\/\/whitelip.com\/es\/wp-json\/wp\/v2\/product\/8466","targetHints":{"allow":["GET"]}}],"collection":[{"href":"https:\/\/whitelip.com\/es\/wp-json\/wp\/v2\/product"}],"about":[{"href":"https:\/\/whitelip.com\/es\/wp-json\/wp\/v2\/types\/product"}],"replies":[{"embeddable":true,"href":"https:\/\/whitelip.com\/es\/wp-json\/wp\/v2\/comments?post=8466"}],"wp:featuredmedia":[{"embeddable":true,"href":"https:\/\/whitelip.com\/es\/wp-json\/wp\/v2\/media\/8467"}],"wp:attachment":[{"href":"https:\/\/whitelip.com\/es\/wp-json\/wp\/v2\/media?parent=8466"}],"wp:term":[{"taxonomy":"product_brand","embeddable":true,"href":"https:\/\/whitelip.com\/es\/wp-json\/wp\/v2\/product_brand?post=8466"},{"taxonomy":"product_cat","embeddable":true,"href":"https:\/\/whitelip.com\/es\/wp-json\/wp\/v2\/product_cat?post=8466"},{"taxonomy":"product_tag","embeddable":true,"href":"https:\/\/whitelip.com\/es\/wp-json\/wp\/v2\/product_tag?post=8466"},{"taxonomy":"flavours","embeddable":true,"href":"https:\/\/whitelip.com\/es\/wp-json\/wp\/v2\/flavours?post=8466"},{"taxonomy":"format","embeddable":true,"href":"https:\/\/whitelip.com\/es\/wp-json\/wp\/v2\/format?post=8466"},{"taxonomy":"nicotine","embeddable":true,"href":"https:\/\/whitelip.com\/es\/wp-json\/wp\/v2\/nicotine?post=8466"}],"curies":[{"name":"wp","href":"https:\/\/api.w.org\/{rel}","templated":true}]}}