{"id":8442,"date":"2024-12-20T19:39:06","date_gmt":"2024-12-20T19:39:06","guid":{"rendered":"https:\/\/whitelip.com\/velo-blue-raspberry\/"},"modified":"2026-04-21T13:37:08","modified_gmt":"2026-04-21T13:37:08","slug":"velo-blue-raspberry","status":"publish","type":"product","link":"https:\/\/whitelip.com\/es\/velo\/velo-blue-raspberry\/","title":{"rendered":"VELO Frambuesa Azul"},"content":{"rendered":"<h2><strong>VELO Frambuesa Azul<\/strong><\/h2>\n<p><span style=\"font-weight: 400;\">VELO Blue Raspberry ofrece una fusi\u00f3n deliciosa de frambuesas dulces y ar\u00e1ndanos maduros, proporcionando un sabor a bayas rico y satisfactorio. Estas bolsitas de nicotina slim de color blanco puro est\u00e1n dise\u00f1adas para un ajuste discreto y c\u00f3modo, asegurando una liberaci\u00f3n consistente del sabor y la nicotina. Este producto libre de tabaco es ideal para quienes buscan una experiencia de nicotina afrutada e invigorante.<\/span><\/p>\n<table>\n<tbody>\n<tr>\n<td><b>Atributo<\/b><\/td>\n<td><b>Detalles<\/b><\/td>\n<\/tr>\n<tr>\n<td><span style=\"font-weight: 400;\">Marca<\/span><\/td>\n<td><span style=\"font-weight: 400;\">velo<\/span><\/td>\n<\/tr>\n<tr>\n<td><span style=\"font-weight: 400;\">Tipo de producto<\/span><\/td>\n<td><span style=\"font-weight: 400;\">Todas las bolsas de nicotina blancas<\/span><\/td>\n<\/tr>\n<tr>\n<td><span style=\"font-weight: 400;\">Formato<\/span><\/td>\n<td><span style=\"font-weight: 400;\">Delgado<\/span><\/td>\n<\/tr>\n<tr>\n<td><span style=\"font-weight: 400;\">Sabor<\/span><\/td>\n<td><span style=\"font-weight: 400;\">Frambuesa y Ar\u00e1ndano<\/span><\/td>\n<\/tr>\n<tr>\n<td><span style=\"font-weight: 400;\">Potencia de nicotina<\/span><\/td>\n<td><span style=\"font-weight: 400;\">14,3 mg\/g (8 mg por bolsita)<\/span><\/td>\n<\/tr>\n<tr>\n<td><span style=\"font-weight: 400;\">Peso de la raci\u00f3n<\/span><\/td>\n<td><span style=\"font-weight: 400;\">0,7 gramos<\/span><\/td>\n<\/tr>\n<tr>\n<td><span style=\"font-weight: 400;\">N\u00famero de porciones<\/span><\/td>\n<td><span style=\"font-weight: 400;\">20 por lata<\/span><\/td>\n<\/tr>\n<tr>\n<td><span style=\"font-weight: 400;\">Peso total de la lata<\/span><\/td>\n<td><span style=\"font-weight: 400;\">14 gramos<\/span><\/td>\n<\/tr>\n<tr>\n<td><span style=\"font-weight: 400;\">Fabricante<\/span><\/td>\n<td><span style=\"font-weight: 400;\">BAT<\/span><\/td>\n<\/tr>\n<tr>\n<td><span style=\"font-weight: 400;\">Caracter\u00edsticas notables<\/span><\/td>\n<td><span style=\"font-weight: 400;\">Libre de tabaco, porciones slim discretas, goteo m\u00ednimo<\/span><\/td>\n<\/tr>\n<\/tbody>\n<\/table>","protected":false},"excerpt":{"rendered":"<p>Las bolsitas de nicotina VELO Blue Raspberry ofrecen una mezcla de bayas rica y satisfactoria <strong data-start=\"64\" data-end=\"82\">Frambuesa azul<\/strong> . <strong data-start=\"96\" data-end=\"104\">Delgado<\/strong>, formato totalmente blanco para un uso discreto y c\u00f3modo y una liberaci\u00f3n uniforme. Cada bolsa contiene<strong> 8 mg de nicotina<\/strong>.<\/p>","protected":false},"featured_media":8443,"comment_status":"open","ping_status":"closed","template":"","format":[206],"meta":{"_acf_changed":false},"product_brand":[],"product_cat":[48],"product_tag":[16583],"flavours":[196],"nicotine":[211,232],"class_list":{"0":"post-8442","1":"product","2":"type-product","3":"status-publish","4":"has-post-thumbnail","6":"product_cat-velo","7":"product_tag-8-mg-pouch","8":"pa_quantity-1-pack","9":"pa_quantity-10-pack","10":"pa_quantity-3-pack","11":"pa_quantity-30-pack","12":"pa_quantity-5-pack","13":"pa_quantity-60-pack","14":"flavours-fruits-berries","15":"format-slim","16":"nicotine-14-mg-g","17":"nicotine-extra-strong","19":"first","20":"instock","21":"taxable","22":"shipping-taxable","23":"purchasable","24":"product-type-variable"},"acf":[],"_links":{"self":[{"href":"https:\/\/whitelip.com\/es\/wp-json\/wp\/v2\/product\/8442","targetHints":{"allow":["GET"]}}],"collection":[{"href":"https:\/\/whitelip.com\/es\/wp-json\/wp\/v2\/product"}],"about":[{"href":"https:\/\/whitelip.com\/es\/wp-json\/wp\/v2\/types\/product"}],"replies":[{"embeddable":true,"href":"https:\/\/whitelip.com\/es\/wp-json\/wp\/v2\/comments?post=8442"}],"wp:featuredmedia":[{"embeddable":true,"href":"https:\/\/whitelip.com\/es\/wp-json\/wp\/v2\/media\/8443"}],"wp:attachment":[{"href":"https:\/\/whitelip.com\/es\/wp-json\/wp\/v2\/media?parent=8442"}],"wp:term":[{"taxonomy":"product_brand","embeddable":true,"href":"https:\/\/whitelip.com\/es\/wp-json\/wp\/v2\/product_brand?post=8442"},{"taxonomy":"product_cat","embeddable":true,"href":"https:\/\/whitelip.com\/es\/wp-json\/wp\/v2\/product_cat?post=8442"},{"taxonomy":"product_tag","embeddable":true,"href":"https:\/\/whitelip.com\/es\/wp-json\/wp\/v2\/product_tag?post=8442"},{"taxonomy":"flavours","embeddable":true,"href":"https:\/\/whitelip.com\/es\/wp-json\/wp\/v2\/flavours?post=8442"},{"taxonomy":"format","embeddable":true,"href":"https:\/\/whitelip.com\/es\/wp-json\/wp\/v2\/format?post=8442"},{"taxonomy":"nicotine","embeddable":true,"href":"https:\/\/whitelip.com\/es\/wp-json\/wp\/v2\/nicotine?post=8442"}],"curies":[{"name":"wp","href":"https:\/\/api.w.org\/{rel}","templated":true}]}}