{"id":8410,"date":"2024-11-28T12:44:38","date_gmt":"2024-11-28T12:44:38","guid":{"rendered":"https:\/\/whitelip.com\/apres-mint-petite\/"},"modified":"2026-04-21T10:11:27","modified_gmt":"2026-04-21T10:11:27","slug":"apres-mint-petite","status":"publish","type":"product","link":"https:\/\/whitelip.com\/es\/apres\/apres-mint-petite\/","title":{"rendered":"APR\u00c8S Mint Petite"},"content":{"rendered":"<h2><strong>APR\u00c8S Mint Petite<\/strong><\/h2>\n<p><span style=\"font-weight: 400;\">Las bolsitas de nicotina APR\u00c8S Mint Petite proporcionan un sabor refrescante a menta en un formato compacto mini. Cada bolsita completamente blanca contiene 3,2 mg de nicotina, ofreciendo una experiencia suave adecuada para quienes buscan un efecto de nicotina suave. El dise\u00f1o discreto asegura un ajuste c\u00f3modo bajo el labio, permitiendo su uso en cualquier momento sin manchar los dientes. Producidas por APR\u00c8S Nicotine AB, estas bolsitas libres de tabaco ejemplifican altos est\u00e1ndares de calidad y combinaciones de sabores innovadoras.<\/span><\/p>\n<table>\n<tbody>\n<tr>\n<td><b>Atributo<\/b><\/td>\n<td><b>Detalles<\/b><\/td>\n<\/tr>\n<tr>\n<td><b>Contenido por lata<\/b><\/td>\n<td><span style=\"font-weight: 400;\">8 g (20 bolsitas)<\/span><\/td>\n<\/tr>\n<tr>\n<td><b>Contenido de nicotina<\/b><\/td>\n<td><span style=\"font-weight: 400;\">8 mg\/g (3,2 mg por bolsa)<\/span><\/td>\n<\/tr>\n<tr>\n<td><b>Formato bolsa<\/b><\/td>\n<td><span style=\"font-weight: 400;\">Mini<\/span><\/td>\n<\/tr>\n<tr>\n<td><b>Productor<\/b><\/td>\n<td><span style=\"font-weight: 400;\">APR\u00c8S Nicotina AB<\/span><\/td>\n<\/tr>\n<tr>\n<td><b>Sabor<\/b><\/td>\n<td><span style=\"font-weight: 400;\">Menta<\/span><\/td>\n<\/tr>\n<tr>\n<td><b>Tipo<\/b><\/td>\n<td><span style=\"font-weight: 400;\">Bolsa blanca<\/span><\/td>\n<\/tr>\n<\/tbody>\n<\/table>","protected":false},"excerpt":{"rendered":"<p>Refrescante <strong data-start=\"11\" data-end=\"19\">menta<\/strong> con un acabado limpio y crujiente. La <strong data-start=\"52\" data-end=\"71\">mini, <\/strong>de color blanco, se colocan discreta y c\u00f3modamente bajo el labio para que no se manchen y puedan utilizarse en cualquier momento. Cada bolsa contiene <strong data-start=\"174\" data-end=\"193\">3,2 mg de nicotina<\/strong>, entregando un impulso suave y accesible de APR\u00c8S Nicotine AB.<\/p>","protected":false},"featured_media":8411,"comment_status":"open","ping_status":"closed","template":"","format":[205],"meta":{"_acf_changed":false},"product_brand":[],"product_cat":[41],"product_tag":[16555],"flavours":[199],"nicotine":[230,236],"class_list":{"0":"post-8410","1":"product","2":"type-product","3":"status-publish","4":"has-post-thumbnail","6":"product_cat-apres","7":"product_tag-3-2-mg-pouch","8":"pa_quantity-1-pack","9":"pa_quantity-10-pack","10":"pa_quantity-3-pack","11":"pa_quantity-30-pack","12":"pa_quantity-5-pack","13":"pa_quantity-60-pack","14":"flavours-mint","15":"format-mini","16":"nicotine-8-mg-g","17":"nicotine-strong","19":"first","20":"instock","21":"taxable","22":"shipping-taxable","23":"purchasable","24":"product-type-variable"},"acf":[],"_links":{"self":[{"href":"https:\/\/whitelip.com\/es\/wp-json\/wp\/v2\/product\/8410","targetHints":{"allow":["GET"]}}],"collection":[{"href":"https:\/\/whitelip.com\/es\/wp-json\/wp\/v2\/product"}],"about":[{"href":"https:\/\/whitelip.com\/es\/wp-json\/wp\/v2\/types\/product"}],"replies":[{"embeddable":true,"href":"https:\/\/whitelip.com\/es\/wp-json\/wp\/v2\/comments?post=8410"}],"wp:featuredmedia":[{"embeddable":true,"href":"https:\/\/whitelip.com\/es\/wp-json\/wp\/v2\/media\/8411"}],"wp:attachment":[{"href":"https:\/\/whitelip.com\/es\/wp-json\/wp\/v2\/media?parent=8410"}],"wp:term":[{"taxonomy":"product_brand","embeddable":true,"href":"https:\/\/whitelip.com\/es\/wp-json\/wp\/v2\/product_brand?post=8410"},{"taxonomy":"product_cat","embeddable":true,"href":"https:\/\/whitelip.com\/es\/wp-json\/wp\/v2\/product_cat?post=8410"},{"taxonomy":"product_tag","embeddable":true,"href":"https:\/\/whitelip.com\/es\/wp-json\/wp\/v2\/product_tag?post=8410"},{"taxonomy":"flavours","embeddable":true,"href":"https:\/\/whitelip.com\/es\/wp-json\/wp\/v2\/flavours?post=8410"},{"taxonomy":"format","embeddable":true,"href":"https:\/\/whitelip.com\/es\/wp-json\/wp\/v2\/format?post=8410"},{"taxonomy":"nicotine","embeddable":true,"href":"https:\/\/whitelip.com\/es\/wp-json\/wp\/v2\/nicotine?post=8410"}],"curies":[{"name":"wp","href":"https:\/\/api.w.org\/{rel}","templated":true}]}}