{"id":8400,"date":"2024-11-28T12:44:16","date_gmt":"2024-11-28T12:44:16","guid":{"rendered":"https:\/\/whitelip.com\/iceberg-gummy-bears-extreme\/"},"modified":"2026-04-21T10:11:27","modified_gmt":"2026-04-21T10:11:27","slug":"iceberg-gummy-bears-extreme","status":"publish","type":"product","link":"https:\/\/whitelip.com\/es\/iceberg\/iceberg-gummy-bears-extreme\/","title":{"rendered":"ICEBERG Gominolas Extreme"},"content":{"rendered":"<h2><b>ICEBERG Gominolas Extreme<\/b><\/h2>\n<p><span style=\"font-weight: 400;\">Las bolsitas de nicotina ICEBERG Gummy Bears Extreme ofrecen un nost\u00e1lgico sabor a caramelo con un potente contenido de nicotina. Cada bolsita de formato delgado contiene 50 mg de nicotina por gramo, lo que equivale a aproximadamente 30 mg por bolsita, proporcionando una fuerte experiencia adecuada para los usuarios experimentados. Las bolsitas est\u00e1n dise\u00f1adas para un uso discreto sin manchar los dientes, por lo que son ideales para disfrutarlas sobre la marcha. Producidas por Neoptolem, un fabricante polaco conocido por combinar m\u00e9todos contempor\u00e1neos con calidad tradicional, estas bolsitas son un ejemplo de altos est\u00e1ndares y combinaciones de sabores innovadoras.<\/span><\/p>\n<table>\n<tbody>\n<tr>\n<td><b>Atributo<\/b><\/td>\n<td><b>Detalles<\/b><\/td>\n<\/tr>\n<tr>\n<td><b>Contenido por lata<\/b><\/td>\n<td><span style=\"font-weight: 400;\">12g (20 pouches)<\/span><\/td>\n<\/tr>\n<tr>\n<td><b>Contenido de nicotina<\/b><\/td>\n<td><span style=\"font-weight: 400;\">50 mg\/g (30 mg por bolsita)<\/span><\/td>\n<\/tr>\n<tr>\n<td><b>Formato bolsa<\/b><\/td>\n<td><span style=\"font-weight: 400;\">Delgado<\/span><\/td>\n<\/tr>\n<tr>\n<td><b>Productor<\/b><\/td>\n<td><span style=\"font-weight: 400;\">Neoptolem<\/span><\/td>\n<\/tr>\n<tr>\n<td><b>Sabor<\/b><\/td>\n<td><span style=\"font-weight: 400;\">Gominolas<\/span><\/td>\n<\/tr>\n<tr>\n<td><b>Tipo<\/b><\/td>\n<td><span style=\"font-weight: 400;\">Bolsa blanca<\/span><\/td>\n<\/tr>\n<\/tbody>\n<\/table>","protected":false},"excerpt":{"rendered":"<p>ICEBERG Gummy Bears ofrece un nost\u00e1lgico <strong data-start=\"39\" data-end=\"54\">ositos de gominola<\/strong> perfil de caramelo. <strong data-start=\"70\" data-end=\"78\">Delgado<\/strong> Las bolsitas totalmente blancas se colocan discretamente bajo el labio sin manchar. Cada bolsa contiene <strong data-start=\"164\" data-end=\"182\">30 mg de nicotina<\/strong>, ...ofreciendo un fuerte golpe a los consumidores experimentados. Sin tabaco. Producido por Neoptolem en Polonia.<\/p>","protected":false},"featured_media":8401,"comment_status":"open","ping_status":"closed","template":"","format":[206],"meta":{"_acf_changed":false},"product_brand":[],"product_cat":[50],"product_tag":[16605],"flavours":[185],"nicotine":[226,233],"class_list":{"0":"post-8400","1":"product","2":"type-product","3":"status-publish","4":"has-post-thumbnail","6":"product_cat-iceberg","7":"product_tag-30-mg-pouch","8":"pa_quantity-1-pack","9":"pa_quantity-10-pack","10":"pa_quantity-3-pack","11":"pa_quantity-30-pack","12":"pa_quantity-5-pack","13":"pa_quantity-60-pack","14":"flavours-candy","15":"format-slim","16":"nicotine-50-mg-g","17":"nicotine-extreme","19":"first","20":"outofstock","21":"taxable","22":"shipping-taxable","23":"purchasable","24":"product-type-variable"},"acf":[],"_links":{"self":[{"href":"https:\/\/whitelip.com\/es\/wp-json\/wp\/v2\/product\/8400","targetHints":{"allow":["GET"]}}],"collection":[{"href":"https:\/\/whitelip.com\/es\/wp-json\/wp\/v2\/product"}],"about":[{"href":"https:\/\/whitelip.com\/es\/wp-json\/wp\/v2\/types\/product"}],"replies":[{"embeddable":true,"href":"https:\/\/whitelip.com\/es\/wp-json\/wp\/v2\/comments?post=8400"}],"wp:featuredmedia":[{"embeddable":true,"href":"https:\/\/whitelip.com\/es\/wp-json\/wp\/v2\/media\/8401"}],"wp:attachment":[{"href":"https:\/\/whitelip.com\/es\/wp-json\/wp\/v2\/media?parent=8400"}],"wp:term":[{"taxonomy":"product_brand","embeddable":true,"href":"https:\/\/whitelip.com\/es\/wp-json\/wp\/v2\/product_brand?post=8400"},{"taxonomy":"product_cat","embeddable":true,"href":"https:\/\/whitelip.com\/es\/wp-json\/wp\/v2\/product_cat?post=8400"},{"taxonomy":"product_tag","embeddable":true,"href":"https:\/\/whitelip.com\/es\/wp-json\/wp\/v2\/product_tag?post=8400"},{"taxonomy":"flavours","embeddable":true,"href":"https:\/\/whitelip.com\/es\/wp-json\/wp\/v2\/flavours?post=8400"},{"taxonomy":"format","embeddable":true,"href":"https:\/\/whitelip.com\/es\/wp-json\/wp\/v2\/format?post=8400"},{"taxonomy":"nicotine","embeddable":true,"href":"https:\/\/whitelip.com\/es\/wp-json\/wp\/v2\/nicotine?post=8400"}],"curies":[{"name":"wp","href":"https:\/\/api.w.org\/{rel}","templated":true}]}}