{"id":8392,"date":"2024-12-20T19:39:27","date_gmt":"2024-12-20T19:39:27","guid":{"rendered":"https:\/\/whitelip.com\/xqs-wintergreen-light\/"},"modified":"2026-04-28T10:11:19","modified_gmt":"2026-04-28T10:11:19","slug":"xqs-wintergreen-light","status":"publish","type":"product","link":"https:\/\/whitelip.com\/es\/xqs\/xqs-wintergreen-light\/","title":{"rendered":"XQS Wintergreen Light"},"content":{"rendered":"<h2><b>XQS Wintergreen Light<\/b><\/h2>\n<p><span style=\"font-weight: 400;\">XQS Wintergreen Light ofrece un <\/span><b>sabor suave y refrescante a gaulteria<\/b><span style=\"font-weight: 400;\">, El cigarrillo ofrece una sensaci\u00f3n suave y refrescante con un toque de dulzor natural. Perfecto para los usuarios que buscan una opci\u00f3n de nicotina m\u00e1s ligera, cada bolsa delgada y totalmente blanca contiene <\/span><b>4 mg de nicotina<\/b><span style=\"font-weight: 400;\">, proporcionando una liberaci\u00f3n suave y constante adecuada para el uso diario.<\/span><\/p>\n<p><span style=\"font-weight: 400;\">Su formato fino garantiza un ajuste discreto y c\u00f3modo bajo el labio, por lo que es ideal para usar sobre la marcha sin manchar los dientes. Completamente libre de tabaco y fabricado con fibras vegetales de alta calidad, XQS Wintergreen Light ofrece una alternativa limpia y moderna con un agradable y refrescante sabor a menta. Es una gran elecci\u00f3n para quienes prefieren una experiencia nicot\u00ednica m\u00e1s suave pero satisfactoria.<\/span><\/p>\n<table>\n<tbody>\n<tr>\n<td><b>Atributo<\/b><\/td>\n<td><b>Detalles<\/b><\/td>\n<\/tr>\n<tr>\n<td><b>Marca<\/b><\/td>\n<td><span style=\"font-weight: 400;\">XQS<\/span><\/td>\n<\/tr>\n<tr>\n<td><b>Tipo de producto<\/b><\/td>\n<td><span style=\"font-weight: 400;\">Todas las bolsas de nicotina blancas<\/span><\/td>\n<\/tr>\n<tr>\n<td><b>Formato<\/b><\/td>\n<td><span style=\"font-weight: 400;\">Delgado<\/span><\/td>\n<\/tr>\n<tr>\n<td><b>Sabor<\/b><\/td>\n<td><span style=\"font-weight: 400;\">Gaulteria<\/span><\/td>\n<\/tr>\n<tr>\n<td><b>Potencia de nicotina<\/b><\/td>\n<td><span style=\"font-weight: 400;\">4 mg por sobre (5 mg\/g)<\/span><\/td>\n<\/tr>\n<tr>\n<td><b>Peso de la raci\u00f3n<\/b><\/td>\n<td><span style=\"font-weight: 400;\">0.75 gramos<\/span><\/td>\n<\/tr>\n<tr>\n<td><b>N\u00famero de porciones<\/b><\/td>\n<td><span style=\"font-weight: 400;\">20 por lata<\/span><\/td>\n<\/tr>\n<tr>\n<td><b>Peso total de la lata<\/b><\/td>\n<td><span style=\"font-weight: 400;\">15 gramos<\/span><\/td>\n<\/tr>\n<tr>\n<td><b>Fabricante<\/b><\/td>\n<td><span style=\"font-weight: 400;\">XQS International<\/span><\/td>\n<\/tr>\n<tr>\n<td><b>Caracter\u00edsticas notables<\/b><\/td>\n<td><span style=\"font-weight: 400;\">Sin tabaco, formato slim, sabor suave y refrescante de wintergreen<\/span><\/td>\n<\/tr>\n<\/tbody>\n<\/table>","protected":false},"excerpt":{"rendered":"<p><span style=\"font-weight: 400;\">XQS Wintergreen Light ofrece un <\/span><b>sabor suave y refrescante a gaulteria<\/b><span style=\"font-weight: 400;\">, ofreciendo una sensaci\u00f3n suave y refrescante con un toque de dulzor natural. Perfecto para los usuarios que buscan una opci\u00f3n de nicotina m\u00e1s ligera, cada <strong>delgado<\/strong>, La bolsa blanca contiene <\/span><b>4 mg de nicotina<\/b><span style=\"font-weight: 400;\">, proporcionando una liberaci\u00f3n suave y constante adecuada para el uso diario.<\/span><\/p>","protected":false},"featured_media":8393,"comment_status":"open","ping_status":"closed","template":"","format":[206],"meta":{"_acf_changed":false},"product_brand":[],"product_cat":[27],"product_tag":[16585],"flavours":[203],"nicotine":[230,236],"class_list":{"0":"post-8392","1":"product","2":"type-product","3":"status-publish","4":"has-post-thumbnail","6":"product_cat-xqs","7":"product_tag-4-mg-pouch","8":"pa_quantity-1-pack","9":"pa_quantity-10-pack","10":"pa_quantity-3-pack","11":"pa_quantity-30-pack","12":"pa_quantity-5-pack","13":"pa_quantity-60-pack","14":"flavours-wintergreen","15":"format-slim","16":"nicotine-8-mg-g","17":"nicotine-strong","19":"first","20":"outofstock","21":"taxable","22":"shipping-taxable","23":"purchasable","24":"product-type-variable"},"acf":[],"_links":{"self":[{"href":"https:\/\/whitelip.com\/es\/wp-json\/wp\/v2\/product\/8392","targetHints":{"allow":["GET"]}}],"collection":[{"href":"https:\/\/whitelip.com\/es\/wp-json\/wp\/v2\/product"}],"about":[{"href":"https:\/\/whitelip.com\/es\/wp-json\/wp\/v2\/types\/product"}],"replies":[{"embeddable":true,"href":"https:\/\/whitelip.com\/es\/wp-json\/wp\/v2\/comments?post=8392"}],"wp:featuredmedia":[{"embeddable":true,"href":"https:\/\/whitelip.com\/es\/wp-json\/wp\/v2\/media\/8393"}],"wp:attachment":[{"href":"https:\/\/whitelip.com\/es\/wp-json\/wp\/v2\/media?parent=8392"}],"wp:term":[{"taxonomy":"product_brand","embeddable":true,"href":"https:\/\/whitelip.com\/es\/wp-json\/wp\/v2\/product_brand?post=8392"},{"taxonomy":"product_cat","embeddable":true,"href":"https:\/\/whitelip.com\/es\/wp-json\/wp\/v2\/product_cat?post=8392"},{"taxonomy":"product_tag","embeddable":true,"href":"https:\/\/whitelip.com\/es\/wp-json\/wp\/v2\/product_tag?post=8392"},{"taxonomy":"flavours","embeddable":true,"href":"https:\/\/whitelip.com\/es\/wp-json\/wp\/v2\/flavours?post=8392"},{"taxonomy":"format","embeddable":true,"href":"https:\/\/whitelip.com\/es\/wp-json\/wp\/v2\/format?post=8392"},{"taxonomy":"nicotine","embeddable":true,"href":"https:\/\/whitelip.com\/es\/wp-json\/wp\/v2\/nicotine?post=8392"}],"curies":[{"name":"wp","href":"https:\/\/api.w.org\/{rel}","templated":true}]}}