{"id":8374,"date":"2024-11-28T12:43:30","date_gmt":"2024-11-28T12:43:30","guid":{"rendered":"https:\/\/whitelip.com\/siberia-80-all-white-ultra-slim\/"},"modified":"2026-05-06T10:11:13","modified_gmt":"2026-05-06T10:11:13","slug":"siberia-80-all-white-ultra-slim","status":"publish","type":"product","link":"https:\/\/whitelip.com\/es\/siberia\/siberia-80-all-white-ultra-slim\/","title":{"rendered":"Siberia -80 All White Ultra Slim"},"content":{"rendered":"<h2><b>Siberia -80 All White Ultra Slim<\/b><\/h2>\n<p><span style=\"font-weight: 400;\">Las bolsas de nicotina Siberia -80 All White Ultra Slim est\u00e1n dise\u00f1adas para aquellos que buscan una experiencia de nicotina ultra fuerte combinada con un sabor a menta helada y crujiente. Estas bolsitas ultrafinas sin tabaco proporcionan un potente subid\u00f3n de nicotina a la vez que ofrecen un ajuste discreto y c\u00f3modo bajo el labio. Perfecto para usuarios experimentados, Siberia -80 proporciona una intensa y refrescante liberaci\u00f3n de sabor y nicotina sin manchar los dientes.<\/span><\/p>\n<table>\n<tbody>\n<tr>\n<td><b>Atributo<\/b><\/td>\n<td><b>Detalles<\/b><\/td>\n<\/tr>\n<tr>\n<td><span style=\"font-weight: 400;\">Contenido por lata<\/span><\/td>\n<td><span style=\"font-weight: 400;\">15g (20 bolsitas)<\/span><\/td>\n<\/tr>\n<tr>\n<td><span style=\"font-weight: 400;\">Contenido de nicotina<\/span><\/td>\n<td><span style=\"font-weight: 400;\">33 mg\/g (25 mg por bolsa)<\/span><\/td>\n<\/tr>\n<tr>\n<td><span style=\"font-weight: 400;\">Formato de bolsa<\/span><\/td>\n<td><span style=\"font-weight: 400;\">Ultra Slim<\/span><\/td>\n<\/tr>\n<tr>\n<td><span style=\"font-weight: 400;\">Productor<\/span><\/td>\n<td><span style=\"font-weight: 400;\">SIBERIA<\/span><\/td>\n<\/tr>\n<tr>\n<td><span style=\"font-weight: 400;\">Sabor<\/span><\/td>\n<td><span style=\"font-weight: 400;\">Menta helada<\/span><\/td>\n<\/tr>\n<tr>\n<td><span style=\"font-weight: 400;\">Tipo<\/span><\/td>\n<td><span style=\"font-weight: 400;\">Bolsa blanca, Sin tabaco<\/span><\/td>\n<\/tr>\n<\/tbody>\n<\/table>","protected":false},"excerpt":{"rendered":"<p>Las bolsitas de nicotina Siberia -80 All White Ultra Slim proporcionan un <strong data-start=\"74\" data-end=\"86\">Menta helada<\/strong> sabor con un perfil crujiente y helado. <strong data-start=\"124\" data-end=\"132\">Delgado<\/strong>, formato sin tabaco para un uso discreto y c\u00f3modo y una liberaci\u00f3n limpia y refrescante. Cada bolsita contiene <strong data-start=\"237\" data-end=\"255\">25 mg de nicotina<\/strong>.<\/p>","protected":false},"featured_media":8375,"comment_status":"open","ping_status":"closed","template":"","format":[206],"meta":{"_acf_changed":false},"product_brand":[],"product_cat":[61],"product_tag":[16589],"flavours":[199],"nicotine":[222,233],"class_list":{"0":"post-8374","1":"product","2":"type-product","3":"status-publish","4":"has-post-thumbnail","6":"product_cat-siberia","7":"product_tag-25-mg-pouch","8":"pa_quantity-1-pack","9":"pa_quantity-10-pack","10":"pa_quantity-3-pack","11":"pa_quantity-30-pack","12":"pa_quantity-5-pack","13":"pa_quantity-60-pack","14":"flavours-mint","15":"format-slim","16":"nicotine-33-mg-g","17":"nicotine-extreme","19":"first","20":"instock","21":"taxable","22":"shipping-taxable","23":"purchasable","24":"product-type-variable"},"acf":[],"_links":{"self":[{"href":"https:\/\/whitelip.com\/es\/wp-json\/wp\/v2\/product\/8374","targetHints":{"allow":["GET"]}}],"collection":[{"href":"https:\/\/whitelip.com\/es\/wp-json\/wp\/v2\/product"}],"about":[{"href":"https:\/\/whitelip.com\/es\/wp-json\/wp\/v2\/types\/product"}],"replies":[{"embeddable":true,"href":"https:\/\/whitelip.com\/es\/wp-json\/wp\/v2\/comments?post=8374"}],"wp:featuredmedia":[{"embeddable":true,"href":"https:\/\/whitelip.com\/es\/wp-json\/wp\/v2\/media\/8375"}],"wp:attachment":[{"href":"https:\/\/whitelip.com\/es\/wp-json\/wp\/v2\/media?parent=8374"}],"wp:term":[{"taxonomy":"product_brand","embeddable":true,"href":"https:\/\/whitelip.com\/es\/wp-json\/wp\/v2\/product_brand?post=8374"},{"taxonomy":"product_cat","embeddable":true,"href":"https:\/\/whitelip.com\/es\/wp-json\/wp\/v2\/product_cat?post=8374"},{"taxonomy":"product_tag","embeddable":true,"href":"https:\/\/whitelip.com\/es\/wp-json\/wp\/v2\/product_tag?post=8374"},{"taxonomy":"flavours","embeddable":true,"href":"https:\/\/whitelip.com\/es\/wp-json\/wp\/v2\/flavours?post=8374"},{"taxonomy":"format","embeddable":true,"href":"https:\/\/whitelip.com\/es\/wp-json\/wp\/v2\/format?post=8374"},{"taxonomy":"nicotine","embeddable":true,"href":"https:\/\/whitelip.com\/es\/wp-json\/wp\/v2\/nicotine?post=8374"}],"curies":[{"name":"wp","href":"https:\/\/api.w.org\/{rel}","templated":true}]}}