{"id":8350,"date":"2024-12-20T19:39:09","date_gmt":"2024-12-20T19:39:09","guid":{"rendered":"https:\/\/whitelip.com\/xqs-tropical-light\/"},"modified":"2026-05-06T17:16:44","modified_gmt":"2026-05-06T17:16:44","slug":"xqs-tropical-light","status":"publish","type":"product","link":"https:\/\/whitelip.com\/es\/xqs\/xqs-tropical-light\/","title":{"rendered":"XQS Tropical Light"},"content":{"rendered":"<h2><b>XQS Tropical Light<\/b><\/h2>\n<p><span style=\"font-weight: 400;\">XQS Tropical Light ofrece un <\/span><b>vibrante y refrescante sabor a fruta tropical<\/b><span style=\"font-weight: 400;\">, Una mezcla de notas de pi\u00f1a jugosa, mango dulce y c\u00edtricos sutiles para una experiencia suave y agradable. Perfecto para los usuarios que buscan una opci\u00f3n de nicotina suave, cada bolsa delgada y totalmente blanca contiene <\/span><b>4 mg de nicotina<\/b><span style=\"font-weight: 400;\">, El sistema de liberaci\u00f3n suave y constante es ideal para el uso diario.<\/span><\/p>\n<p><span style=\"font-weight: 400;\">Su formato fino garantiza un ajuste discreto y c\u00f3modo bajo el labio, proporcionando una experiencia limpia y sin manchas. Elaborado sin tabaco y con materiales vegetales de alta calidad, XQS Tropical Light es una alternativa moderna a la nicotina con un delicioso y ex\u00f3tico perfil de sabor. Esta bolsita es la elecci\u00f3n perfecta para los usuarios que buscan disfrutar de una experiencia de nicotina ligera y afrutada.<\/span><\/p>\n<table>\n<tbody>\n<tr>\n<td><b>Atributo<\/b><\/td>\n<td><b>Detalles<\/b><\/td>\n<\/tr>\n<tr>\n<td><b>Marca<\/b><\/td>\n<td><span style=\"font-weight: 400;\">XQS<\/span><\/td>\n<\/tr>\n<tr>\n<td><b>Tipo de producto<\/b><\/td>\n<td><span style=\"font-weight: 400;\">Todas las bolsas de nicotina blancas<\/span><\/td>\n<\/tr>\n<tr>\n<td><b>Formato<\/b><\/td>\n<td><span style=\"font-weight: 400;\">Delgado<\/span><\/td>\n<\/tr>\n<tr>\n<td><b>Sabor<\/b><\/td>\n<td><span style=\"font-weight: 400;\">Frutas Tropicales<\/span><\/td>\n<\/tr>\n<tr>\n<td><b>Potencia de nicotina<\/b><\/td>\n<td><span style=\"font-weight: 400;\">4 mg por sobre (5 mg\/g)<\/span><\/td>\n<\/tr>\n<tr>\n<td><b>Peso de la raci\u00f3n<\/b><\/td>\n<td><span style=\"font-weight: 400;\">0.75 gramos<\/span><\/td>\n<\/tr>\n<tr>\n<td><b>N\u00famero de porciones<\/b><\/td>\n<td><span style=\"font-weight: 400;\">20 por lata<\/span><\/td>\n<\/tr>\n<tr>\n<td><b>Peso total de la lata<\/b><\/td>\n<td><span style=\"font-weight: 400;\">15 gramos<\/span><\/td>\n<\/tr>\n<tr>\n<td><b>Fabricante<\/b><\/td>\n<td><span style=\"font-weight: 400;\">XQS International<\/span><\/td>\n<\/tr>\n<tr>\n<td><b>Caracter\u00edsticas notables<\/b><\/td>\n<td><span style=\"font-weight: 400;\">Sin tabaco, formato slim, sabor ligero de frutas tropicales<\/span><\/td>\n<\/tr>\n<\/tbody>\n<\/table>","protected":false},"excerpt":{"rendered":"<p>XQS <strong data-start=\"4\" data-end=\"16\">Tropical<\/strong> <strong data-start=\"17\" data-end=\"26\">Luz<\/strong> mezcla pi\u00f1a jugosa, mango dulce y c\u00edtricos sutiles para un perfil suave y refrescante. En <strong data-start=\"120\" data-end=\"128\">delgado<\/strong>, Las bolsas blancas son discretas y c\u00f3modas. Cada bolsa contiene <strong data-start=\"198\" data-end=\"215\">4 mg de nicotina<\/strong> para una liberaci\u00f3n suave y constante, adecuada para el uso diario.<\/p>","protected":false},"featured_media":63923,"comment_status":"open","ping_status":"closed","template":"","format":[206],"meta":{"_acf_changed":false},"product_brand":[],"product_cat":[27],"product_tag":[16585],"flavours":[196],"nicotine":[230,236],"class_list":{"0":"post-8350","1":"product","2":"type-product","3":"status-publish","4":"has-post-thumbnail","6":"product_cat-xqs","7":"product_tag-4-mg-pouch","8":"pa_quantity-1-pack","9":"pa_quantity-10-pack","10":"pa_quantity-3-pack","11":"pa_quantity-30-pack","12":"pa_quantity-5-pack","13":"pa_quantity-60-pack","14":"flavours-fruits-berries","15":"format-slim","16":"nicotine-8-mg-g","17":"nicotine-strong","19":"first","20":"instock","21":"taxable","22":"shipping-taxable","23":"purchasable","24":"product-type-variable"},"acf":[],"_links":{"self":[{"href":"https:\/\/whitelip.com\/es\/wp-json\/wp\/v2\/product\/8350","targetHints":{"allow":["GET"]}}],"collection":[{"href":"https:\/\/whitelip.com\/es\/wp-json\/wp\/v2\/product"}],"about":[{"href":"https:\/\/whitelip.com\/es\/wp-json\/wp\/v2\/types\/product"}],"replies":[{"embeddable":true,"href":"https:\/\/whitelip.com\/es\/wp-json\/wp\/v2\/comments?post=8350"}],"wp:featuredmedia":[{"embeddable":true,"href":"https:\/\/whitelip.com\/es\/wp-json\/wp\/v2\/media\/63923"}],"wp:attachment":[{"href":"https:\/\/whitelip.com\/es\/wp-json\/wp\/v2\/media?parent=8350"}],"wp:term":[{"taxonomy":"product_brand","embeddable":true,"href":"https:\/\/whitelip.com\/es\/wp-json\/wp\/v2\/product_brand?post=8350"},{"taxonomy":"product_cat","embeddable":true,"href":"https:\/\/whitelip.com\/es\/wp-json\/wp\/v2\/product_cat?post=8350"},{"taxonomy":"product_tag","embeddable":true,"href":"https:\/\/whitelip.com\/es\/wp-json\/wp\/v2\/product_tag?post=8350"},{"taxonomy":"flavours","embeddable":true,"href":"https:\/\/whitelip.com\/es\/wp-json\/wp\/v2\/flavours?post=8350"},{"taxonomy":"format","embeddable":true,"href":"https:\/\/whitelip.com\/es\/wp-json\/wp\/v2\/format?post=8350"},{"taxonomy":"nicotine","embeddable":true,"href":"https:\/\/whitelip.com\/es\/wp-json\/wp\/v2\/nicotine?post=8350"}],"curies":[{"name":"wp","href":"https:\/\/api.w.org\/{rel}","templated":true}]}}