{"id":8337,"date":"2024-12-20T19:39:05","date_gmt":"2024-12-20T19:39:05","guid":{"rendered":"https:\/\/whitelip.com\/velo-bright-spearmint-mini\/"},"modified":"2026-04-21T10:11:48","modified_gmt":"2026-04-21T10:11:48","slug":"velo-bright-spearmint-mini","status":"publish","type":"product","link":"https:\/\/whitelip.com\/es\/velo\/velo-bright-spearmint-mini\/","title":{"rendered":"VELO Bright Spearmint Mini"},"content":{"rendered":"<h2><strong>VELO Bright Spearmint Mini<\/strong><\/h2>\n<p><span style=\"font-weight: 400;\">VELO Bright Spearmint Mini ofrece un sabor refrescante e invigorante de menta verde, proporcionando una experiencia de menta crujiente y fr\u00eda que despierta los sentidos. Estas bolsitas de nicotina mini de color blanco puro est\u00e1n dise\u00f1adas para un uso discreto y c\u00f3modo, ajust\u00e1ndose perfectamente bajo el labio sin ser notables. El equilibrio dulce de la menta verde combinado con un toque suave de mentol proporciona un sabor agradable sin la quemaz\u00f3n excesiva asociada a productos de menta m\u00e1s fuertes. Ideal para quienes buscan una experiencia de nicotina sutil y satisfactoria, VELO Bright Spearmint Mini asegura una liberaci\u00f3n consistente del sabor y la nicotina, lo que la convierte en una opci\u00f3n adecuada tanto para usuarios nuevos como experimentados.<\/span><\/p>\n<table>\n<tbody>\n<tr>\n<td><b>Atributo<\/b><\/td>\n<td><b>Detalles<\/b><\/td>\n<\/tr>\n<tr>\n<td><span style=\"font-weight: 400;\">Marca<\/span><\/td>\n<td><span style=\"font-weight: 400;\">velo<\/span><\/td>\n<\/tr>\n<tr>\n<td><span style=\"font-weight: 400;\">Tipo de producto<\/span><\/td>\n<td><span style=\"font-weight: 400;\">Todas las bolsas de nicotina blancas<\/span><\/td>\n<\/tr>\n<tr>\n<td><span style=\"font-weight: 400;\">Formato<\/span><\/td>\n<td><span style=\"font-weight: 400;\">Mini<\/span><\/td>\n<\/tr>\n<tr>\n<td><span style=\"font-weight: 400;\">Sabor<\/span><\/td>\n<td><span style=\"font-weight: 400;\">Menta verde con un toque de mentol<\/span><\/td>\n<\/tr>\n<tr>\n<td><span style=\"font-weight: 400;\">Potencia de nicotina<\/span><\/td>\n<td><span style=\"font-weight: 400;\">8 mg\/g (4 mg por sobre)<\/span><\/td>\n<\/tr>\n<tr>\n<td><span style=\"font-weight: 400;\">Peso de la raci\u00f3n<\/span><\/td>\n<td><span style=\"font-weight: 400;\">0,5 gramos<\/span><\/td>\n<\/tr>\n<tr>\n<td><span style=\"font-weight: 400;\">N\u00famero de porciones<\/span><\/td>\n<td><span style=\"font-weight: 400;\">20 por lata<\/span><\/td>\n<\/tr>\n<tr>\n<td><span style=\"font-weight: 400;\">Peso total de la lata<\/span><\/td>\n<td><span style=\"font-weight: 400;\">10 gramos<\/span><\/td>\n<\/tr>\n<tr>\n<td><span style=\"font-weight: 400;\">Fabricante<\/span><\/td>\n<td><span style=\"font-weight: 400;\">BAT<\/span><\/td>\n<\/tr>\n<tr>\n<td><span style=\"font-weight: 400;\">Caracter\u00edsticas notables<\/span><\/td>\n<td><span style=\"font-weight: 400;\">Libre de tabaco, porciones mini discretas, sabor de menta equilibrado, goteo m\u00ednimo<\/span><\/td>\n<\/tr>\n<\/tbody>\n<\/table>","protected":false},"excerpt":{"rendered":"<p>Las bolsitas de nicotina VELO Bright Spearmint Mini ofrecen un sabor refrescante <strong data-start=\"65\" data-end=\"85\">Bright Spearmint<\/strong> con un perfil de menta crujiente y fr\u00eda. Mini, <strong data-start=\"132\" data-end=\"140\">delgado<\/strong>, formato totalmente blanco para un uso discreto y c\u00f3modo y una liberaci\u00f3n uniforme. Cada bolsa contiene <strong data-start=\"235\" data-end=\"252\">4 mg de nicotina<\/strong>.<\/p>","protected":false},"featured_media":8338,"comment_status":"open","ping_status":"closed","template":"","format":[205],"meta":{"_acf_changed":false},"product_brand":[],"product_cat":[48],"product_tag":[16585],"flavours":[199],"nicotine":[230,236],"class_list":{"0":"post-8337","1":"product","2":"type-product","3":"status-publish","4":"has-post-thumbnail","6":"product_cat-velo","7":"product_tag-4-mg-pouch","8":"pa_quantity-1-pack","9":"pa_quantity-10-pack","10":"pa_quantity-3-pack","11":"pa_quantity-30-pack","12":"pa_quantity-5-pack","13":"pa_quantity-60-pack","14":"flavours-mint","15":"format-mini","16":"nicotine-8-mg-g","17":"nicotine-strong","19":"first","20":"outofstock","21":"taxable","22":"shipping-taxable","23":"purchasable","24":"product-type-variable"},"acf":[],"_links":{"self":[{"href":"https:\/\/whitelip.com\/es\/wp-json\/wp\/v2\/product\/8337","targetHints":{"allow":["GET"]}}],"collection":[{"href":"https:\/\/whitelip.com\/es\/wp-json\/wp\/v2\/product"}],"about":[{"href":"https:\/\/whitelip.com\/es\/wp-json\/wp\/v2\/types\/product"}],"replies":[{"embeddable":true,"href":"https:\/\/whitelip.com\/es\/wp-json\/wp\/v2\/comments?post=8337"}],"wp:featuredmedia":[{"embeddable":true,"href":"https:\/\/whitelip.com\/es\/wp-json\/wp\/v2\/media\/8338"}],"wp:attachment":[{"href":"https:\/\/whitelip.com\/es\/wp-json\/wp\/v2\/media?parent=8337"}],"wp:term":[{"taxonomy":"product_brand","embeddable":true,"href":"https:\/\/whitelip.com\/es\/wp-json\/wp\/v2\/product_brand?post=8337"},{"taxonomy":"product_cat","embeddable":true,"href":"https:\/\/whitelip.com\/es\/wp-json\/wp\/v2\/product_cat?post=8337"},{"taxonomy":"product_tag","embeddable":true,"href":"https:\/\/whitelip.com\/es\/wp-json\/wp\/v2\/product_tag?post=8337"},{"taxonomy":"flavours","embeddable":true,"href":"https:\/\/whitelip.com\/es\/wp-json\/wp\/v2\/flavours?post=8337"},{"taxonomy":"format","embeddable":true,"href":"https:\/\/whitelip.com\/es\/wp-json\/wp\/v2\/format?post=8337"},{"taxonomy":"nicotine","embeddable":true,"href":"https:\/\/whitelip.com\/es\/wp-json\/wp\/v2\/nicotine?post=8337"}],"curies":[{"name":"wp","href":"https:\/\/api.w.org\/{rel}","templated":true}]}}