{"id":8329,"date":"2024-11-28T12:42:44","date_gmt":"2024-11-28T12:42:44","guid":{"rendered":"https:\/\/whitelip.com\/zxs-salmiak-large\/"},"modified":"2026-04-28T10:11:18","modified_gmt":"2026-04-28T10:11:18","slug":"zxs-salmiak-large","status":"publish","type":"product","link":"https:\/\/whitelip.com\/es\/zxs\/zxs-salmiak-large\/","title":{"rendered":"Z!XS Salmiak Large"},"content":{"rendered":"<h2><b>Z!XS Salmiak Large<\/b><\/h2>\n<p><span style=\"font-weight: 400;\">Z!XS Salmiak Large ofrece un sabor <\/span><b>de regaliz salado<\/b><span style=\"font-weight: 400;\">, brindando un perfil rico y ligeramente salado para usuarios que disfrutan de sabores \u00fanicos y tradicionales. Este sabor inconfundible proporciona una experiencia suave y satisfactoria, combinado con una liberaci\u00f3n de nicotina constante y fuerte. Cada bolsita grande de color blanco puro contiene <\/span><b>12 mg de nicotina<\/b><span style=\"font-weight: 400;\">, haci\u00e9ndola ideal para usuarios que buscan un golpe robusto con un toque cl\u00e1sico escandinavo.<\/span><\/p>\n<p><span style=\"font-weight: 400;\">El formato grande asegura un ajuste m\u00e1s completo bajo el labio mientras mantiene comodidad y discreci\u00f3n, haci\u00e9ndolo perfecto para un uso limpio y sin manchas. Completamente sin tabaco y elaborado con materiales de origen vegetal de alta calidad, Z!XS Salmiak Large ofrece una alternativa de nicotina moderna para quienes aprecian el inconfundible sabor del regaliz salado combinado con una fortaleza confiable.<\/span><\/p>\n<table>\n<tbody>\n<tr>\n<td><b>Atributo<\/b><\/td>\n<td><b>Detalles<\/b><\/td>\n<\/tr>\n<tr>\n<td><b>Marca<\/b><\/td>\n<td><span style=\"font-weight: 400;\">Z!XS<\/span><\/td>\n<\/tr>\n<tr>\n<td><b>Tipo de producto<\/b><\/td>\n<td><span style=\"font-weight: 400;\">Todas las bolsas de nicotina blancas<\/span><\/td>\n<\/tr>\n<tr>\n<td><b>Formato<\/b><\/td>\n<td><span style=\"font-weight: 400;\">Grande<\/span><\/td>\n<\/tr>\n<tr>\n<td><b>Sabor<\/b><\/td>\n<td><span style=\"font-weight: 400;\">Regaliz Salado (Salmiak)<\/span><\/td>\n<\/tr>\n<tr>\n<td><b>Potencia de nicotina<\/b><\/td>\n<td><span style=\"font-weight: 400;\">12 mg por sobre<\/span><\/td>\n<\/tr>\n<tr>\n<td><b>Peso de la raci\u00f3n<\/b><\/td>\n<td><span style=\"font-weight: 400;\">1.0 gramos<\/span><\/td>\n<\/tr>\n<tr>\n<td><b>N\u00famero de porciones<\/b><\/td>\n<td><span style=\"font-weight: 400;\">20 por lata<\/span><\/td>\n<\/tr>\n<tr>\n<td><b>Peso total de la lata<\/b><\/td>\n<td><span style=\"font-weight: 400;\">20 gramos<\/span><\/td>\n<\/tr>\n<tr>\n<td><b>Fabricante<\/b><\/td>\n<td><span style=\"font-weight: 400;\">Z!XS International<\/span><\/td>\n<\/tr>\n<tr>\n<td><b>Caracter\u00edsticas notables<\/b><\/td>\n<td><span style=\"font-weight: 400;\">Sin tabaco, formato grande, sabor rico de regaliz salado<\/span><\/td>\n<\/tr>\n<\/tbody>\n<\/table>","protected":false},"excerpt":{"rendered":"<p>Z!XS <strong data-start=\"5\" data-end=\"16\">Salmiak<\/strong> <strong data-start=\"17\" data-end=\"26\">Grande<\/strong> ofrece regaliz salado audaz y distintivo con un acabado suave y satisfactorio. La bolsita de color blanco puro es <strong data-start=\"114\" data-end=\"123\">Grande<\/strong> bolsitas ofrecen un perfil cl\u00e1sico escandinavo. Cada bolsita contiene <strong data-start=\"190\" data-end=\"208\">12 mg de nicotina<\/strong> para una liberaci\u00f3n fuerte y constante.<\/p>","protected":false},"featured_media":8330,"comment_status":"open","ping_status":"closed","template":"","format":[206],"meta":{"_acf_changed":false},"product_brand":[],"product_cat":[39],"product_tag":[16561],"flavours":[198],"nicotine":[230,236],"class_list":{"0":"post-8329","1":"product","2":"type-product","3":"status-publish","4":"has-post-thumbnail","6":"product_cat-zxs","7":"product_tag-12-mg-pouch","8":"pa_quantity-1-pack","9":"pa_quantity-10-pack","10":"pa_quantity-3-pack","11":"pa_quantity-30-pack","12":"pa_quantity-5-pack","13":"pa_quantity-60-pack","14":"flavours-licorice","15":"format-slim","16":"nicotine-8-mg-g","17":"nicotine-strong","19":"first","20":"instock","21":"taxable","22":"shipping-taxable","23":"purchasable","24":"product-type-variable"},"acf":[],"_links":{"self":[{"href":"https:\/\/whitelip.com\/es\/wp-json\/wp\/v2\/product\/8329","targetHints":{"allow":["GET"]}}],"collection":[{"href":"https:\/\/whitelip.com\/es\/wp-json\/wp\/v2\/product"}],"about":[{"href":"https:\/\/whitelip.com\/es\/wp-json\/wp\/v2\/types\/product"}],"replies":[{"embeddable":true,"href":"https:\/\/whitelip.com\/es\/wp-json\/wp\/v2\/comments?post=8329"}],"wp:featuredmedia":[{"embeddable":true,"href":"https:\/\/whitelip.com\/es\/wp-json\/wp\/v2\/media\/8330"}],"wp:attachment":[{"href":"https:\/\/whitelip.com\/es\/wp-json\/wp\/v2\/media?parent=8329"}],"wp:term":[{"taxonomy":"product_brand","embeddable":true,"href":"https:\/\/whitelip.com\/es\/wp-json\/wp\/v2\/product_brand?post=8329"},{"taxonomy":"product_cat","embeddable":true,"href":"https:\/\/whitelip.com\/es\/wp-json\/wp\/v2\/product_cat?post=8329"},{"taxonomy":"product_tag","embeddable":true,"href":"https:\/\/whitelip.com\/es\/wp-json\/wp\/v2\/product_tag?post=8329"},{"taxonomy":"flavours","embeddable":true,"href":"https:\/\/whitelip.com\/es\/wp-json\/wp\/v2\/flavours?post=8329"},{"taxonomy":"format","embeddable":true,"href":"https:\/\/whitelip.com\/es\/wp-json\/wp\/v2\/format?post=8329"},{"taxonomy":"nicotine","embeddable":true,"href":"https:\/\/whitelip.com\/es\/wp-json\/wp\/v2\/nicotine?post=8329"}],"curies":[{"name":"wp","href":"https:\/\/api.w.org\/{rel}","templated":true}]}}