{"id":8319,"date":"2024-11-28T12:42:21","date_gmt":"2024-11-28T12:42:21","guid":{"rendered":"https:\/\/whitelip.com\/apres-cola\/"},"modified":"2026-05-07T10:11:25","modified_gmt":"2026-05-07T10:11:25","slug":"apres-cola","status":"publish","type":"product","link":"https:\/\/whitelip.com\/es\/apres\/apres-cola\/","title":{"rendered":"APR\u00c8S Cola"},"content":{"rendered":"<h2><b>APR\u00c8S Cola<\/b><\/h2>\n<p><span style=\"font-weight: 400;\">Las bolsitas de nicotina APR\u00c8S Cola ofrecen un sabor cl\u00e1sico a cola con una dulzura equilibrada, ofreciendo una experiencia de sabor nost\u00e1lgico. Cada bolsita delgada completamente blanca contiene 4,4 mg de nicotina, proporcionando una sensaci\u00f3n suave adecuada para quienes buscan un efecto de nicotina suave. El dise\u00f1o discreto asegura un ajuste c\u00f3modo bajo el labio, permitiendo su uso en cualquier momento sin manchar los dientes. Producidas por APR\u00c8S Nicotine AB, estas bolsitas libres de tabaco ejemplifican altos est\u00e1ndares de calidad y combinaciones de sabores innovadoras.<\/span><\/p>\n<table>\n<tbody>\n<tr>\n<td><b>Atributo<\/b><\/td>\n<td><b>Detalles<\/b><\/td>\n<\/tr>\n<tr>\n<td><b>Contenido por lata<\/b><\/td>\n<td><span style=\"font-weight: 400;\">11g (20 bolsitas)<\/span><\/td>\n<\/tr>\n<tr>\n<td><b>Contenido de nicotina<\/b><\/td>\n<td><span style=\"font-weight: 400;\">8 mg\/g (4,4 mg por sobre)<\/span><\/td>\n<\/tr>\n<tr>\n<td><b>Formato bolsa<\/b><\/td>\n<td><span style=\"font-weight: 400;\">Delgado<\/span><\/td>\n<\/tr>\n<tr>\n<td><b>Productor<\/b><\/td>\n<td><span style=\"font-weight: 400;\">APR\u00c8S Nicotina AB<\/span><\/td>\n<\/tr>\n<tr>\n<td><b>Sabor<\/b><\/td>\n<td><span style=\"font-weight: 400;\">Cola<\/span><\/td>\n<\/tr>\n<tr>\n<td><b>Tipo<\/b><\/td>\n<td><span style=\"font-weight: 400;\">Bolsa blanca<\/span><\/td>\n<\/tr>\n<\/tbody>\n<\/table>\n<p>\u00a0<\/p>","protected":false},"excerpt":{"rendered":"<p>Cl\u00e1sico <strong data-start=\"8\" data-end=\"16\">cola<\/strong> con dulzura equilibrada para un sabor limpio y nost\u00e1lgico. La <strong data-start=\"75\" data-end=\"94\">delgado, <\/strong>de color blanco, se colocan discreta y c\u00f3modamente bajo el labio para que no se manchen y puedan utilizarse en cualquier momento. Cada bolsa contiene <strong data-start=\"197\" data-end=\"216\">4,4 mg de nicotina<\/strong>, ofreciendo un impulso suave y accesible de APR\u00c8S Nicotine AB.<\/p>","protected":false},"featured_media":8320,"comment_status":"open","ping_status":"closed","template":"","format":[206],"meta":{"_acf_changed":false},"product_brand":[],"product_cat":[41],"product_tag":[16549],"flavours":[193],"nicotine":[230,236],"class_list":{"0":"post-8319","1":"product","2":"type-product","3":"status-publish","4":"has-post-thumbnail","6":"product_cat-apres","7":"product_tag-4-4-mg-pouch","8":"pa_quantity-1-pack","9":"pa_quantity-10-pack","10":"pa_quantity-3-pack","11":"pa_quantity-30-pack","12":"pa_quantity-5-pack","13":"pa_quantity-60-pack","14":"flavours-cola","15":"format-slim","16":"nicotine-8-mg-g","17":"nicotine-strong","19":"first","20":"instock","21":"taxable","22":"shipping-taxable","23":"purchasable","24":"product-type-variable"},"acf":[],"_links":{"self":[{"href":"https:\/\/whitelip.com\/es\/wp-json\/wp\/v2\/product\/8319","targetHints":{"allow":["GET"]}}],"collection":[{"href":"https:\/\/whitelip.com\/es\/wp-json\/wp\/v2\/product"}],"about":[{"href":"https:\/\/whitelip.com\/es\/wp-json\/wp\/v2\/types\/product"}],"replies":[{"embeddable":true,"href":"https:\/\/whitelip.com\/es\/wp-json\/wp\/v2\/comments?post=8319"}],"wp:featuredmedia":[{"embeddable":true,"href":"https:\/\/whitelip.com\/es\/wp-json\/wp\/v2\/media\/8320"}],"wp:attachment":[{"href":"https:\/\/whitelip.com\/es\/wp-json\/wp\/v2\/media?parent=8319"}],"wp:term":[{"taxonomy":"product_brand","embeddable":true,"href":"https:\/\/whitelip.com\/es\/wp-json\/wp\/v2\/product_brand?post=8319"},{"taxonomy":"product_cat","embeddable":true,"href":"https:\/\/whitelip.com\/es\/wp-json\/wp\/v2\/product_cat?post=8319"},{"taxonomy":"product_tag","embeddable":true,"href":"https:\/\/whitelip.com\/es\/wp-json\/wp\/v2\/product_tag?post=8319"},{"taxonomy":"flavours","embeddable":true,"href":"https:\/\/whitelip.com\/es\/wp-json\/wp\/v2\/flavours?post=8319"},{"taxonomy":"format","embeddable":true,"href":"https:\/\/whitelip.com\/es\/wp-json\/wp\/v2\/format?post=8319"},{"taxonomy":"nicotine","embeddable":true,"href":"https:\/\/whitelip.com\/es\/wp-json\/wp\/v2\/nicotine?post=8319"}],"curies":[{"name":"wp","href":"https:\/\/api.w.org\/{rel}","templated":true}]}}