{"id":8298,"date":"2024-11-28T12:41:58","date_gmt":"2024-11-28T12:41:58","guid":{"rendered":"https:\/\/whitelip.com\/zyn-violet-licorice-6-5mg\/"},"modified":"2026-04-20T10:11:17","modified_gmt":"2026-04-20T10:11:17","slug":"zyn-violet-licorice-65mg-exp-01-06-2026","status":"publish","type":"product","link":"https:\/\/whitelip.com\/es\/zyn\/zyn-violet-licorice-65mg-exp-01-06-2026\/","title":{"rendered":"ZYN Violet Licorice 6,5mg Exp.01\/06\/2026"},"content":{"rendered":"<h2>ZYN Violet Licorice 6,5mg<\/h2>\n<p><span style=\"font-weight: 400;\">ZYN Violet Licorice 6mg ofrece una experiencia de nicotina distintiva y sabrosa, combinando los ricos sabores de regaliz dulce, violeta floral y un toque de salmiak salado. Cada bolsita slim de color blanco contiene 6mg de nicotina, proporcionando una liberaci\u00f3n equilibrada y constante, ideal para quienes buscan una opci\u00f3n de nicotina moderada.<\/span><\/p>\n<p><span style=\"font-weight: 400;\">El formato slim asegura un ajuste discreto y c\u00f3modo bajo el labio, permitiendo un uso limpio y sin manchas en cualquier momento. Elaborado completamente con materiales naturales de alta calidad, ZYN Violet Licorice 6mg ofrece una alternativa de nicotina moderna y agradable con un perfil de sabor \u00fanico.<\/span><\/p>\n<table>\n<tbody>\n<tr>\n<td><b>Atributo<\/b><\/td>\n<td><b>Detalles<\/b><\/td>\n<\/tr>\n<tr>\n<td><span style=\"font-weight: 400;\">Marca<\/span><\/td>\n<td><span style=\"font-weight: 400;\">ZYN<\/span><\/td>\n<\/tr>\n<tr>\n<td><span style=\"font-weight: 400;\">Tipo de producto<\/span><\/td>\n<td><span style=\"font-weight: 400;\">Todas las bolsas de nicotina blancas<\/span><\/td>\n<\/tr>\n<tr>\n<td><span style=\"font-weight: 400;\">Formato<\/span><\/td>\n<td><span style=\"font-weight: 400;\">Delgado<\/span><\/td>\n<\/tr>\n<tr>\n<td><span style=\"font-weight: 400;\">Sabor<\/span><\/td>\n<td><span style=\"font-weight: 400;\">Regaliz, Violeta y Salmiak<\/span><\/td>\n<\/tr>\n<tr>\n<td><span style=\"font-weight: 400;\">Potencia de nicotina<\/span><\/td>\n<td><span style=\"font-weight: 400;\">6.5 mg por pouch<\/span><\/td>\n<\/tr>\n<tr>\n<td><span style=\"font-weight: 400;\">Peso de la raci\u00f3n<\/span><\/td>\n<td><span style=\"font-weight: 400;\">0,7 gramos<\/span><\/td>\n<\/tr>\n<tr>\n<td><span style=\"font-weight: 400;\">N\u00famero de porciones<\/span><\/td>\n<td><span style=\"font-weight: 400;\">21 por lata<\/span><\/td>\n<\/tr>\n<tr>\n<td><span style=\"font-weight: 400;\">Peso total de la lata<\/span><\/td>\n<td><span style=\"font-weight: 400;\">14,7 gramos<\/span><\/td>\n<\/tr>\n<tr>\n<td><span style=\"font-weight: 400;\">Fabricante<\/span><\/td>\n<td><span style=\"font-weight: 400;\">Cerilla sueca<\/span><\/td>\n<\/tr>\n<tr>\n<td><span style=\"font-weight: 400;\">Caracter\u00edsticas notables<\/span><\/td>\n<td><span style=\"font-weight: 400;\">Sin tabaco, formato slim, sabor \u00fanico de regaliz y floral<\/span><\/td>\n<\/tr>\n<\/tbody>\n<\/table>","protected":false},"excerpt":{"rendered":"<p><strong>\u00a1Nuevo dise\u00f1o! Durante la transici\u00f3n, se podr\u00e1n vender ambos dise\u00f1os.<\/strong><\/p>\n<p>ZYN <strong data-start=\"4\" data-end=\"23\">Regaliz violeta<\/strong> <strong data-start=\"24\" data-end=\"32\">delgado<\/strong> combina regaliz dulce, violeta floral y un toque de salmiak salado para un perfil distintivo y suave. Las bolsitas blancas son discretas y c\u00f3modas. Cada bolsita contiene <strong data-start=\"208\" data-end=\"227\">6,5mg nicotine<\/strong> para una liberaci\u00f3n equilibrada y constante.<\/p>","protected":false},"featured_media":8299,"comment_status":"open","ping_status":"closed","template":"","format":[206],"meta":{"_acf_changed":false},"product_brand":[],"product_cat":[37],"product_tag":[17015,16638],"flavours":[198,202],"nicotine":[231,236],"class_list":{"0":"post-8298","1":"product","2":"type-product","3":"status-publish","4":"has-post-thumbnail","6":"product_cat-zyn","7":"product_tag-50-off","8":"product_tag-6-5-mg-pouch","9":"pa_quantity-1-pack","10":"pa_quantity-10-pack","11":"pa_quantity-3-pack","12":"pa_quantity-30-pack","13":"pa_quantity-5-pack","14":"pa_quantity-60-pack","15":"flavours-licorice","16":"flavours-violet","17":"format-slim","18":"nicotine-9-mg-g","19":"nicotine-strong","21":"first","22":"instock","23":"sale","24":"taxable","25":"shipping-taxable","26":"purchasable","27":"product-type-variable"},"acf":[],"_links":{"self":[{"href":"https:\/\/whitelip.com\/es\/wp-json\/wp\/v2\/product\/8298","targetHints":{"allow":["GET"]}}],"collection":[{"href":"https:\/\/whitelip.com\/es\/wp-json\/wp\/v2\/product"}],"about":[{"href":"https:\/\/whitelip.com\/es\/wp-json\/wp\/v2\/types\/product"}],"replies":[{"embeddable":true,"href":"https:\/\/whitelip.com\/es\/wp-json\/wp\/v2\/comments?post=8298"}],"wp:featuredmedia":[{"embeddable":true,"href":"https:\/\/whitelip.com\/es\/wp-json\/wp\/v2\/media\/8299"}],"wp:attachment":[{"href":"https:\/\/whitelip.com\/es\/wp-json\/wp\/v2\/media?parent=8298"}],"wp:term":[{"taxonomy":"product_brand","embeddable":true,"href":"https:\/\/whitelip.com\/es\/wp-json\/wp\/v2\/product_brand?post=8298"},{"taxonomy":"product_cat","embeddable":true,"href":"https:\/\/whitelip.com\/es\/wp-json\/wp\/v2\/product_cat?post=8298"},{"taxonomy":"product_tag","embeddable":true,"href":"https:\/\/whitelip.com\/es\/wp-json\/wp\/v2\/product_tag?post=8298"},{"taxonomy":"flavours","embeddable":true,"href":"https:\/\/whitelip.com\/es\/wp-json\/wp\/v2\/flavours?post=8298"},{"taxonomy":"format","embeddable":true,"href":"https:\/\/whitelip.com\/es\/wp-json\/wp\/v2\/format?post=8298"},{"taxonomy":"nicotine","embeddable":true,"href":"https:\/\/whitelip.com\/es\/wp-json\/wp\/v2\/nicotine?post=8298"}],"curies":[{"name":"wp","href":"https:\/\/api.w.org\/{rel}","templated":true}]}}