{"id":8296,"date":"2024-12-20T19:39:05","date_gmt":"2024-12-20T19:39:05","guid":{"rendered":"https:\/\/whitelip.com\/velo-sour-lime-mini\/"},"modified":"2026-04-21T10:11:48","modified_gmt":"2026-04-21T10:11:48","slug":"velo-sour-lime-mini","status":"publish","type":"product","link":"https:\/\/whitelip.com\/es\/velo\/velo-sour-lime-mini\/","title":{"rendered":"VELO Sour Lime Mini"},"content":{"rendered":"<h2><strong>VELO Sour Lime Mini<\/strong><\/h2>\n<p><span style=\"font-weight: 400; font-size: 16px;\">VELO Sour Lime Mini ofrece un sabor a lima vibrante y \u00e1cido, perfectamente equilibrado con notas sutiles de dulzura e indicios de tonos ex\u00f3ticos. Estos sobres de nicotina mini, completamente blancos, est\u00e1n dise\u00f1ados para un uso discreto y c\u00f3modo, ajust\u00e1ndose sin ser notables bajo el labio. El tama\u00f1o compacto y la menor concentraci\u00f3n de nicotina los hacen una excelente opci\u00f3n para personas que buscan una experiencia de nicotina m\u00e1s suave o para nuevos usuarios. La superficie seca de los sobres asegura una liberaci\u00f3n prolongada del sabor y la nicotina, proporcionando una experiencia satisfactoria que dura. Sin tabaco y elaborado con fibras vegetales de alta calidad, VELO Sour Lime Mini ofrece un toque c\u00edtrico refrescante para quienes aprecian un perfil de sabor vivo e invigorante.<\/span><\/p>\n<table>\n<tbody>\n<tr>\n<td><b>Atributo<\/b><\/td>\n<td><b>Detalles<\/b><\/td>\n<\/tr>\n<tr>\n<td><span style=\"font-weight: 400;\">Marca<\/span><\/td>\n<td><span style=\"font-weight: 400;\">velo<\/span><\/td>\n<\/tr>\n<tr>\n<td><span style=\"font-weight: 400;\">Tipo de producto<\/span><\/td>\n<td><span style=\"font-weight: 400;\">Todas las bolsas de nicotina blancas<\/span><\/td>\n<\/tr>\n<tr>\n<td><span style=\"font-weight: 400;\">Formato<\/span><\/td>\n<td><span style=\"font-weight: 400;\">Mini<\/span><\/td>\n<\/tr>\n<tr>\n<td><span style=\"font-weight: 400;\">Sabor<\/span><\/td>\n<td><span style=\"font-weight: 400;\">Lima con notas sutiles de dulzura y ex\u00f3ticas<\/span><\/td>\n<\/tr>\n<tr>\n<td><span style=\"font-weight: 400;\">Potencia de nicotina<\/span><\/td>\n<td><span style=\"font-weight: 400;\">8 mg\/g (4 mg por sobre)<\/span><\/td>\n<\/tr>\n<tr>\n<td><span style=\"font-weight: 400;\">Peso de la raci\u00f3n<\/span><\/td>\n<td><span style=\"font-weight: 400;\">0,5 gramos<\/span><\/td>\n<\/tr>\n<tr>\n<td><span style=\"font-weight: 400;\">N\u00famero de porciones<\/span><\/td>\n<td><span style=\"font-weight: 400;\">20 por lata<\/span><\/td>\n<\/tr>\n<tr>\n<td><span style=\"font-weight: 400;\">Peso total de la lata<\/span><\/td>\n<td><span style=\"font-weight: 400;\">10 gramos<\/span><\/td>\n<\/tr>\n<tr>\n<td><span style=\"font-weight: 400;\">Fabricante<\/span><\/td>\n<td><span style=\"font-weight: 400;\">BAT<\/span><\/td>\n<\/tr>\n<tr>\n<td><span style=\"font-weight: 400;\">Caracter\u00edsticas notables<\/span><\/td>\n<td><span style=\"font-weight: 400;\">Sin tabaco, porciones mini discretas, liberaci\u00f3n prolongada del sabor, adecuado para nuevos usuarios<\/span><\/td>\n<\/tr>\n<\/tbody>\n<\/table>","protected":false},"excerpt":{"rendered":"<p>Los sobres de nicotina VELO Sour Lime Mini ofrecen un sabor <strong data-start=\"62\" data-end=\"75\">Lima Agria<\/strong> vibrante y \u00e1cido con notas sutiles de dulzura y ex\u00f3ticas. Mini, <strong data-start=\"129\" data-end=\"137\">delgado<\/strong>, formato blanco completo para un uso discreto y c\u00f3modo con una liberaci\u00f3n prolongada y limpia. Cada sobre contiene <strong data-start=\"239\" data-end=\"256\">4 mg de nicotina<\/strong>.<\/p>","protected":false},"featured_media":8297,"comment_status":"open","ping_status":"closed","template":"","format":[205],"meta":{"_acf_changed":false},"product_brand":[],"product_cat":[48],"product_tag":[16585],"flavours":[190],"nicotine":[230,236],"class_list":{"0":"post-8296","1":"product","2":"type-product","3":"status-publish","4":"has-post-thumbnail","6":"product_cat-velo","7":"product_tag-4-mg-pouch","8":"pa_quantity-1-pack","9":"pa_quantity-10-pack","10":"pa_quantity-3-pack","11":"pa_quantity-30-pack","12":"pa_quantity-5-pack","13":"pa_quantity-60-pack","14":"flavours-citrus","15":"format-mini","16":"nicotine-8-mg-g","17":"nicotine-strong","19":"first","20":"outofstock","21":"taxable","22":"shipping-taxable","23":"purchasable","24":"product-type-variable"},"acf":[],"_links":{"self":[{"href":"https:\/\/whitelip.com\/es\/wp-json\/wp\/v2\/product\/8296","targetHints":{"allow":["GET"]}}],"collection":[{"href":"https:\/\/whitelip.com\/es\/wp-json\/wp\/v2\/product"}],"about":[{"href":"https:\/\/whitelip.com\/es\/wp-json\/wp\/v2\/types\/product"}],"replies":[{"embeddable":true,"href":"https:\/\/whitelip.com\/es\/wp-json\/wp\/v2\/comments?post=8296"}],"wp:featuredmedia":[{"embeddable":true,"href":"https:\/\/whitelip.com\/es\/wp-json\/wp\/v2\/media\/8297"}],"wp:attachment":[{"href":"https:\/\/whitelip.com\/es\/wp-json\/wp\/v2\/media?parent=8296"}],"wp:term":[{"taxonomy":"product_brand","embeddable":true,"href":"https:\/\/whitelip.com\/es\/wp-json\/wp\/v2\/product_brand?post=8296"},{"taxonomy":"product_cat","embeddable":true,"href":"https:\/\/whitelip.com\/es\/wp-json\/wp\/v2\/product_cat?post=8296"},{"taxonomy":"product_tag","embeddable":true,"href":"https:\/\/whitelip.com\/es\/wp-json\/wp\/v2\/product_tag?post=8296"},{"taxonomy":"flavours","embeddable":true,"href":"https:\/\/whitelip.com\/es\/wp-json\/wp\/v2\/flavours?post=8296"},{"taxonomy":"format","embeddable":true,"href":"https:\/\/whitelip.com\/es\/wp-json\/wp\/v2\/format?post=8296"},{"taxonomy":"nicotine","embeddable":true,"href":"https:\/\/whitelip.com\/es\/wp-json\/wp\/v2\/nicotine?post=8296"}],"curies":[{"name":"wp","href":"https:\/\/api.w.org\/{rel}","templated":true}]}}