{"id":8294,"date":"2024-11-28T12:41:35","date_gmt":"2024-11-28T12:41:35","guid":{"rendered":"https:\/\/whitelip.com\/cuba-white-cola\/"},"modified":"2026-04-21T10:11:26","modified_gmt":"2026-04-21T10:11:26","slug":"cuba-white-cola","status":"publish","type":"product","link":"https:\/\/whitelip.com\/es\/cuba\/cuba-white-cola\/","title":{"rendered":"CUBA Cola Blanca"},"content":{"rendered":"<h2><b>CUBA Cola Blanca<\/b><\/h2>\n<p><span style=\"font-weight: 400;\">Las bolsas de nicotina CUBA White Cola ofrecen un refrescante sabor a cola combinado con una concentraci\u00f3n de nicotina de 16 mg por bolsa, proporcionando una experiencia equilibrada y satisfactoria. Cada lata contiene 20 bolsas en formato slim, dise\u00f1adas para un ajuste c\u00f3modo y discreto bajo el labio. Las bolsas son libres de tabaco y utilizan un contenido de humedad medio para facilitar la r\u00e1pida absorci\u00f3n tanto de nicotina como de sabor, permiti\u00e9ndote disfrutar de la esencia de cola audaz hasta 40 minutos.<\/span><\/p>\n<table>\n<tbody>\n<tr>\n<td><b>Atributo<\/b><\/td>\n<td><b>Detalles<\/b><\/td>\n<\/tr>\n<tr>\n<td><b>Contenido por lata<\/b><\/td>\n<td><span style=\"font-weight: 400;\">13g (20 bolsas)<\/span><\/td>\n<\/tr>\n<tr>\n<td><b>Contenido de nicotina<\/b><\/td>\n<td><span style=\"font-weight: 400;\">16 mg\/g (16 mg por bolsa)<\/span><\/td>\n<\/tr>\n<tr>\n<td><b>Formato bolsa<\/b><\/td>\n<td><span style=\"font-weight: 400;\">Delgado<\/span><\/td>\n<\/tr>\n<tr>\n<td><b>Productor<\/b><\/td>\n<td><span style=\"font-weight: 400;\">CUBA<\/span><\/td>\n<\/tr>\n<tr>\n<td><b>Sabor<\/b><\/td>\n<td><span style=\"font-weight: 400;\">Cola<\/span><\/td>\n<\/tr>\n<tr>\n<td><b>Tipo<\/b><\/td>\n<td><span style=\"font-weight: 400;\">Bolsa blanca<\/span><\/td>\n<\/tr>\n<\/tbody>\n<\/table>","protected":false},"excerpt":{"rendered":"<p>Refrescante <strong data-start=\"11\" data-end=\"19\">cola<\/strong> con un sabor limpio y audaz. El <strong data-start=\"50\" data-end=\"58\">delgado<\/strong> bolsas se ajustan discreta y c\u00f3modamente bajo el labio y utilizan un nivel de humedad medio para una liberaci\u00f3n r\u00e1pida de sabor y nicotina. Cada bolsa contiene <strong data-start=\"203\" data-end=\"231\">16 mg de nicotina por bolsa<\/strong>, libre de tabaco y durando hasta 40 minutos. Cada lata incluye 20 bolsas.<\/p>","protected":false},"featured_media":8295,"comment_status":"open","ping_status":"closed","template":"","format":[206],"meta":{"_acf_changed":false},"product_brand":[],"product_cat":[46],"product_tag":[16569],"flavours":[193],"nicotine":[213,232],"class_list":{"0":"post-8294","1":"product","2":"type-product","3":"status-publish","4":"has-post-thumbnail","6":"product_cat-cuba","7":"product_tag-16-mg-pouch","8":"pa_quantity-1-pack","9":"pa_quantity-10-pack","10":"pa_quantity-3-pack","11":"pa_quantity-30-pack","12":"pa_quantity-5-pack","13":"pa_quantity-60-pack","14":"flavours-cola","15":"format-slim","16":"nicotine-16-mg-g","17":"nicotine-extra-strong","19":"first","20":"outofstock","21":"taxable","22":"shipping-taxable","23":"purchasable","24":"product-type-variable"},"acf":[],"_links":{"self":[{"href":"https:\/\/whitelip.com\/es\/wp-json\/wp\/v2\/product\/8294","targetHints":{"allow":["GET"]}}],"collection":[{"href":"https:\/\/whitelip.com\/es\/wp-json\/wp\/v2\/product"}],"about":[{"href":"https:\/\/whitelip.com\/es\/wp-json\/wp\/v2\/types\/product"}],"replies":[{"embeddable":true,"href":"https:\/\/whitelip.com\/es\/wp-json\/wp\/v2\/comments?post=8294"}],"wp:featuredmedia":[{"embeddable":true,"href":"https:\/\/whitelip.com\/es\/wp-json\/wp\/v2\/media\/8295"}],"wp:attachment":[{"href":"https:\/\/whitelip.com\/es\/wp-json\/wp\/v2\/media?parent=8294"}],"wp:term":[{"taxonomy":"product_brand","embeddable":true,"href":"https:\/\/whitelip.com\/es\/wp-json\/wp\/v2\/product_brand?post=8294"},{"taxonomy":"product_cat","embeddable":true,"href":"https:\/\/whitelip.com\/es\/wp-json\/wp\/v2\/product_cat?post=8294"},{"taxonomy":"product_tag","embeddable":true,"href":"https:\/\/whitelip.com\/es\/wp-json\/wp\/v2\/product_tag?post=8294"},{"taxonomy":"flavours","embeddable":true,"href":"https:\/\/whitelip.com\/es\/wp-json\/wp\/v2\/flavours?post=8294"},{"taxonomy":"format","embeddable":true,"href":"https:\/\/whitelip.com\/es\/wp-json\/wp\/v2\/format?post=8294"},{"taxonomy":"nicotine","embeddable":true,"href":"https:\/\/whitelip.com\/es\/wp-json\/wp\/v2\/nicotine?post=8294"}],"curies":[{"name":"wp","href":"https:\/\/api.w.org\/{rel}","templated":true}]}}