{"id":8276,"date":"2024-11-28T12:41:10","date_gmt":"2024-11-28T12:41:10","guid":{"rendered":"https:\/\/whitelip.com\/cuba-black-forest-berries\/"},"modified":"2026-04-21T10:11:26","modified_gmt":"2026-04-21T10:11:26","slug":"cuba-black-forest-berries","status":"publish","type":"product","link":"https:\/\/whitelip.com\/es\/cuba\/cuba-black-forest-berries\/","title":{"rendered":"CUBA Bayas de la Selva Negra"},"content":{"rendered":"<h2><b>CUBA Bayas de la Selva Negra<\/b><\/h2>\n<p><span style=\"font-weight: 400;\">Las bolsas de nicotina CUBA Black Forest Berries ofrecen una rica mezcla de sabores de bayas del bosque, incluyendo frambuesa, ar\u00e1ndano, mora y fresa, proporcionando una experiencia de sabor refrescante y satisfactoria. Cada bolsa slim de color blanco contiene 43 mg de nicotina, proporcionando una sensaci\u00f3n fuerte adecuada para usuarios experimentados. Las bolsas de color negro est\u00e1n dise\u00f1adas para ser discretas y no manchar los dientes. Cada lata contiene 20 bolsas, ofreciendo un suministro abundante para tu disfrute. Producidas por CUBA, un fabricante polaco conocido por combinar m\u00e9todos contempor\u00e1neos con calidad tradicional, estas bolsas ejemplifican altos est\u00e1ndares y combinaciones de sabores innovadoras.<\/span><\/p>\n<p><b>Especificaciones<\/b><\/p>\n<table>\n<tbody>\n<tr>\n<td><b>Atributo<\/b><\/td>\n<td><b>Detalles<\/b><\/td>\n<\/tr>\n<tr>\n<td><b>Contenido por lata<\/b><\/td>\n<td><span style=\"font-weight: 400;\">13g (20 bolsas)<\/span><\/td>\n<\/tr>\n<tr>\n<td><b>Contenido de nicotina<\/b><\/td>\n<td><span style=\"font-weight: 400;\">43 mg\/g (43 mg por bolsa)<\/span><\/td>\n<\/tr>\n<tr>\n<td><b>Formato bolsa<\/b><\/td>\n<td><span style=\"font-weight: 400;\">Delgado<\/span><\/td>\n<\/tr>\n<tr>\n<td><b>Productor<\/b><\/td>\n<td><span style=\"font-weight: 400;\">CUBA<\/span><\/td>\n<\/tr>\n<tr>\n<td><b>Sabor<\/b><\/td>\n<td><span style=\"font-weight: 400;\">Bayas del Bosque<\/span><\/td>\n<\/tr>\n<tr>\n<td><b>Tipo<\/b><\/td>\n<td><span style=\"font-weight: 400;\">Bolsa blanca<\/span><\/td>\n<\/tr>\n<\/tbody>\n<\/table>\n<p>\u00a0<\/p>","protected":false},"excerpt":{"rendered":"<p><span style=\"font-weight: 400;\">Las bolsas de nicotina CUBA Black Forest Berries ofrecen una rica mezcla de sabores de bayas del bosque, incluyendo frambuesa, ar\u00e1ndano, mora y fresa, proporcionando una experiencia de sabor refrescante y satisfactoria. Cada bolsa slim de color blanco contiene 43 mg de nicotina, proporcionando una sensaci\u00f3n fuerte adecuada para usuarios experimentados. Las bolsas de color negro est\u00e1n dise\u00f1adas para ser discretas y no manchar los dientes. Cada lata contiene 20 bolsas, ofreciendo un suministro abundante para tu disfrute. Producidas por CUBA, un fabricante polaco conocido por combinar m\u00e9todos contempor\u00e1neos con calidad tradicional, estas bolsas ejemplifican altos est\u00e1ndares y combinaciones de sabores innovadoras.<\/span><\/p>","protected":false},"featured_media":8277,"comment_status":"open","ping_status":"closed","template":"","format":[206],"meta":{"_acf_changed":false},"product_brand":[],"product_cat":[46],"product_tag":[16567],"flavours":[196],"nicotine":[227,233],"class_list":{"0":"post-8276","1":"product","2":"type-product","3":"status-publish","4":"has-post-thumbnail","6":"product_cat-cuba","7":"product_tag-43-mg-pouch","8":"pa_quantity-1-pack","9":"pa_quantity-10-pack","10":"pa_quantity-3-pack","11":"pa_quantity-30-pack","12":"pa_quantity-5-pack","13":"pa_quantity-60-pack","14":"flavours-fruits-berries","15":"format-slim","16":"nicotine-43-mg-g","17":"nicotine-extreme","19":"first","20":"outofstock","21":"taxable","22":"shipping-taxable","23":"purchasable","24":"product-type-variable"},"acf":[],"_links":{"self":[{"href":"https:\/\/whitelip.com\/es\/wp-json\/wp\/v2\/product\/8276","targetHints":{"allow":["GET"]}}],"collection":[{"href":"https:\/\/whitelip.com\/es\/wp-json\/wp\/v2\/product"}],"about":[{"href":"https:\/\/whitelip.com\/es\/wp-json\/wp\/v2\/types\/product"}],"replies":[{"embeddable":true,"href":"https:\/\/whitelip.com\/es\/wp-json\/wp\/v2\/comments?post=8276"}],"wp:featuredmedia":[{"embeddable":true,"href":"https:\/\/whitelip.com\/es\/wp-json\/wp\/v2\/media\/8277"}],"wp:attachment":[{"href":"https:\/\/whitelip.com\/es\/wp-json\/wp\/v2\/media?parent=8276"}],"wp:term":[{"taxonomy":"product_brand","embeddable":true,"href":"https:\/\/whitelip.com\/es\/wp-json\/wp\/v2\/product_brand?post=8276"},{"taxonomy":"product_cat","embeddable":true,"href":"https:\/\/whitelip.com\/es\/wp-json\/wp\/v2\/product_cat?post=8276"},{"taxonomy":"product_tag","embeddable":true,"href":"https:\/\/whitelip.com\/es\/wp-json\/wp\/v2\/product_tag?post=8276"},{"taxonomy":"flavours","embeddable":true,"href":"https:\/\/whitelip.com\/es\/wp-json\/wp\/v2\/flavours?post=8276"},{"taxonomy":"format","embeddable":true,"href":"https:\/\/whitelip.com\/es\/wp-json\/wp\/v2\/format?post=8276"},{"taxonomy":"nicotine","embeddable":true,"href":"https:\/\/whitelip.com\/es\/wp-json\/wp\/v2\/nicotine?post=8276"}],"curies":[{"name":"wp","href":"https:\/\/api.w.org\/{rel}","templated":true}]}}