{"id":8256,"date":"2024-11-28T12:40:23","date_gmt":"2024-11-28T12:40:23","guid":{"rendered":"https:\/\/whitelip.com\/helwit-violet\/"},"modified":"2026-04-27T10:10:27","modified_gmt":"2026-04-27T10:10:27","slug":"helwit-violet","status":"publish","type":"product","link":"https:\/\/whitelip.com\/es\/helwit\/helwit-violet\/","title":{"rendered":"HELWIT Violeta"},"content":{"rendered":"<h2><b>HELWIT Violeta<\/b><\/h2>\n<p><span style=\"font-weight: 400;\">Las bolsitas de nicotina HELWIT Violeta ofrecen un perfil de sabor \u00fanico y refinado, que combina notas florales, dulces y ligeramente perfumadas de violeta. Este sabor bien equilibrado proporciona una alternativa distintiva a los sabores tradicionales de menta o frutas. Cada bolsita de formato fino contiene 3,5 mg de nicotina, proporcionando una experiencia sutil pero satisfactoria. Las bolsitas est\u00e1n dise\u00f1adas para un uso discreto sin manchar los dientes, por lo que son ideales para disfrutarlas sobre la marcha. Producido por YOIK AB en Gransholm, Suecia, HELWIT hace hincapi\u00e9 en la sostenibilidad utilizando energ\u00eda hidroel\u00e9ctrica autosuficiente y envases de aceite de pino ecol\u00f3gicos.<\/span><\/p>\n<table>\n<tbody>\n<tr>\n<td><b>Atributo<\/b><\/td>\n<td><b>Detalles<\/b><\/td>\n<\/tr>\n<tr>\n<td><b>Contenido por lata<\/b><\/td>\n<td><span style=\"font-weight: 400;\">10 g (20 bolsitas)<\/span><\/td>\n<\/tr>\n<tr>\n<td><b>Contenido de nicotina<\/b><\/td>\n<td><span style=\"font-weight: 400;\">3,5 mg por bolsita<\/span><\/td>\n<\/tr>\n<tr>\n<td><b>Formato bolsa<\/b><\/td>\n<td><span style=\"font-weight: 400;\">Delgado<\/span><\/td>\n<\/tr>\n<tr>\n<td><b>Productor<\/b><\/td>\n<td><span style=\"font-weight: 400;\">YOIK AB<\/span><\/td>\n<\/tr>\n<tr>\n<td><b>Sabor<\/b><\/td>\n<td><span style=\"font-weight: 400;\">Violeta<\/span><\/td>\n<\/tr>\n<tr>\n<td><b>Tipo<\/b><\/td>\n<td><span style=\"font-weight: 400;\">Bolsa blanca<\/span><\/td>\n<\/tr>\n<\/tbody>\n<\/table>","protected":false},"excerpt":{"rendered":"<p>\u00danico, refinado <strong data-start=\"16\" data-end=\"26\">violeta<\/strong> con notas florales, dulces y ligeramente perfumadas. <strong data-start=\"72\" data-end=\"80\">Delgado<\/strong> se colocan discretamente bajo el labio y no manchan los dientes. Cada bolsa contiene <strong data-start=\"161\" data-end=\"180\">3,5 mg de nicotina<\/strong>, Una experiencia sutil y satisfactoria. Producido por YOIK AB en Gransholm, Suecia, utilizando energ\u00eda hidroel\u00e9ctrica autosuficiente y contenedores de aceite de pino ecol\u00f3gicos.<\/p>","protected":false},"featured_media":8257,"comment_status":"open","ping_status":"closed","template":"","format":[206],"meta":{"_acf_changed":false},"product_brand":[],"product_cat":[52],"product_tag":[16597],"flavours":[195],"nicotine":[229,235],"class_list":{"0":"post-8256","1":"product","2":"type-product","3":"status-publish","4":"has-post-thumbnail","6":"product_cat-helwit","7":"product_tag-3-5-mg-pouch","8":"pa_quantity-1-pack","9":"pa_quantity-10-pack","10":"pa_quantity-3-pack","11":"pa_quantity-30-pack","12":"pa_quantity-5-pack","13":"pa_quantity-60-pack","14":"flavours-flower","15":"format-slim","16":"nicotine-7-mg-g","17":"nicotine-normal","19":"first","20":"instock","21":"taxable","22":"shipping-taxable","23":"purchasable","24":"product-type-variable"},"acf":[],"_links":{"self":[{"href":"https:\/\/whitelip.com\/es\/wp-json\/wp\/v2\/product\/8256","targetHints":{"allow":["GET"]}}],"collection":[{"href":"https:\/\/whitelip.com\/es\/wp-json\/wp\/v2\/product"}],"about":[{"href":"https:\/\/whitelip.com\/es\/wp-json\/wp\/v2\/types\/product"}],"replies":[{"embeddable":true,"href":"https:\/\/whitelip.com\/es\/wp-json\/wp\/v2\/comments?post=8256"}],"wp:featuredmedia":[{"embeddable":true,"href":"https:\/\/whitelip.com\/es\/wp-json\/wp\/v2\/media\/8257"}],"wp:attachment":[{"href":"https:\/\/whitelip.com\/es\/wp-json\/wp\/v2\/media?parent=8256"}],"wp:term":[{"taxonomy":"product_brand","embeddable":true,"href":"https:\/\/whitelip.com\/es\/wp-json\/wp\/v2\/product_brand?post=8256"},{"taxonomy":"product_cat","embeddable":true,"href":"https:\/\/whitelip.com\/es\/wp-json\/wp\/v2\/product_cat?post=8256"},{"taxonomy":"product_tag","embeddable":true,"href":"https:\/\/whitelip.com\/es\/wp-json\/wp\/v2\/product_tag?post=8256"},{"taxonomy":"flavours","embeddable":true,"href":"https:\/\/whitelip.com\/es\/wp-json\/wp\/v2\/flavours?post=8256"},{"taxonomy":"format","embeddable":true,"href":"https:\/\/whitelip.com\/es\/wp-json\/wp\/v2\/format?post=8256"},{"taxonomy":"nicotine","embeddable":true,"href":"https:\/\/whitelip.com\/es\/wp-json\/wp\/v2\/nicotine?post=8256"}],"curies":[{"name":"wp","href":"https:\/\/api.w.org\/{rel}","templated":true}]}}