{"id":8242,"date":"2024-12-20T19:39:04","date_gmt":"2024-12-20T19:39:04","guid":{"rendered":"https:\/\/whitelip.com\/velo-zesty-elderflower\/"},"modified":"2026-04-21T10:11:48","modified_gmt":"2026-04-21T10:11:48","slug":"velo-zesty-elderflower","status":"publish","type":"product","link":"https:\/\/whitelip.com\/es\/velo\/velo-zesty-elderflower\/","title":{"rendered":"VELO Zesty Elderflower"},"content":{"rendered":"<h2><b>VELO Zesty Elderflower<\/b><\/h2>\n<p><span style=\"font-weight: 400;\">VELO Zesty Elderflower ofrece una sofisticada mezcla de sa\u00faco dulce y lima picante, proporcionando una experiencia de nicotina refrescante y floral que recuerda a un d\u00eda de verano fresco. Estas bolsitas de nicotina delgadas y de color blanco est\u00e1n dise\u00f1adas para un uso discreto y c\u00f3modo, ajust\u00e1ndose perfectamente debajo del labio sin ser notables. La combinaci\u00f3n equilibrada de la dulzura floral del sa\u00faco y el sabor c\u00edtrico picante de la lima crea un perfil de sabor armonioso que atrae a quienes buscan un gusto \u00fanico y elegante. Sin tabaco y utilizando fibras vegetales de alta calidad, VELO Zesty Elderflower garantiza una liberaci\u00f3n consistente de sabor y nicotina, lo que la convierte en una excelente opci\u00f3n para usuarios que desean una bolsita de nicotina refinada e invigorante.<\/span><\/p>\n<table>\n<tbody>\n<tr>\n<td><b>Atributo<\/b><\/td>\n<td><b>Detalles<\/b><\/td>\n<\/tr>\n<tr>\n<td><span style=\"font-weight: 400;\">Marca<\/span><\/td>\n<td><span style=\"font-weight: 400;\">velo<\/span><\/td>\n<\/tr>\n<tr>\n<td><span style=\"font-weight: 400;\">Tipo de producto<\/span><\/td>\n<td><span style=\"font-weight: 400;\">Todas las bolsas de nicotina blancas<\/span><\/td>\n<\/tr>\n<tr>\n<td><span style=\"font-weight: 400;\">Formato<\/span><\/td>\n<td><span style=\"font-weight: 400;\">Delgado<\/span><\/td>\n<\/tr>\n<tr>\n<td><span style=\"font-weight: 400;\">Sabor<\/span><\/td>\n<td><span style=\"font-weight: 400;\">Sa\u00faco y Lima<\/span><\/td>\n<\/tr>\n<tr>\n<td><span style=\"font-weight: 400;\">Potencia de nicotina<\/span><\/td>\n<td><span style=\"font-weight: 400;\">14,3 mg\/g (10 mg por bolsita)<\/span><\/td>\n<\/tr>\n<tr>\n<td><span style=\"font-weight: 400;\">Peso de la raci\u00f3n<\/span><\/td>\n<td><span style=\"font-weight: 400;\">0,7 gramos<\/span><\/td>\n<\/tr>\n<tr>\n<td><span style=\"font-weight: 400;\">N\u00famero de porciones<\/span><\/td>\n<td><span style=\"font-weight: 400;\">20 por lata<\/span><\/td>\n<\/tr>\n<tr>\n<td><span style=\"font-weight: 400;\">Peso total de la lata<\/span><\/td>\n<td><span style=\"font-weight: 400;\">14 gramos<\/span><\/td>\n<\/tr>\n<tr>\n<td><span style=\"font-weight: 400;\">Fabricante<\/span><\/td>\n<td><span style=\"font-weight: 400;\">BAT<\/span><\/td>\n<\/tr>\n<tr>\n<td><span style=\"font-weight: 400;\">Caracter\u00edsticas notables<\/span><\/td>\n<td><span style=\"font-weight: 400;\">Sin tabaco, porciones slim discretas, sabor floral y c\u00edtrico equilibrado<\/span><\/td>\n<\/tr>\n<\/tbody>\n<\/table>","protected":false},"excerpt":{"rendered":"<p>Las bolsitas de nicotina VELO Zesty Elderflower ofrecen un refinado <strong data-start=\"58\" data-end=\"86\">Flor de sa\u00faco picante y lima<\/strong> con dulzor floral y un toque crujiente de c\u00edtricos. <strong data-start=\"141\" data-end=\"149\">Delgado<\/strong>, formato totalmente blanco para un uso discreto y c\u00f3modo y una liberaci\u00f3n uniforme. Cada bolsa contiene <strong data-start=\"244\" data-end=\"262\">10 mg de nicotina<\/strong>.<\/p>","protected":false},"featured_media":8243,"comment_status":"open","ping_status":"closed","template":"","format":[206],"meta":{"_acf_changed":false},"product_brand":[],"product_cat":[48],"product_tag":[16587],"flavours":[195],"nicotine":[211,232],"class_list":{"0":"post-8242","1":"product","2":"type-product","3":"status-publish","4":"has-post-thumbnail","6":"product_cat-velo","7":"product_tag-10-mg-pouch","8":"pa_quantity-1-pack","9":"pa_quantity-10-pack","10":"pa_quantity-3-pack","11":"pa_quantity-30-pack","12":"pa_quantity-5-pack","13":"pa_quantity-60-pack","14":"flavours-flower","15":"format-slim","16":"nicotine-14-mg-g","17":"nicotine-extra-strong","19":"first","20":"instock","21":"taxable","22":"shipping-taxable","23":"product-type-variable"},"acf":[],"_links":{"self":[{"href":"https:\/\/whitelip.com\/es\/wp-json\/wp\/v2\/product\/8242","targetHints":{"allow":["GET"]}}],"collection":[{"href":"https:\/\/whitelip.com\/es\/wp-json\/wp\/v2\/product"}],"about":[{"href":"https:\/\/whitelip.com\/es\/wp-json\/wp\/v2\/types\/product"}],"replies":[{"embeddable":true,"href":"https:\/\/whitelip.com\/es\/wp-json\/wp\/v2\/comments?post=8242"}],"wp:featuredmedia":[{"embeddable":true,"href":"https:\/\/whitelip.com\/es\/wp-json\/wp\/v2\/media\/8243"}],"wp:attachment":[{"href":"https:\/\/whitelip.com\/es\/wp-json\/wp\/v2\/media?parent=8242"}],"wp:term":[{"taxonomy":"product_brand","embeddable":true,"href":"https:\/\/whitelip.com\/es\/wp-json\/wp\/v2\/product_brand?post=8242"},{"taxonomy":"product_cat","embeddable":true,"href":"https:\/\/whitelip.com\/es\/wp-json\/wp\/v2\/product_cat?post=8242"},{"taxonomy":"product_tag","embeddable":true,"href":"https:\/\/whitelip.com\/es\/wp-json\/wp\/v2\/product_tag?post=8242"},{"taxonomy":"flavours","embeddable":true,"href":"https:\/\/whitelip.com\/es\/wp-json\/wp\/v2\/flavours?post=8242"},{"taxonomy":"format","embeddable":true,"href":"https:\/\/whitelip.com\/es\/wp-json\/wp\/v2\/format?post=8242"},{"taxonomy":"nicotine","embeddable":true,"href":"https:\/\/whitelip.com\/es\/wp-json\/wp\/v2\/nicotine?post=8242"}],"curies":[{"name":"wp","href":"https:\/\/api.w.org\/{rel}","templated":true}]}}