{"id":8232,"date":"2024-12-20T19:39:11","date_gmt":"2024-12-20T19:39:11","guid":{"rendered":"https:\/\/whitelip.com\/xqs-citrus-cooling-light\/"},"modified":"2026-04-29T01:50:14","modified_gmt":"2026-04-29T01:50:14","slug":"xqs-citrus-cooling-light","status":"publish","type":"product","link":"https:\/\/whitelip.com\/es\/xqs\/xqs-citrus-cooling-light\/","title":{"rendered":"Luz refrigerante XQS Citrus"},"content":{"rendered":"<h2><b>Luz refrigerante XQS Citrus<\/b><\/h2>\n<p><span style=\"font-weight: 400;\">XQS Citrus Cooling Light proporciona un <\/span><b>sabroso sabor a c\u00edtricos<\/b><span style=\"font-weight: 400;\"> combinado con una refrescante sensaci\u00f3n de fr\u00edo, creando una experiencia nicot\u00ednica ligera y vigorizante. Las notas brillantes de lim\u00f3n y lima se mezclan suavemente con un toque crujiente de mentol, ofreciendo un sabor equilibrado y estimulante. Con <\/span><b>4 mg de nicotina por bolsa<\/b><span style=\"font-weight: 400;\">, Este producto proporciona una liberaci\u00f3n suave y constante, ideal para los usuarios que buscan una opci\u00f3n m\u00e1s ligera.<\/span><\/p>\n<p><span style=\"font-weight: 400;\">Su formato fino garantiza un ajuste discreto y c\u00f3modo bajo el labio, permitiendo un uso limpio y sin manchas en cualquier momento. Fabricado totalmente sin tabaco y con materiales vegetales de alta calidad, XQS Citrus Cooling Light es una alternativa moderna a la nicotina para los usuarios que disfrutan de una sutil combinaci\u00f3n de frescura c\u00edtrica y claridad refrescante.<\/span><\/p>\n<table>\n<tbody>\n<tr>\n<td><b>Atributo<\/b><\/td>\n<td><b>Detalles<\/b><\/td>\n<\/tr>\n<tr>\n<td><b>Marca<\/b><\/td>\n<td><span style=\"font-weight: 400;\">XQS<\/span><\/td>\n<\/tr>\n<tr>\n<td><b>Tipo de producto<\/b><\/td>\n<td><span style=\"font-weight: 400;\">Todas las bolsas de nicotina blancas<\/span><\/td>\n<\/tr>\n<tr>\n<td><b>Formato<\/b><\/td>\n<td><span style=\"font-weight: 400;\">Delgado<\/span><\/td>\n<\/tr>\n<tr>\n<td><b>Sabor<\/b><\/td>\n<td><span style=\"font-weight: 400;\">C\u00edtrico y Refrescante<\/span><\/td>\n<\/tr>\n<tr>\n<td><b>Potencia de nicotina<\/b><\/td>\n<td><span style=\"font-weight: 400;\">4 mg por sobre (5 mg\/g)<\/span><\/td>\n<\/tr>\n<tr>\n<td><b>Peso de la raci\u00f3n<\/b><\/td>\n<td><span style=\"font-weight: 400;\">0.75 gramos<\/span><\/td>\n<\/tr>\n<tr>\n<td><b>N\u00famero de porciones<\/b><\/td>\n<td><span style=\"font-weight: 400;\">20 por lata<\/span><\/td>\n<\/tr>\n<tr>\n<td><b>Peso total de la lata<\/b><\/td>\n<td><span style=\"font-weight: 400;\">15 gramos<\/span><\/td>\n<\/tr>\n<tr>\n<td><b>Fabricante<\/b><\/td>\n<td><span style=\"font-weight: 400;\">XQS International<\/span><\/td>\n<\/tr>\n<tr>\n<td><b>Caracter\u00edsticas notables<\/b><\/td>\n<td><span style=\"font-weight: 400;\">Libre de tabaco, formato slim, sabor c\u00edtrico fresco con un toque refrescante de menta<\/span><\/td>\n<\/tr>\n<\/tbody>\n<\/table>","protected":false},"excerpt":{"rendered":"<p>XQS <strong data-start=\"4\" data-end=\"22\">Enfriamiento de c\u00edtricos<\/strong> <strong data-start=\"23\" data-end=\"32\">Luz<\/strong> ofrece una sabrosa lima-lim\u00f3n con un refrescante toque de frescor. El <strong data-start=\"96\" data-end=\"104\">delgado<\/strong>, Las bolsas blancas son discretas y c\u00f3modas. Cada bolsa contiene <strong data-start=\"174\" data-end=\"191\">4 mg de nicotina<\/strong> para una liberaci\u00f3n suave y constante.<\/p>","protected":false},"featured_media":8233,"comment_status":"open","ping_status":"closed","template":"","format":[206],"meta":{"_acf_changed":false},"product_brand":[],"product_cat":[27],"product_tag":[16585],"flavours":[190],"nicotine":[230,236],"class_list":{"0":"post-8232","1":"product","2":"type-product","3":"status-publish","4":"has-post-thumbnail","6":"product_cat-xqs","7":"product_tag-4-mg-pouch","8":"pa_quantity-1-pack","9":"pa_quantity-10-pack","10":"pa_quantity-3-pack","11":"pa_quantity-30-pack","12":"pa_quantity-5-pack","13":"pa_quantity-60-pack","14":"flavours-citrus","15":"format-slim","16":"nicotine-8-mg-g","17":"nicotine-strong","19":"first","20":"instock","21":"taxable","22":"shipping-taxable","23":"purchasable","24":"product-type-variable"},"acf":[],"_links":{"self":[{"href":"https:\/\/whitelip.com\/es\/wp-json\/wp\/v2\/product\/8232","targetHints":{"allow":["GET"]}}],"collection":[{"href":"https:\/\/whitelip.com\/es\/wp-json\/wp\/v2\/product"}],"about":[{"href":"https:\/\/whitelip.com\/es\/wp-json\/wp\/v2\/types\/product"}],"replies":[{"embeddable":true,"href":"https:\/\/whitelip.com\/es\/wp-json\/wp\/v2\/comments?post=8232"}],"wp:featuredmedia":[{"embeddable":true,"href":"https:\/\/whitelip.com\/es\/wp-json\/wp\/v2\/media\/8233"}],"wp:attachment":[{"href":"https:\/\/whitelip.com\/es\/wp-json\/wp\/v2\/media?parent=8232"}],"wp:term":[{"taxonomy":"product_brand","embeddable":true,"href":"https:\/\/whitelip.com\/es\/wp-json\/wp\/v2\/product_brand?post=8232"},{"taxonomy":"product_cat","embeddable":true,"href":"https:\/\/whitelip.com\/es\/wp-json\/wp\/v2\/product_cat?post=8232"},{"taxonomy":"product_tag","embeddable":true,"href":"https:\/\/whitelip.com\/es\/wp-json\/wp\/v2\/product_tag?post=8232"},{"taxonomy":"flavours","embeddable":true,"href":"https:\/\/whitelip.com\/es\/wp-json\/wp\/v2\/flavours?post=8232"},{"taxonomy":"format","embeddable":true,"href":"https:\/\/whitelip.com\/es\/wp-json\/wp\/v2\/format?post=8232"},{"taxonomy":"nicotine","embeddable":true,"href":"https:\/\/whitelip.com\/es\/wp-json\/wp\/v2\/nicotine?post=8232"}],"curies":[{"name":"wp","href":"https:\/\/api.w.org\/{rel}","templated":true}]}}