{"id":8222,"date":"2024-11-28T12:39:37","date_gmt":"2024-11-28T12:39:37","guid":{"rendered":"https:\/\/whitelip.com\/killa-watermelon\/"},"modified":"2026-04-21T10:11:25","modified_gmt":"2026-04-21T10:11:25","slug":"killa-watermelon","status":"publish","type":"product","link":"https:\/\/whitelip.com\/es\/killa\/killa-watermelon\/","title":{"rendered":"KILLA Sand\u00eda"},"content":{"rendered":"<h2><b>KILLA Sand\u00eda<\/b><\/h2>\n<p><span style=\"font-weight: 400;\">Las bolsitas de nicotina KILLA Sand\u00eda ofrecen una refrescante explosi\u00f3n de dulce sabor a sand\u00eda, proporcionando una experiencia satisfactoria para los usuarios que buscan un fuerte golpe de nicotina. Estas bolsitas finas y sin tabaco est\u00e1n dise\u00f1adas para un uso discreto y c\u00f3modo, por lo que son ideales para disfrutar sobre la marcha. El aut\u00e9ntico aroma y sabor a sand\u00eda proporciona una deliciosa experiencia sensorial, complementada con una potencia de nicotina equilibrada adecuada para los consumidores habituales.<\/span><\/p>\n<table>\n<tbody>\n<tr>\n<td><b>Atributo<\/b><\/td>\n<td><b>Detalles<\/b><\/td>\n<\/tr>\n<tr>\n<td><span style=\"font-weight: 400;\">Contenido por lata<\/span><\/td>\n<td><span style=\"font-weight: 400;\">14g (20 pouches)<\/span><\/td>\n<\/tr>\n<tr>\n<td><span style=\"font-weight: 400;\">Contenido de nicotina<\/span><\/td>\n<td><span style=\"font-weight: 400;\">16 mg\/g (11,2 mg por sobre)<\/span><\/td>\n<\/tr>\n<tr>\n<td><span style=\"font-weight: 400;\">Formato de bolsa<\/span><\/td>\n<td><span style=\"font-weight: 400;\">Delgado<\/span><\/td>\n<\/tr>\n<tr>\n<td><span style=\"font-weight: 400;\">Productor<\/span><\/td>\n<td><span style=\"font-weight: 400;\">NGP<\/span><\/td>\n<\/tr>\n<tr>\n<td><span style=\"font-weight: 400;\">Sabor<\/span><\/td>\n<td><span style=\"font-weight: 400;\">Sand\u00eda<\/span><\/td>\n<\/tr>\n<tr>\n<td><span style=\"font-weight: 400;\">Tipo<\/span><\/td>\n<td><span style=\"font-weight: 400;\">Bolsa blanca, Sin tabaco<\/span><\/td>\n<\/tr>\n<\/tbody>\n<\/table>","protected":false},"excerpt":{"rendered":"<p class=\"sr-only\"><span style=\"font-size: 16px;\">Refrescante, dulce <\/span><strong style=\"font-size: 16px;\" data-start=\"18\" data-end=\"32\">sand\u00eda<\/strong><span style=\"font-size: 16px;\"> para un levantamiento limpio y satisfactorio. <\/span><strong style=\"font-size: 16px;\" data-start=\"63\" data-end=\"71\">Delgado<\/strong><span style=\"font-size: 16px;\">, Las bolsitas sin tabaco se colocan discretamente bajo el labio para un uso c\u00f3modo sobre la marcha. Aroma y sabor aut\u00e9nticos con una potencia equilibrada apta para consumidores habituales. Cada sobre contiene <\/span><strong style=\"font-size: 16px;\" data-start=\"253\" data-end=\"273\">11,2 mg de nicotina<\/strong><span style=\"font-size: 16px;\"> para una experiencia s\u00f3lida y agradable.<\/span><\/p>","protected":false},"featured_media":8223,"comment_status":"open","ping_status":"closed","template":"","format":[206],"meta":{"_acf_changed":false},"product_brand":[],"product_cat":[64],"product_tag":[16577],"flavours":[196],"nicotine":[213,232],"class_list":{"0":"post-8222","1":"product","2":"type-product","3":"status-publish","4":"has-post-thumbnail","6":"product_cat-killa","7":"product_tag-11-2-mg-pouch","8":"pa_quantity-1-pack","9":"pa_quantity-10-pack","10":"pa_quantity-3-pack","11":"pa_quantity-30-pack","12":"pa_quantity-5-pack","13":"pa_quantity-60-pack","14":"flavours-fruits-berries","15":"format-slim","16":"nicotine-16-mg-g","17":"nicotine-extra-strong","19":"first","20":"instock","21":"taxable","22":"shipping-taxable","23":"purchasable","24":"product-type-variable"},"acf":[],"_links":{"self":[{"href":"https:\/\/whitelip.com\/es\/wp-json\/wp\/v2\/product\/8222","targetHints":{"allow":["GET"]}}],"collection":[{"href":"https:\/\/whitelip.com\/es\/wp-json\/wp\/v2\/product"}],"about":[{"href":"https:\/\/whitelip.com\/es\/wp-json\/wp\/v2\/types\/product"}],"replies":[{"embeddable":true,"href":"https:\/\/whitelip.com\/es\/wp-json\/wp\/v2\/comments?post=8222"}],"wp:featuredmedia":[{"embeddable":true,"href":"https:\/\/whitelip.com\/es\/wp-json\/wp\/v2\/media\/8223"}],"wp:attachment":[{"href":"https:\/\/whitelip.com\/es\/wp-json\/wp\/v2\/media?parent=8222"}],"wp:term":[{"taxonomy":"product_brand","embeddable":true,"href":"https:\/\/whitelip.com\/es\/wp-json\/wp\/v2\/product_brand?post=8222"},{"taxonomy":"product_cat","embeddable":true,"href":"https:\/\/whitelip.com\/es\/wp-json\/wp\/v2\/product_cat?post=8222"},{"taxonomy":"product_tag","embeddable":true,"href":"https:\/\/whitelip.com\/es\/wp-json\/wp\/v2\/product_tag?post=8222"},{"taxonomy":"flavours","embeddable":true,"href":"https:\/\/whitelip.com\/es\/wp-json\/wp\/v2\/flavours?post=8222"},{"taxonomy":"format","embeddable":true,"href":"https:\/\/whitelip.com\/es\/wp-json\/wp\/v2\/format?post=8222"},{"taxonomy":"nicotine","embeddable":true,"href":"https:\/\/whitelip.com\/es\/wp-json\/wp\/v2\/nicotine?post=8222"}],"curies":[{"name":"wp","href":"https:\/\/api.w.org\/{rel}","templated":true}]}}