{"id":8214,"date":"2024-11-28T12:39:36","date_gmt":"2024-11-28T12:39:36","guid":{"rendered":"https:\/\/whitelip.com\/killa-melon\/"},"modified":"2026-04-21T10:11:25","modified_gmt":"2026-04-21T10:11:25","slug":"killa-melon","status":"publish","type":"product","link":"https:\/\/whitelip.com\/es\/killa\/killa-melon\/","title":{"rendered":"KILLA Mel\u00f3n"},"content":{"rendered":"<h2><strong>KILLA Mel\u00f3n<\/strong><\/h2>\n<p>KILLA Melon \u2013 Siente el fr\u00edo g\u00e9lido bajo tu labio con el sabor del mel\u00f3n refrescante. La lata contiene 20 bolsitas slim con una concentraci\u00f3n de nicotina de 16 mg\/g.<\/p>\n<ul>\n<li>Sabor: Mel\u00f3n<\/li>\n<li>Formato: Slim<\/li>\n<li>Bolsas: 20 unidades<\/li>\n<li>Nicotina: 16 mg\/g<\/li>\n<li>Peso: 16 g<\/li>\n<li>Marca: <a href=\"https:\/\/whitelip.com\/es\/killa\/\">Killa<\/a><\/li>\n<li>Fabricante: <a href=\"https:\/\/ngpeurope.eu\/en\/\" target=\"_blank\" rel=\"noopener\">N.G.P EUROPA<\/a><\/li>\n<\/ul>\n<p><em><strong>Acerca de la marca: KILLA<\/strong><\/em><\/p>\n<p>Explora las bolsitas de nicotina KILLA asequibles y de alta calidad \u2013 una gama econ\u00f3mica que no compromete la calidad. Con varios sabores emocionantes y concentraciones de nicotina disponibles, KILLA ofrece una soluci\u00f3n asequible y satisfactoria para satisfacer tus necesidades de nicotina. Explora nuestro rango de bolsitas de nicotina KILLA baratas y disfruta de una experiencia de nicotina asequible y sabrosa en cualquier momento y lugar.<\/p>\n<p><em><strong>Acerca de Whitelip.se:\u00a0<\/strong><\/em><\/p>\n<p><span data-contrast=\"auto\">Bienvenido a Whitelip.se, su destino definitivo para bolsas de nicotina de alta calidad. Explore nuestra amplia gama de productos dise\u00f1ados para satisfacer sus necesidades de nicotina, con entrega a los Estados Unidos y Europa convenientemente disponibles con opciones de env\u00edo gratuito en la caja. Aumente su satisfacci\u00f3n con cada compra, ya que le ofrecemos marcas de primera categor\u00eda y una entrega perfecta a domicilio. Experimente la m\u00e1xima comodidad y la mejor calidad s\u00f3lo en Whitelip.se. Compre ahora y disfrute del placer de las bolsas de nicotina blancas de primera calidad.<\/span><\/p>","protected":false},"excerpt":{"rendered":"<p>Refrigeraci\u00f3n <strong data-start=\"8\" data-end=\"17\">mel\u00f3n<\/strong> con un sabor helado y refrescante. <strong data-start=\"56\" data-end=\"64\">Delgado<\/strong>, Las bolsitas sin tabaco se colocan discretamente bajo el labio para una experiencia limpia y suave. Cada bolsita contiene <strong data-start=\"168\" data-end=\"188\">16 mg\/g nicotina<\/strong>, ...dando una patada fuerte y satisfactoria; <strong data-start=\"228\" data-end=\"250\">20 bolsas por lata<\/strong>.<\/p>","protected":false},"featured_media":8215,"comment_status":"open","ping_status":"closed","template":"","format":[206],"meta":{"_acf_changed":false},"product_brand":[],"product_cat":[64],"product_tag":[16676],"flavours":[196],"nicotine":[213,232],"class_list":{"0":"post-8214","1":"product","2":"type-product","3":"status-publish","4":"has-post-thumbnail","6":"product_cat-killa","7":"product_tag-12-8-mg-pouch","8":"pa_quantity-1-pack","9":"pa_quantity-10-pack","10":"pa_quantity-3-pack","11":"pa_quantity-30-pack","12":"pa_quantity-5-pack","13":"pa_quantity-60-pack","14":"flavours-fruits-berries","15":"format-slim","16":"nicotine-16-mg-g","17":"nicotine-extra-strong","19":"first","20":"instock","21":"taxable","22":"shipping-taxable","23":"purchasable","24":"product-type-variable"},"acf":[],"_links":{"self":[{"href":"https:\/\/whitelip.com\/es\/wp-json\/wp\/v2\/product\/8214","targetHints":{"allow":["GET"]}}],"collection":[{"href":"https:\/\/whitelip.com\/es\/wp-json\/wp\/v2\/product"}],"about":[{"href":"https:\/\/whitelip.com\/es\/wp-json\/wp\/v2\/types\/product"}],"replies":[{"embeddable":true,"href":"https:\/\/whitelip.com\/es\/wp-json\/wp\/v2\/comments?post=8214"}],"wp:featuredmedia":[{"embeddable":true,"href":"https:\/\/whitelip.com\/es\/wp-json\/wp\/v2\/media\/8215"}],"wp:attachment":[{"href":"https:\/\/whitelip.com\/es\/wp-json\/wp\/v2\/media?parent=8214"}],"wp:term":[{"taxonomy":"product_brand","embeddable":true,"href":"https:\/\/whitelip.com\/es\/wp-json\/wp\/v2\/product_brand?post=8214"},{"taxonomy":"product_cat","embeddable":true,"href":"https:\/\/whitelip.com\/es\/wp-json\/wp\/v2\/product_cat?post=8214"},{"taxonomy":"product_tag","embeddable":true,"href":"https:\/\/whitelip.com\/es\/wp-json\/wp\/v2\/product_tag?post=8214"},{"taxonomy":"flavours","embeddable":true,"href":"https:\/\/whitelip.com\/es\/wp-json\/wp\/v2\/flavours?post=8214"},{"taxonomy":"format","embeddable":true,"href":"https:\/\/whitelip.com\/es\/wp-json\/wp\/v2\/format?post=8214"},{"taxonomy":"nicotine","embeddable":true,"href":"https:\/\/whitelip.com\/es\/wp-json\/wp\/v2\/nicotine?post=8214"}],"curies":[{"name":"wp","href":"https:\/\/api.w.org\/{rel}","templated":true}]}}