{"id":8198,"date":"2024-11-28T12:39:13","date_gmt":"2024-11-28T12:39:13","guid":{"rendered":"https:\/\/whitelip.com\/hit-apelsin\/"},"modified":"2026-03-09T19:03:06","modified_gmt":"2026-03-09T19:03:06","slug":"hit-apelsin","status":"publish","type":"product","link":"https:\/\/whitelip.com\/es\/hit\/hit-apelsin\/","title":{"rendered":"HIT Naranja"},"content":{"rendered":"<h2><b>HIT Naranja<\/b><\/h2>\n<p><span style=\"font-weight: 400;\">Las bolsitas de nicotina HIT Naranja ofrecen un sabor a naranja refrescante y natural, proporcionando una mezcla equilibrada de dulzura y acidez. Cada bolsita de formato delgado contiene 20 mg de nicotina por gramo, equivalente a aproximadamente 15 mg por bolsita, proporcionando una experiencia potente adecuada para usuarios experimentados. Las bolsitas est\u00e1n dise\u00f1adas para un uso discreto sin manchar los dientes, siendo ideales para disfrutar sobre la marcha. Producidas por HIT, un fabricante sueco conocido por combinar m\u00e9todos contempor\u00e1neos con calidad tradicional, estas bolsitas ejemplifican altos est\u00e1ndares y combinaciones de sabores innovadores.<\/span><\/p>\n<table>\n<tbody>\n<tr>\n<td><b>Atributo<\/b><\/td>\n<td><b>Detalles<\/b><\/td>\n<\/tr>\n<tr>\n<td><b>Contenido por lata<\/b><\/td>\n<td><span style=\"font-weight: 400;\">15g (20 bolsitas)<\/span><\/td>\n<\/tr>\n<tr>\n<td><b>Contenido de nicotina<\/b><\/td>\n<td><span style=\"font-weight: 400;\">20 mg\/g (15 mg por bolsita)<\/span><\/td>\n<\/tr>\n<tr>\n<td><b>Formato bolsa<\/b><\/td>\n<td><span style=\"font-weight: 400;\">Delgado<\/span><\/td>\n<\/tr>\n<tr>\n<td><b>Productor<\/b><\/td>\n<td><span style=\"font-weight: 400;\">HIT<\/span><\/td>\n<\/tr>\n<tr>\n<td><b>Sabor<\/b><\/td>\n<td><span style=\"font-weight: 400;\">Naranja<\/span><\/td>\n<\/tr>\n<tr>\n<td><b>Tipo<\/b><\/td>\n<td><span style=\"font-weight: 400;\">Bolsa blanca<\/span><\/td>\n<\/tr>\n<\/tbody>\n<\/table>","protected":false},"excerpt":{"rendered":"<p>Refrescante, natural <strong data-start=\"20\" data-end=\"30\">naranja<\/strong> con un perfil dulce y ligeramente \u00e1cido equilibrado. <strong data-start=\"68\" data-end=\"76\">Delgado<\/strong>, Las bolsitas, totalmente blancas y sin tabaco, se colocan discretamente bajo el labio y no manchan los dientes. Cada bolsa contiene <strong data-start=\"182\" data-end=\"201\">~15 mg de nicotina<\/strong> (20 mg\/g), proporcionando una experiencia potente para usuarios experimentados. Producido por GN HIT (Suecia).<\/p>","protected":false},"featured_media":8199,"comment_status":"open","ping_status":"closed","template":"","format":[206],"meta":{"_acf_changed":false},"product_brand":[],"product_cat":[66],"product_tag":[16571],"flavours":[190],"nicotine":[218,232],"class_list":{"0":"post-8198","1":"product","2":"type-product","3":"status-publish","4":"has-post-thumbnail","6":"product_cat-hit","7":"product_tag-15-mg-pouch","8":"pa_quantity-1-pack","9":"pa_quantity-10-pack","10":"pa_quantity-3-pack","11":"pa_quantity-30-pack","12":"pa_quantity-5-pack","13":"pa_quantity-60-pack","14":"flavours-citrus","15":"format-slim","16":"nicotine-20-mg-g","17":"nicotine-extra-strong","19":"first","20":"outofstock","21":"taxable","22":"shipping-taxable","23":"purchasable","24":"product-type-variable"},"acf":[],"_links":{"self":[{"href":"https:\/\/whitelip.com\/es\/wp-json\/wp\/v2\/product\/8198","targetHints":{"allow":["GET"]}}],"collection":[{"href":"https:\/\/whitelip.com\/es\/wp-json\/wp\/v2\/product"}],"about":[{"href":"https:\/\/whitelip.com\/es\/wp-json\/wp\/v2\/types\/product"}],"replies":[{"embeddable":true,"href":"https:\/\/whitelip.com\/es\/wp-json\/wp\/v2\/comments?post=8198"}],"wp:featuredmedia":[{"embeddable":true,"href":"https:\/\/whitelip.com\/es\/wp-json\/wp\/v2\/media\/8199"}],"wp:attachment":[{"href":"https:\/\/whitelip.com\/es\/wp-json\/wp\/v2\/media?parent=8198"}],"wp:term":[{"taxonomy":"product_brand","embeddable":true,"href":"https:\/\/whitelip.com\/es\/wp-json\/wp\/v2\/product_brand?post=8198"},{"taxonomy":"product_cat","embeddable":true,"href":"https:\/\/whitelip.com\/es\/wp-json\/wp\/v2\/product_cat?post=8198"},{"taxonomy":"product_tag","embeddable":true,"href":"https:\/\/whitelip.com\/es\/wp-json\/wp\/v2\/product_tag?post=8198"},{"taxonomy":"flavours","embeddable":true,"href":"https:\/\/whitelip.com\/es\/wp-json\/wp\/v2\/flavours?post=8198"},{"taxonomy":"format","embeddable":true,"href":"https:\/\/whitelip.com\/es\/wp-json\/wp\/v2\/format?post=8198"},{"taxonomy":"nicotine","embeddable":true,"href":"https:\/\/whitelip.com\/es\/wp-json\/wp\/v2\/nicotine?post=8198"}],"curies":[{"name":"wp","href":"https:\/\/api.w.org\/{rel}","templated":true}]}}