{"id":8140,"date":"2024-11-28T12:38:25","date_gmt":"2024-11-28T12:38:25","guid":{"rendered":"https:\/\/whitelip.com\/apres-ice-tea-peach-extra-strong\/"},"modified":"2026-04-15T11:29:56","modified_gmt":"2026-04-15T11:29:56","slug":"apres-ice-tea-peach-extra-strong","status":"publish","type":"product","link":"https:\/\/whitelip.com\/es\/apres\/apres-ice-tea-peach-extra-strong\/","title":{"rendered":"APR\u00c8S T\u00e9 Helado Melocot\u00f3n Extra Fuerte"},"content":{"rendered":"<h2><b>APR\u00c8S T\u00e9 Helado Melocot\u00f3n Extra Fuerte<\/b><\/h2>\n<p><span style=\"font-weight: 400;\">Las bolsitas de nicotina APR\u00c8S Ice Tea Peach Extra Fuerte ofrecen un dulce sabor a melocot\u00f3n complementado con notas de t\u00e9 negro, proporcionando una refrescante experiencia de sabor. Cada bolsita, delgada y totalmente blanca, contiene 8,3 mg de nicotina, proporcionando una sensaci\u00f3n robusta apta para usuarios experimentados. Su discreto dise\u00f1o asegura un c\u00f3modo ajuste bajo el labio, permitiendo su uso en cualquier momento sin manchar los dientes. Producidas por APR\u00c8S Nicotine AB, estas bolsitas sin tabaco ejemplifican los est\u00e1ndares de alta calidad y las innovadoras combinaciones de sabores.<\/span><\/p>\n<table>\n<tbody>\n<tr>\n<td><b>Atributo<\/b><\/td>\n<td><b>Detalles<\/b><\/td>\n<\/tr>\n<tr>\n<td><b>Contenido por lata<\/b><\/td>\n<td><span style=\"font-weight: 400;\">11g (20 bolsitas)<\/span><\/td>\n<\/tr>\n<tr>\n<td><b>Contenido de nicotina<\/b><\/td>\n<td><span style=\"font-weight: 400;\">15 mg\/g (8,3 mg por sobre)<\/span><\/td>\n<\/tr>\n<tr>\n<td><b>Formato bolsa<\/b><\/td>\n<td><span style=\"font-weight: 400;\">Delgado<\/span><\/td>\n<\/tr>\n<tr>\n<td><b>Productor<\/b><\/td>\n<td><span style=\"font-weight: 400;\">APR\u00c8S Nicotina AB<\/span><\/td>\n<\/tr>\n<tr>\n<td><b>Sabor<\/b><\/td>\n<td><span style=\"font-weight: 400;\">Durazno y T\u00e9 Negro<\/span><\/td>\n<\/tr>\n<tr>\n<td><b>Tipo<\/b><\/td>\n<td><span style=\"font-weight: 400;\">Bolsa blanca<\/span><\/td>\n<\/tr>\n<\/tbody>\n<\/table>\n<p>\u00a0<\/p>","protected":false},"excerpt":{"rendered":"<p>Dulce <strong data-start=\"6\" data-end=\"30\">melocot\u00f3n con t\u00e9 negro<\/strong> para un fresco ambiente de t\u00e9 helado. El <strong data-start=\"62\" data-end=\"81\">delgado, <\/strong>Las bolsitas blancas se colocan discreta y c\u00f3modamente bajo el labio para poder usarlas en cualquier momento. Cada bolsa contiene <strong data-start=\"179\" data-end=\"198\">8,3 mg de nicotina<\/strong>, El efecto extra fuerte y constante de APR\u00c8S Nicotine AB.<\/p>","protected":false},"featured_media":8141,"comment_status":"open","ping_status":"closed","template":"","format":[206],"meta":{"_acf_changed":false},"product_brand":[],"product_cat":[41],"product_tag":[16553],"flavours":[196],"nicotine":[212,232],"class_list":{"0":"post-8140","1":"product","2":"type-product","3":"status-publish","4":"has-post-thumbnail","6":"product_cat-apres","7":"product_tag-8-3-mg-pouch","8":"pa_quantity-1-pack","9":"pa_quantity-10-pack","10":"pa_quantity-3-pack","11":"pa_quantity-30-pack","12":"pa_quantity-5-pack","13":"pa_quantity-60-pack","14":"flavours-fruits-berries","15":"format-slim","16":"nicotine-15-mg-g","17":"nicotine-extra-strong","19":"first","20":"instock","21":"taxable","22":"shipping-taxable","23":"purchasable","24":"product-type-variable"},"acf":[],"_links":{"self":[{"href":"https:\/\/whitelip.com\/es\/wp-json\/wp\/v2\/product\/8140","targetHints":{"allow":["GET"]}}],"collection":[{"href":"https:\/\/whitelip.com\/es\/wp-json\/wp\/v2\/product"}],"about":[{"href":"https:\/\/whitelip.com\/es\/wp-json\/wp\/v2\/types\/product"}],"replies":[{"embeddable":true,"href":"https:\/\/whitelip.com\/es\/wp-json\/wp\/v2\/comments?post=8140"}],"wp:featuredmedia":[{"embeddable":true,"href":"https:\/\/whitelip.com\/es\/wp-json\/wp\/v2\/media\/8141"}],"wp:attachment":[{"href":"https:\/\/whitelip.com\/es\/wp-json\/wp\/v2\/media?parent=8140"}],"wp:term":[{"taxonomy":"product_brand","embeddable":true,"href":"https:\/\/whitelip.com\/es\/wp-json\/wp\/v2\/product_brand?post=8140"},{"taxonomy":"product_cat","embeddable":true,"href":"https:\/\/whitelip.com\/es\/wp-json\/wp\/v2\/product_cat?post=8140"},{"taxonomy":"product_tag","embeddable":true,"href":"https:\/\/whitelip.com\/es\/wp-json\/wp\/v2\/product_tag?post=8140"},{"taxonomy":"flavours","embeddable":true,"href":"https:\/\/whitelip.com\/es\/wp-json\/wp\/v2\/flavours?post=8140"},{"taxonomy":"format","embeddable":true,"href":"https:\/\/whitelip.com\/es\/wp-json\/wp\/v2\/format?post=8140"},{"taxonomy":"nicotine","embeddable":true,"href":"https:\/\/whitelip.com\/es\/wp-json\/wp\/v2\/nicotine?post=8140"}],"curies":[{"name":"wp","href":"https:\/\/api.w.org\/{rel}","templated":true}]}}