{"id":8136,"date":"2024-11-28T12:38:03","date_gmt":"2024-11-28T12:38:03","guid":{"rendered":"https:\/\/whitelip.com\/pablo-exclusive-mango-ice-50mg\/"},"modified":"2026-04-29T10:11:05","modified_gmt":"2026-04-29T10:11:05","slug":"pablo-exclusive-mango-ice-50mg","status":"publish","type":"product","link":"https:\/\/whitelip.com\/es\/pablo\/pablo-exclusive-mango-ice-50mg\/","title":{"rendered":"PABLO Exclusivo Mango Ice 50mg"},"content":{"rendered":"<h2><b>PABLO Exclusivo Mango Ice 50mg<\/b><\/h2>\n<p><span style=\"font-weight: 400;\">Las bolsitas de nicotina PABLO Exclusive Mango Ice 50mg combinan la dulzura tropical del mango maduro con un refrescante acabado de menta helada, proporcionando un perfil de sabor \u00fanico y vigorizante. Con una potencia de nicotina excepcionalmente alta, estas finas bolsitas sin tabaco est\u00e1n pensadas para usuarios experimentados que buscan una experiencia de nicotina potente y atrevida. Dise\u00f1ado para un uso discreto y c\u00f3modo, PABLO Exclusive Mango Ice asegura una liberaci\u00f3n constante de sabor y nicotina para una sensaci\u00f3n intensa y satisfactoria.<\/span><\/p>\n<table>\n<tbody>\n<tr>\n<td><b>Atributo<\/b><\/td>\n<td><b>Detalles<\/b><\/td>\n<\/tr>\n<tr>\n<td><span style=\"font-weight: 400;\">Contenido por lata<\/span><\/td>\n<td><span style=\"font-weight: 400;\">12g (20 pouches)<\/span><\/td>\n<\/tr>\n<tr>\n<td><span style=\"font-weight: 400;\">Contenido de nicotina<\/span><\/td>\n<td><span style=\"font-weight: 400;\">50 mg\/g (30 mg por bolsita)<\/span><\/td>\n<\/tr>\n<tr>\n<td><span style=\"font-weight: 400;\">Formato de bolsa<\/span><\/td>\n<td><span style=\"font-weight: 400;\">Delgado<\/span><\/td>\n<\/tr>\n<tr>\n<td><span style=\"font-weight: 400;\">Productor<\/span><\/td>\n<td><span style=\"font-weight: 400;\">N.G.P Empire<\/span><\/td>\n<\/tr>\n<tr>\n<td><span style=\"font-weight: 400;\">Sabor<\/span><\/td>\n<td><span style=\"font-weight: 400;\">Mango con Menta Helada<\/span><\/td>\n<\/tr>\n<tr>\n<td><span style=\"font-weight: 400;\">Tipo<\/span><\/td>\n<td><span style=\"font-weight: 400;\">Bolsa blanca, Sin tabaco<\/span><\/td>\n<\/tr>\n<\/tbody>\n<\/table>","protected":false},"excerpt":{"rendered":"<p>Las bolsitas de nicotina PABLO Exclusive Mango Ice 50mg ofrecen un sabor tropical. <strong data-start=\"67\" data-end=\"80\">Mango Ice<\/strong> con un refrescante sabor a menta. <strong data-start=\"118\" data-end=\"126\">Delgado<\/strong>, formato sin tabaco para un uso discreto y c\u00f3modo y una liberaci\u00f3n limpia y constante. Cada bolsita contiene <strong data-start=\"227\" data-end=\"245\">30 mg de nicotina<\/strong>.<\/p>","protected":false},"featured_media":8137,"comment_status":"open","ping_status":"closed","template":"","format":[206],"meta":{"_acf_changed":false},"product_brand":[],"product_cat":[44],"product_tag":[16605],"flavours":[196],"nicotine":[226,233],"class_list":{"0":"post-8136","1":"product","2":"type-product","3":"status-publish","4":"has-post-thumbnail","6":"product_cat-pablo","7":"product_tag-30-mg-pouch","8":"pa_quantity-1-pack","9":"pa_quantity-10-pack","10":"pa_quantity-3-pack","11":"pa_quantity-30-pack","12":"pa_quantity-5-pack","13":"pa_quantity-60-pack","14":"flavours-fruits-berries","15":"format-slim","16":"nicotine-50-mg-g","17":"nicotine-extreme","19":"first","20":"instock","21":"taxable","22":"shipping-taxable","23":"purchasable","24":"product-type-variable"},"acf":[],"_links":{"self":[{"href":"https:\/\/whitelip.com\/es\/wp-json\/wp\/v2\/product\/8136","targetHints":{"allow":["GET"]}}],"collection":[{"href":"https:\/\/whitelip.com\/es\/wp-json\/wp\/v2\/product"}],"about":[{"href":"https:\/\/whitelip.com\/es\/wp-json\/wp\/v2\/types\/product"}],"replies":[{"embeddable":true,"href":"https:\/\/whitelip.com\/es\/wp-json\/wp\/v2\/comments?post=8136"}],"wp:featuredmedia":[{"embeddable":true,"href":"https:\/\/whitelip.com\/es\/wp-json\/wp\/v2\/media\/8137"}],"wp:attachment":[{"href":"https:\/\/whitelip.com\/es\/wp-json\/wp\/v2\/media?parent=8136"}],"wp:term":[{"taxonomy":"product_brand","embeddable":true,"href":"https:\/\/whitelip.com\/es\/wp-json\/wp\/v2\/product_brand?post=8136"},{"taxonomy":"product_cat","embeddable":true,"href":"https:\/\/whitelip.com\/es\/wp-json\/wp\/v2\/product_cat?post=8136"},{"taxonomy":"product_tag","embeddable":true,"href":"https:\/\/whitelip.com\/es\/wp-json\/wp\/v2\/product_tag?post=8136"},{"taxonomy":"flavours","embeddable":true,"href":"https:\/\/whitelip.com\/es\/wp-json\/wp\/v2\/flavours?post=8136"},{"taxonomy":"format","embeddable":true,"href":"https:\/\/whitelip.com\/es\/wp-json\/wp\/v2\/format?post=8136"},{"taxonomy":"nicotine","embeddable":true,"href":"https:\/\/whitelip.com\/es\/wp-json\/wp\/v2\/nicotine?post=8136"}],"curies":[{"name":"wp","href":"https:\/\/api.w.org\/{rel}","templated":true}]}}