{"id":8130,"date":"2024-11-28T12:38:02","date_gmt":"2024-11-28T12:38:02","guid":{"rendered":"https:\/\/whitelip.com\/siberia-80-all-white-super-slim\/"},"modified":"2026-04-29T16:53:40","modified_gmt":"2026-04-29T16:53:40","slug":"siberia-80-all-white-super-slim","status":"publish","type":"product","link":"https:\/\/whitelip.com\/es\/siberia\/siberia-80-all-white-super-slim\/","title":{"rendered":"Siberia -80 All White Super Slim"},"content":{"rendered":"<h2><b>Siberia -80 All White Super Slim<\/b><\/h2>\n<p><span style=\"font-weight: 400;\">Las bolsas de nicotina Siberia -80 All White Super Slim ofrecen una experiencia de nicotina excepcionalmente fuerte con un fresco y refrescante sabor a menta helada. Estas bolsas s\u00faper delgadas, libres de tabaco, est\u00e1n dise\u00f1adas para la m\u00e1xima discreci\u00f3n y comodidad, encajando perfectamente bajo el labio. Dise\u00f1adas para usuarios experimentados, Siberia -80 All White Super Slim proporciona una liberaci\u00f3n limpia e intensa de sabor y nicotina sin manchar los dientes.<\/span><\/p>\n<table>\n<tbody>\n<tr>\n<td><b>Atributo<\/b><\/td>\n<td><b>Detalles<\/b><\/td>\n<\/tr>\n<tr>\n<td><span style=\"font-weight: 400;\">Contenido por lata<\/span><\/td>\n<td><span style=\"font-weight: 400;\">15g (20 bolsitas)<\/span><\/td>\n<\/tr>\n<tr>\n<td><span style=\"font-weight: 400;\">Contenido de nicotina<\/span><\/td>\n<td><span style=\"font-weight: 400;\">33 mg\/g (16,5 mg por bolsita)<\/span><\/td>\n<\/tr>\n<tr>\n<td><span style=\"font-weight: 400;\">Formato de bolsa<\/span><\/td>\n<td><span style=\"font-weight: 400;\">Super Slim<\/span><\/td>\n<\/tr>\n<tr>\n<td><span style=\"font-weight: 400;\">Productor<\/span><\/td>\n<td><span style=\"font-weight: 400;\">SIBERIA<\/span><\/td>\n<\/tr>\n<tr>\n<td><span style=\"font-weight: 400;\">Sabor<\/span><\/td>\n<td><span style=\"font-weight: 400;\">Menta helada<\/span><\/td>\n<\/tr>\n<tr>\n<td><span style=\"font-weight: 400;\">Tipo<\/span><\/td>\n<td><span style=\"font-weight: 400;\">Bolsa blanca, Sin tabaco<\/span><\/td>\n<\/tr>\n<\/tbody>\n<\/table>","protected":false},"excerpt":{"rendered":"<p>Las bolsitas de nicotina Siberia -80 All White Super Slim ofrecen un sabor excepcionalmente fuerte. <strong data-start=\"82\" data-end=\"94\">Menta helada<\/strong> sabor con un frescor crujiente y refrescante. <strong data-start=\"134\" data-end=\"142\">Delgado<\/strong>, formato sin tabaco para la m\u00e1xima discreci\u00f3n y comodidad bajo el labio. Cada bolsa contiene <strong data-start=\"234\" data-end=\"254\">16,5 mg de nicotina<\/strong>. Liberaci\u00f3n limpia e intensa sin manchar los dientes.<\/p>","protected":false},"featured_media":8131,"comment_status":"open","ping_status":"closed","template":"","format":[206],"meta":{"_acf_changed":false},"product_brand":[],"product_cat":[61],"product_tag":[16701],"flavours":[199],"nicotine":[222,233],"class_list":{"0":"post-8130","1":"product","2":"type-product","3":"status-publish","4":"has-post-thumbnail","6":"product_cat-siberia","7":"product_tag-16-5-mg-pouch","8":"pa_quantity-1-pack","9":"pa_quantity-10-pack","10":"pa_quantity-3-pack","11":"pa_quantity-30-pack","12":"pa_quantity-5-pack","13":"pa_quantity-60-pack","14":"flavours-mint","15":"format-slim","16":"nicotine-33-mg-g","17":"nicotine-extreme","19":"first","20":"instock","21":"taxable","22":"shipping-taxable","23":"purchasable","24":"product-type-variable"},"acf":[],"_links":{"self":[{"href":"https:\/\/whitelip.com\/es\/wp-json\/wp\/v2\/product\/8130","targetHints":{"allow":["GET"]}}],"collection":[{"href":"https:\/\/whitelip.com\/es\/wp-json\/wp\/v2\/product"}],"about":[{"href":"https:\/\/whitelip.com\/es\/wp-json\/wp\/v2\/types\/product"}],"replies":[{"embeddable":true,"href":"https:\/\/whitelip.com\/es\/wp-json\/wp\/v2\/comments?post=8130"}],"wp:featuredmedia":[{"embeddable":true,"href":"https:\/\/whitelip.com\/es\/wp-json\/wp\/v2\/media\/8131"}],"wp:attachment":[{"href":"https:\/\/whitelip.com\/es\/wp-json\/wp\/v2\/media?parent=8130"}],"wp:term":[{"taxonomy":"product_brand","embeddable":true,"href":"https:\/\/whitelip.com\/es\/wp-json\/wp\/v2\/product_brand?post=8130"},{"taxonomy":"product_cat","embeddable":true,"href":"https:\/\/whitelip.com\/es\/wp-json\/wp\/v2\/product_cat?post=8130"},{"taxonomy":"product_tag","embeddable":true,"href":"https:\/\/whitelip.com\/es\/wp-json\/wp\/v2\/product_tag?post=8130"},{"taxonomy":"flavours","embeddable":true,"href":"https:\/\/whitelip.com\/es\/wp-json\/wp\/v2\/flavours?post=8130"},{"taxonomy":"format","embeddable":true,"href":"https:\/\/whitelip.com\/es\/wp-json\/wp\/v2\/format?post=8130"},{"taxonomy":"nicotine","embeddable":true,"href":"https:\/\/whitelip.com\/es\/wp-json\/wp\/v2\/nicotine?post=8130"}],"curies":[{"name":"wp","href":"https:\/\/api.w.org\/{rel}","templated":true}]}}